{"id":27,"date":"2021-09-08T07:01:18","date_gmt":"2021-09-08T07:01:18","guid":{"rendered":"http:\/\/22234.femarlabs.com\/es\/?page_id=27"},"modified":"2023-01-30T10:37:36","modified_gmt":"2023-01-30T10:37:36","slug":"empresa","status":"publish","type":"page","link":"http:\/\/www.cmr-riduttori.it\/es\/empresa\/","title":{"rendered":"Empresa"},"content":{"rendered":"","protected":false},"excerpt":{"rendered":"","protected":false},"author":2,"featured_media":302,"parent":0,"menu_order":4,"comment_status":"closed","ping_status":"closed","template":"template-company.php","meta":[],"yoast_head":"<!-- This site is optimized with the Yoast SEO plugin v17.1 - https:\/\/yoast.com\/wordpress\/plugins\/seo\/ -->\n<title>Mec\u00e1nica de precisi\u00f3n en Emilia-Roma\u00f1a | CMR Riduttori<\/title>\n<meta name=\"description\" content=\"CMR Riduttori es un partner tecnol\u00f3gico en el sector de la mec\u00e1nica de precisi\u00f3n. Descubre nuestros servicios, haz clic aqu\u00ed.\" \/>\n<meta name=\"robots\" content=\"index, follow, max-snippet:-1, max-image-preview:large, max-video-preview:-1\" \/>\n<link rel=\"canonical\" href=\"http:\/\/www.cmr-riduttori.it\/es\/empresa\/\" \/>\n<meta property=\"og:locale\" content=\"es_ES\" \/>\n<meta property=\"og:type\" content=\"article\" \/>\n<meta property=\"og:title\" content=\"Mec\u00e1nica de precisi\u00f3n en Emilia-Roma\u00f1a | CMR Riduttori\" \/>\n<meta property=\"og:description\" content=\"CMR Riduttori es un partner tecnol\u00f3gico en el sector de la mec\u00e1nica de precisi\u00f3n. Descubre nuestros servicios, haz clic aqu\u00ed.\" \/>\n<meta property=\"og:url\" content=\"http:\/\/www.cmr-riduttori.it\/es\/empresa\/\" \/>\n<meta property=\"og:site_name\" content=\"CMR riduttori\" \/>\n<meta property=\"article:modified_time\" content=\"2023-01-30T10:37:36+00:00\" \/>\n<meta property=\"og:image\" content=\"http:\/\/www.cmr-riduttori.it\/es\/wp-content\/uploads\/sites\/4\/headquarters-cmr-group.jpg\" \/>\n\t<meta property=\"og:image:width\" content=\"1920\" \/>\n\t<meta property=\"og:image:height\" content=\"1280\" \/>\n<meta name=\"twitter:card\" content=\"summary_large_image\" \/>\n<script type=\"application\/ld+json\" class=\"yoast-schema-graph\">{\"@context\":\"https:\/\/schema.org\",\"@graph\":[{\"@type\":\"WebSite\",\"@id\":\"http:\/\/www.cmr-riduttori.it\/es\/#website\",\"url\":\"http:\/\/www.cmr-riduttori.it\/es\/\",\"name\":\"CMR riduttori\",\"description\":\"\",\"potentialAction\":[{\"@type\":\"SearchAction\",\"target\":{\"@type\":\"EntryPoint\",\"urlTemplate\":\"http:\/\/www.cmr-riduttori.it\/es\/?s={search_term_string}\"},\"query-input\":\"required name=search_term_string\"}],\"inLanguage\":\"es\"},{\"@type\":\"ImageObject\",\"@id\":\"http:\/\/www.cmr-riduttori.it\/es\/empresa\/#primaryimage\",\"inLanguage\":\"es\",\"url\":\"http:\/\/www.cmr-riduttori.it\/es\/wp-content\/uploads\/sites\/4\/headquarters-cmr-group.jpg\",\"contentUrl\":\"http:\/\/www.cmr-riduttori.it\/es\/wp-content\/uploads\/sites\/4\/headquarters-cmr-group.jpg\",\"width\":1920,\"height\":1280,\"caption\":\"CMR Group headquarters\"},{\"@type\":\"WebPage\",\"@id\":\"http:\/\/www.cmr-riduttori.it\/es\/empresa\/#webpage\",\"url\":\"http:\/\/www.cmr-riduttori.it\/es\/empresa\/\",\"name\":\"Mec\\u00e1nica de precisi\\u00f3n en Emilia-Roma\\u00f1a | CMR Riduttori\",\"isPartOf\":{\"@id\":\"http:\/\/www.cmr-riduttori.it\/es\/#website\"},\"primaryImageOfPage\":{\"@id\":\"http:\/\/www.cmr-riduttori.it\/es\/empresa\/#primaryimage\"},\"datePublished\":\"2021-09-08T07:01:18+00:00\",\"dateModified\":\"2023-01-30T10:37:36+00:00\",\"description\":\"CMR Riduttori es un partner tecnol\\u00f3gico en el sector de la mec\\u00e1nica de precisi\\u00f3n. Descubre nuestros servicios, haz clic aqu\\u00ed.\",\"breadcrumb\":{\"@id\":\"http:\/\/www.cmr-riduttori.it\/es\/empresa\/#breadcrumb\"},\"inLanguage\":\"es\",\"potentialAction\":[{\"@type\":\"ReadAction\",\"target\":[\"http:\/\/www.cmr-riduttori.it\/es\/empresa\/\"]}]},{\"@type\":\"BreadcrumbList\",\"@id\":\"http:\/\/www.cmr-riduttori.it\/es\/empresa\/#breadcrumb\",\"itemListElement\":[{\"@type\":\"ListItem\",\"position\":1,\"name\":\"Home\",\"item\":\"http:\/\/www.cmr-riduttori.it\/es\/\"},{\"@type\":\"ListItem\",\"position\":2,\"name\":\"Empresa\"}]}]}<\/script>\n<!-- \/ Yoast SEO plugin. -->","yoast_head_json":{"title":"Mec\u00e1nica de precisi\u00f3n en Emilia-Roma\u00f1a | CMR Riduttori","description":"CMR Riduttori es un partner tecnol\u00f3gico en el sector de la mec\u00e1nica de precisi\u00f3n. Descubre nuestros servicios, haz clic aqu\u00ed.","robots":{"index":"index","follow":"follow","max-snippet":"max-snippet:-1","max-image-preview":"max-image-preview:large","max-video-preview":"max-video-preview:-1"},"canonical":"http:\/\/www.cmr-riduttori.it\/es\/empresa\/","og_locale":"es_ES","og_type":"article","og_title":"Mec\u00e1nica de precisi\u00f3n en Emilia-Roma\u00f1a | CMR Riduttori","og_description":"CMR Riduttori es un partner tecnol\u00f3gico en el sector de la mec\u00e1nica de precisi\u00f3n. Descubre nuestros servicios, haz clic aqu\u00ed.","og_url":"http:\/\/www.cmr-riduttori.it\/es\/empresa\/","og_site_name":"CMR riduttori","article_modified_time":"2023-01-30T10:37:36+00:00","og_image":[{"width":1920,"height":1280,"url":"http:\/\/www.cmr-riduttori.it\/es\/wp-content\/uploads\/sites\/4\/headquarters-cmr-group.jpg","path":"\/home\/host\/web\/cmr-riduttori.it\/public_html\/wp-content\/uploads\/sites\/4\/headquarters-cmr-group.jpg","size":"full","id":302,"alt":"CMR Group headquarters","pixels":2457600,"type":"image\/jpeg"}],"twitter_card":"summary_large_image","schema":{"@context":"https:\/\/schema.org","@graph":[{"@type":"WebSite","@id":"http:\/\/www.cmr-riduttori.it\/es\/#website","url":"http:\/\/www.cmr-riduttori.it\/es\/","name":"CMR riduttori","description":"","potentialAction":[{"@type":"SearchAction","target":{"@type":"EntryPoint","urlTemplate":"http:\/\/www.cmr-riduttori.it\/es\/?s={search_term_string}"},"query-input":"required name=search_term_string"}],"inLanguage":"es"},{"@type":"ImageObject","@id":"http:\/\/www.cmr-riduttori.it\/es\/empresa\/#primaryimage","inLanguage":"es","url":"http:\/\/www.cmr-riduttori.it\/es\/wp-content\/uploads\/sites\/4\/headquarters-cmr-group.jpg","contentUrl":"http:\/\/www.cmr-riduttori.it\/es\/wp-content\/uploads\/sites\/4\/headquarters-cmr-group.jpg","width":1920,"height":1280,"caption":"CMR Group headquarters"},{"@type":"WebPage","@id":"http:\/\/www.cmr-riduttori.it\/es\/empresa\/#webpage","url":"http:\/\/www.cmr-riduttori.it\/es\/empresa\/","name":"Mec\u00e1nica de precisi\u00f3n en Emilia-Roma\u00f1a | CMR Riduttori","isPartOf":{"@id":"http:\/\/www.cmr-riduttori.it\/es\/#website"},"primaryImageOfPage":{"@id":"http:\/\/www.cmr-riduttori.it\/es\/empresa\/#primaryimage"},"datePublished":"2021-09-08T07:01:18+00:00","dateModified":"2023-01-30T10:37:36+00:00","description":"CMR Riduttori es un partner tecnol\u00f3gico en el sector de la mec\u00e1nica de precisi\u00f3n. Descubre nuestros servicios, haz clic aqu\u00ed.","breadcrumb":{"@id":"http:\/\/www.cmr-riduttori.it\/es\/empresa\/#breadcrumb"},"inLanguage":"es","potentialAction":[{"@type":"ReadAction","target":["http:\/\/www.cmr-riduttori.it\/es\/empresa\/"]}]},{"@type":"BreadcrumbList","@id":"http:\/\/www.cmr-riduttori.it\/es\/empresa\/#breadcrumb","itemListElement":[{"@type":"ListItem","position":1,"name":"Home","item":"http:\/\/www.cmr-riduttori.it\/es\/"},{"@type":"ListItem","position":2,"name":"Empresa"}]}]}},"_links":{"self":[{"href":"http:\/\/www.cmr-riduttori.it\/es\/wp-json\/wp\/v2\/pages\/27"}],"collection":[{"href":"http:\/\/www.cmr-riduttori.it\/es\/wp-json\/wp\/v2\/pages"}],"about":[{"href":"http:\/\/www.cmr-riduttori.it\/es\/wp-json\/wp\/v2\/types\/page"}],"author":[{"embeddable":true,"href":"http:\/\/www.cmr-riduttori.it\/es\/wp-json\/wp\/v2\/users\/2"}],"replies":[{"embeddable":true,"href":"http:\/\/www.cmr-riduttori.it\/es\/wp-json\/wp\/v2\/comments?post=27"}],"version-history":[{"count":59,"href":"http:\/\/www.cmr-riduttori.it\/es\/wp-json\/wp\/v2\/pages\/27\/revisions"}],"predecessor-version":[{"id":851,"href":"http:\/\/www.cmr-riduttori.it\/es\/wp-json\/wp\/v2\/pages\/27\/revisions\/851"}],"wp:featuredmedia":[{"embeddable":true,"href":"http:\/\/www.cmr-riduttori.it\/es\/wp-json\/wp\/v2\/media\/302"}],"wp:attachment":[{"href":"http:\/\/www.cmr-riduttori.it\/es\/wp-json\/wp\/v2\/media?parent=27"}],"curies":[{"name":"wp","href":"https:\/\/api.w.org\/{rel}","templated":true}]}}