{"id":29,"date":"2021-09-08T07:01:40","date_gmt":"2021-09-08T07:01:40","guid":{"rendered":"http:\/\/22234.femarlabs.com\/es\/?page_id=29"},"modified":"2021-11-09T16:09:11","modified_gmt":"2021-11-09T16:09:11","slug":"ingenieria","status":"publish","type":"page","link":"http:\/\/www.cmr-riduttori.it\/es\/ingenieria\/","title":{"rendered":"Ingenier\u00eda"},"content":{"rendered":"","protected":false},"excerpt":{"rendered":"","protected":false},"author":2,"featured_media":361,"parent":0,"menu_order":5,"comment_status":"closed","ping_status":"closed","template":"template-engineering.php","meta":[],"yoast_head":"<!-- This site is optimized with the Yoast SEO plugin v17.1 - https:\/\/yoast.com\/wordpress\/plugins\/seo\/ -->\n<title>Estudio del dise\u00f1o mec\u00e1nico | CMR Riduttori<\/title>\n<meta name=\"description\" content=\"Realizamos tanto transmisiones de potencia est\u00e1ndares como tambi\u00e9n sobre la base de exigencias aplicativas espec\u00edficas. \u00bfQuieres saber m\u00e1s? Haz clic aqu\u00ed.\" \/>\n<meta name=\"robots\" content=\"index, follow, max-snippet:-1, max-image-preview:large, max-video-preview:-1\" \/>\n<link rel=\"canonical\" href=\"http:\/\/www.cmr-riduttori.it\/es\/ingenieria\/\" \/>\n<meta property=\"og:locale\" content=\"es_ES\" \/>\n<meta property=\"og:type\" content=\"article\" \/>\n<meta property=\"og:title\" content=\"Estudio del dise\u00f1o mec\u00e1nico | CMR Riduttori\" \/>\n<meta property=\"og:description\" content=\"Realizamos tanto transmisiones de potencia est\u00e1ndares como tambi\u00e9n sobre la base de exigencias aplicativas espec\u00edficas. \u00bfQuieres saber m\u00e1s? Haz clic aqu\u00ed.\" \/>\n<meta property=\"og:url\" content=\"http:\/\/www.cmr-riduttori.it\/es\/ingenieria\/\" \/>\n<meta property=\"og:site_name\" content=\"CMR riduttori\" \/>\n<meta property=\"article:modified_time\" content=\"2021-11-09T16:09:11+00:00\" \/>\n<meta property=\"og:image\" content=\"http:\/\/www.cmr-riduttori.it\/es\/wp-content\/uploads\/sites\/4\/engineering-1.jpg\" \/>\n\t<meta property=\"og:image:width\" content=\"1920\" \/>\n\t<meta property=\"og:image:height\" content=\"1280\" \/>\n<meta name=\"twitter:card\" content=\"summary_large_image\" \/>\n<script type=\"application\/ld+json\" class=\"yoast-schema-graph\">{\"@context\":\"https:\/\/schema.org\",\"@graph\":[{\"@type\":\"WebSite\",\"@id\":\"http:\/\/www.cmr-riduttori.it\/es\/#website\",\"url\":\"http:\/\/www.cmr-riduttori.it\/es\/\",\"name\":\"CMR riduttori\",\"description\":\"\",\"potentialAction\":[{\"@type\":\"SearchAction\",\"target\":{\"@type\":\"EntryPoint\",\"urlTemplate\":\"http:\/\/www.cmr-riduttori.it\/es\/?s={search_term_string}\"},\"query-input\":\"required name=search_term_string\"}],\"inLanguage\":\"es\"},{\"@type\":\"ImageObject\",\"@id\":\"http:\/\/www.cmr-riduttori.it\/es\/ingenieria\/#primaryimage\",\"inLanguage\":\"es\",\"url\":\"http:\/\/www.cmr-riduttori.it\/es\/wp-content\/uploads\/sites\/4\/engineering-1.jpg\",\"contentUrl\":\"http:\/\/www.cmr-riduttori.it\/es\/wp-content\/uploads\/sites\/4\/engineering-1.jpg\",\"width\":1920,\"height\":1280,\"caption\":\"Engineering\"},{\"@type\":\"WebPage\",\"@id\":\"http:\/\/www.cmr-riduttori.it\/es\/ingenieria\/#webpage\",\"url\":\"http:\/\/www.cmr-riduttori.it\/es\/ingenieria\/\",\"name\":\"Estudio del dise\\u00f1o mec\\u00e1nico | CMR Riduttori\",\"isPartOf\":{\"@id\":\"http:\/\/www.cmr-riduttori.it\/es\/#website\"},\"primaryImageOfPage\":{\"@id\":\"http:\/\/www.cmr-riduttori.it\/es\/ingenieria\/#primaryimage\"},\"datePublished\":\"2021-09-08T07:01:40+00:00\",\"dateModified\":\"2021-11-09T16:09:11+00:00\",\"description\":\"Realizamos tanto transmisiones de potencia est\\u00e1ndares como tambi\\u00e9n sobre la base de exigencias aplicativas espec\\u00edficas. \\u00bfQuieres saber m\\u00e1s? Haz clic aqu\\u00ed.\",\"breadcrumb\":{\"@id\":\"http:\/\/www.cmr-riduttori.it\/es\/ingenieria\/#breadcrumb\"},\"inLanguage\":\"es\",\"potentialAction\":[{\"@type\":\"ReadAction\",\"target\":[\"http:\/\/www.cmr-riduttori.it\/es\/ingenieria\/\"]}]},{\"@type\":\"BreadcrumbList\",\"@id\":\"http:\/\/www.cmr-riduttori.it\/es\/ingenieria\/#breadcrumb\",\"itemListElement\":[{\"@type\":\"ListItem\",\"position\":1,\"name\":\"Home\",\"item\":\"http:\/\/www.cmr-riduttori.it\/es\/\"},{\"@type\":\"ListItem\",\"position\":2,\"name\":\"Ingenier\\u00eda\"}]}]}<\/script>\n<!-- \/ Yoast SEO plugin. -->","yoast_head_json":{"title":"Estudio del dise\u00f1o mec\u00e1nico | CMR Riduttori","description":"Realizamos tanto transmisiones de potencia est\u00e1ndares como tambi\u00e9n sobre la base de exigencias aplicativas espec\u00edficas. \u00bfQuieres saber m\u00e1s? Haz clic aqu\u00ed.","robots":{"index":"index","follow":"follow","max-snippet":"max-snippet:-1","max-image-preview":"max-image-preview:large","max-video-preview":"max-video-preview:-1"},"canonical":"http:\/\/www.cmr-riduttori.it\/es\/ingenieria\/","og_locale":"es_ES","og_type":"article","og_title":"Estudio del dise\u00f1o mec\u00e1nico | CMR Riduttori","og_description":"Realizamos tanto transmisiones de potencia est\u00e1ndares como tambi\u00e9n sobre la base de exigencias aplicativas espec\u00edficas. \u00bfQuieres saber m\u00e1s? Haz clic aqu\u00ed.","og_url":"http:\/\/www.cmr-riduttori.it\/es\/ingenieria\/","og_site_name":"CMR riduttori","article_modified_time":"2021-11-09T16:09:11+00:00","og_image":[{"width":1920,"height":1280,"url":"http:\/\/www.cmr-riduttori.it\/es\/wp-content\/uploads\/sites\/4\/engineering-1.jpg","path":"\/home\/host\/web\/cmr-riduttori.it\/public_html\/wp-content\/uploads\/sites\/4\/engineering-1.jpg","size":"full","id":361,"alt":"Engineering","pixels":2457600,"type":"image\/jpeg"}],"twitter_card":"summary_large_image","schema":{"@context":"https:\/\/schema.org","@graph":[{"@type":"WebSite","@id":"http:\/\/www.cmr-riduttori.it\/es\/#website","url":"http:\/\/www.cmr-riduttori.it\/es\/","name":"CMR riduttori","description":"","potentialAction":[{"@type":"SearchAction","target":{"@type":"EntryPoint","urlTemplate":"http:\/\/www.cmr-riduttori.it\/es\/?s={search_term_string}"},"query-input":"required name=search_term_string"}],"inLanguage":"es"},{"@type":"ImageObject","@id":"http:\/\/www.cmr-riduttori.it\/es\/ingenieria\/#primaryimage","inLanguage":"es","url":"http:\/\/www.cmr-riduttori.it\/es\/wp-content\/uploads\/sites\/4\/engineering-1.jpg","contentUrl":"http:\/\/www.cmr-riduttori.it\/es\/wp-content\/uploads\/sites\/4\/engineering-1.jpg","width":1920,"height":1280,"caption":"Engineering"},{"@type":"WebPage","@id":"http:\/\/www.cmr-riduttori.it\/es\/ingenieria\/#webpage","url":"http:\/\/www.cmr-riduttori.it\/es\/ingenieria\/","name":"Estudio del dise\u00f1o mec\u00e1nico | CMR Riduttori","isPartOf":{"@id":"http:\/\/www.cmr-riduttori.it\/es\/#website"},"primaryImageOfPage":{"@id":"http:\/\/www.cmr-riduttori.it\/es\/ingenieria\/#primaryimage"},"datePublished":"2021-09-08T07:01:40+00:00","dateModified":"2021-11-09T16:09:11+00:00","description":"Realizamos tanto transmisiones de potencia est\u00e1ndares como tambi\u00e9n sobre la base de exigencias aplicativas espec\u00edficas. \u00bfQuieres saber m\u00e1s? Haz clic aqu\u00ed.","breadcrumb":{"@id":"http:\/\/www.cmr-riduttori.it\/es\/ingenieria\/#breadcrumb"},"inLanguage":"es","potentialAction":[{"@type":"ReadAction","target":["http:\/\/www.cmr-riduttori.it\/es\/ingenieria\/"]}]},{"@type":"BreadcrumbList","@id":"http:\/\/www.cmr-riduttori.it\/es\/ingenieria\/#breadcrumb","itemListElement":[{"@type":"ListItem","position":1,"name":"Home","item":"http:\/\/www.cmr-riduttori.it\/es\/"},{"@type":"ListItem","position":2,"name":"Ingenier\u00eda"}]}]}},"_links":{"self":[{"href":"http:\/\/www.cmr-riduttori.it\/es\/wp-json\/wp\/v2\/pages\/29"}],"collection":[{"href":"http:\/\/www.cmr-riduttori.it\/es\/wp-json\/wp\/v2\/pages"}],"about":[{"href":"http:\/\/www.cmr-riduttori.it\/es\/wp-json\/wp\/v2\/types\/page"}],"author":[{"embeddable":true,"href":"http:\/\/www.cmr-riduttori.it\/es\/wp-json\/wp\/v2\/users\/2"}],"replies":[{"embeddable":true,"href":"http:\/\/www.cmr-riduttori.it\/es\/wp-json\/wp\/v2\/comments?post=29"}],"version-history":[{"count":33,"href":"http:\/\/www.cmr-riduttori.it\/es\/wp-json\/wp\/v2\/pages\/29\/revisions"}],"predecessor-version":[{"id":779,"href":"http:\/\/www.cmr-riduttori.it\/es\/wp-json\/wp\/v2\/pages\/29\/revisions\/779"}],"wp:featuredmedia":[{"embeddable":true,"href":"http:\/\/www.cmr-riduttori.it\/es\/wp-json\/wp\/v2\/media\/361"}],"wp:attachment":[{"href":"http:\/\/www.cmr-riduttori.it\/es\/wp-json\/wp\/v2\/media?parent=29"}],"curies":[{"name":"wp","href":"https:\/\/api.w.org\/{rel}","templated":true}]}}