{"id":9,"date":"2021-09-08T06:58:44","date_gmt":"2021-09-08T06:58:44","guid":{"rendered":"http:\/\/22234.femarlabs.com\/es\/home\/"},"modified":"2023-08-28T08:44:39","modified_gmt":"2023-08-28T08:44:39","slug":"home","status":"publish","type":"page","link":"http:\/\/www.cmr-riduttori.it\/es\/","title":{"rendered":"Homepage"},"content":{"rendered":"","protected":false},"excerpt":{"rendered":"","protected":false},"author":2,"featured_media":477,"parent":0,"menu_order":3,"comment_status":"closed","ping_status":"closed","template":"template-home.php","meta":[],"yoast_head":"<!-- This site is optimized with the Yoast SEO plugin v17.1 - https:\/\/yoast.com\/wordpress\/plugins\/seo\/ -->\n<title>Industria mec\u00e1nica en Italia | CMR Riduttori<\/title>\n<meta name=\"description\" content=\"CMR Riduttori es l\u00edder en Italia en la producci\u00f3n de reductores mec\u00e1nicos. \u00bfQuieres saber m\u00e1s? Haz clic aqu\u00ed.\" \/>\n<meta name=\"robots\" content=\"index, follow, max-snippet:-1, max-image-preview:large, max-video-preview:-1\" \/>\n<link rel=\"canonical\" href=\"http:\/\/www.cmr-riduttori.it\/es\/\" \/>\n<meta property=\"og:locale\" content=\"es_ES\" \/>\n<meta property=\"og:type\" content=\"article\" \/>\n<meta property=\"og:title\" content=\"Industria mec\u00e1nica en Italia | CMR Riduttori\" \/>\n<meta property=\"og:description\" content=\"CMR Riduttori es l\u00edder en Italia en la producci\u00f3n de reductores mec\u00e1nicos. \u00bfQuieres saber m\u00e1s? Haz clic aqu\u00ed.\" \/>\n<meta property=\"og:url\" content=\"http:\/\/www.cmr-riduttori.it\/es\/\" \/>\n<meta property=\"og:site_name\" content=\"CMR riduttori\" \/>\n<meta property=\"article:modified_time\" content=\"2023-08-28T08:44:39+00:00\" \/>\n<meta property=\"og:image\" content=\"http:\/\/www.cmr-riduttori.it\/es\/wp-content\/uploads\/sites\/4\/vite-senza-fine-corona-bronzo.jpg\" \/>\n\t<meta property=\"og:image:width\" content=\"1920\" \/>\n\t<meta property=\"og:image:height\" content=\"1280\" \/>\n<meta name=\"twitter:card\" content=\"summary_large_image\" \/>\n<script type=\"application\/ld+json\" class=\"yoast-schema-graph\">{\"@context\":\"https:\/\/schema.org\",\"@graph\":[{\"@type\":\"WebSite\",\"@id\":\"http:\/\/www.cmr-riduttori.it\/es\/#website\",\"url\":\"http:\/\/www.cmr-riduttori.it\/es\/\",\"name\":\"CMR riduttori\",\"description\":\"\",\"potentialAction\":[{\"@type\":\"SearchAction\",\"target\":{\"@type\":\"EntryPoint\",\"urlTemplate\":\"http:\/\/www.cmr-riduttori.it\/es\/?s={search_term_string}\"},\"query-input\":\"required name=search_term_string\"}],\"inLanguage\":\"es\"},{\"@type\":\"ImageObject\",\"@id\":\"http:\/\/www.cmr-riduttori.it\/es\/#primaryimage\",\"inLanguage\":\"es\",\"url\":\"http:\/\/www.cmr-riduttori.it\/es\/wp-content\/uploads\/sites\/4\/vite-senza-fine-corona-bronzo.jpg\",\"contentUrl\":\"http:\/\/www.cmr-riduttori.it\/es\/wp-content\/uploads\/sites\/4\/vite-senza-fine-corona-bronzo.jpg\",\"width\":1920,\"height\":1280,\"caption\":\"Vite senza fine + Corona in bronzo\"},{\"@type\":\"WebPage\",\"@id\":\"http:\/\/www.cmr-riduttori.it\/es\/#webpage\",\"url\":\"http:\/\/www.cmr-riduttori.it\/es\/\",\"name\":\"Industria mec\\u00e1nica en Italia | CMR Riduttori\",\"isPartOf\":{\"@id\":\"http:\/\/www.cmr-riduttori.it\/es\/#website\"},\"primaryImageOfPage\":{\"@id\":\"http:\/\/www.cmr-riduttori.it\/es\/#primaryimage\"},\"datePublished\":\"2021-09-08T06:58:44+00:00\",\"dateModified\":\"2023-08-28T08:44:39+00:00\",\"description\":\"CMR Riduttori es l\\u00edder en Italia en la producci\\u00f3n de reductores mec\\u00e1nicos. \\u00bfQuieres saber m\\u00e1s? Haz clic aqu\\u00ed.\",\"breadcrumb\":{\"@id\":\"http:\/\/www.cmr-riduttori.it\/es\/#breadcrumb\"},\"inLanguage\":\"es\",\"potentialAction\":[{\"@type\":\"ReadAction\",\"target\":[\"http:\/\/www.cmr-riduttori.it\/es\/\"]}]},{\"@type\":\"BreadcrumbList\",\"@id\":\"http:\/\/www.cmr-riduttori.it\/es\/#breadcrumb\",\"itemListElement\":[{\"@type\":\"ListItem\",\"position\":1,\"name\":\"Home\",\"item\":\"http:\/\/www.cmr-riduttori.it\/es\/\"},{\"@type\":\"ListItem\",\"position\":2,\"name\":\"Homepage\"}]}]}<\/script>\n<!-- \/ Yoast SEO plugin. -->","yoast_head_json":{"title":"Industria mec\u00e1nica en Italia | CMR Riduttori","description":"CMR Riduttori es l\u00edder en Italia en la producci\u00f3n de reductores mec\u00e1nicos. \u00bfQuieres saber m\u00e1s? Haz clic aqu\u00ed.","robots":{"index":"index","follow":"follow","max-snippet":"max-snippet:-1","max-image-preview":"max-image-preview:large","max-video-preview":"max-video-preview:-1"},"canonical":"http:\/\/www.cmr-riduttori.it\/es\/","og_locale":"es_ES","og_type":"article","og_title":"Industria mec\u00e1nica en Italia | CMR Riduttori","og_description":"CMR Riduttori es l\u00edder en Italia en la producci\u00f3n de reductores mec\u00e1nicos. \u00bfQuieres saber m\u00e1s? Haz clic aqu\u00ed.","og_url":"http:\/\/www.cmr-riduttori.it\/es\/","og_site_name":"CMR riduttori","article_modified_time":"2023-08-28T08:44:39+00:00","og_image":[{"width":1920,"height":1280,"url":"http:\/\/www.cmr-riduttori.it\/es\/wp-content\/uploads\/sites\/4\/vite-senza-fine-corona-bronzo.jpg","path":"\/home\/host\/web\/cmr-riduttori.it\/public_html\/wp-content\/uploads\/sites\/4\/vite-senza-fine-corona-bronzo.jpg","size":"full","id":477,"alt":"Vite senza fine + Corona in bronzo","pixels":2457600,"type":"image\/jpeg"}],"twitter_card":"summary_large_image","schema":{"@context":"https:\/\/schema.org","@graph":[{"@type":"WebSite","@id":"http:\/\/www.cmr-riduttori.it\/es\/#website","url":"http:\/\/www.cmr-riduttori.it\/es\/","name":"CMR riduttori","description":"","potentialAction":[{"@type":"SearchAction","target":{"@type":"EntryPoint","urlTemplate":"http:\/\/www.cmr-riduttori.it\/es\/?s={search_term_string}"},"query-input":"required name=search_term_string"}],"inLanguage":"es"},{"@type":"ImageObject","@id":"http:\/\/www.cmr-riduttori.it\/es\/#primaryimage","inLanguage":"es","url":"http:\/\/www.cmr-riduttori.it\/es\/wp-content\/uploads\/sites\/4\/vite-senza-fine-corona-bronzo.jpg","contentUrl":"http:\/\/www.cmr-riduttori.it\/es\/wp-content\/uploads\/sites\/4\/vite-senza-fine-corona-bronzo.jpg","width":1920,"height":1280,"caption":"Vite senza fine + Corona in bronzo"},{"@type":"WebPage","@id":"http:\/\/www.cmr-riduttori.it\/es\/#webpage","url":"http:\/\/www.cmr-riduttori.it\/es\/","name":"Industria mec\u00e1nica en Italia | CMR Riduttori","isPartOf":{"@id":"http:\/\/www.cmr-riduttori.it\/es\/#website"},"primaryImageOfPage":{"@id":"http:\/\/www.cmr-riduttori.it\/es\/#primaryimage"},"datePublished":"2021-09-08T06:58:44+00:00","dateModified":"2023-08-28T08:44:39+00:00","description":"CMR Riduttori es l\u00edder en Italia en la producci\u00f3n de reductores mec\u00e1nicos. \u00bfQuieres saber m\u00e1s? Haz clic aqu\u00ed.","breadcrumb":{"@id":"http:\/\/www.cmr-riduttori.it\/es\/#breadcrumb"},"inLanguage":"es","potentialAction":[{"@type":"ReadAction","target":["http:\/\/www.cmr-riduttori.it\/es\/"]}]},{"@type":"BreadcrumbList","@id":"http:\/\/www.cmr-riduttori.it\/es\/#breadcrumb","itemListElement":[{"@type":"ListItem","position":1,"name":"Home","item":"http:\/\/www.cmr-riduttori.it\/es\/"},{"@type":"ListItem","position":2,"name":"Homepage"}]}]}},"_links":{"self":[{"href":"http:\/\/www.cmr-riduttori.it\/es\/wp-json\/wp\/v2\/pages\/9"}],"collection":[{"href":"http:\/\/www.cmr-riduttori.it\/es\/wp-json\/wp\/v2\/pages"}],"about":[{"href":"http:\/\/www.cmr-riduttori.it\/es\/wp-json\/wp\/v2\/types\/page"}],"author":[{"embeddable":true,"href":"http:\/\/www.cmr-riduttori.it\/es\/wp-json\/wp\/v2\/users\/2"}],"replies":[{"embeddable":true,"href":"http:\/\/www.cmr-riduttori.it\/es\/wp-json\/wp\/v2\/comments?post=9"}],"version-history":[{"count":73,"href":"http:\/\/www.cmr-riduttori.it\/es\/wp-json\/wp\/v2\/pages\/9\/revisions"}],"predecessor-version":[{"id":877,"href":"http:\/\/www.cmr-riduttori.it\/es\/wp-json\/wp\/v2\/pages\/9\/revisions\/877"}],"wp:featuredmedia":[{"embeddable":true,"href":"http:\/\/www.cmr-riduttori.it\/es\/wp-json\/wp\/v2\/media\/477"}],"wp:attachment":[{"href":"http:\/\/www.cmr-riduttori.it\/es\/wp-json\/wp\/v2\/media?parent=9"}],"curies":[{"name":"wp","href":"https:\/\/api.w.org\/{rel}","templated":true}]}}