{"id":172,"date":"2021-09-20T06:01:23","date_gmt":"2021-09-20T06:01:23","guid":{"rendered":"http:\/\/22234.femarlabs.com\/fr\/?page_id=172"},"modified":"2021-11-19T10:40:45","modified_gmt":"2021-11-19T10:40:45","slug":"services-integres-de-logistique","status":"publish","type":"page","link":"http:\/\/www.cmr-riduttori.it\/fr\/services-integres-de-logistique\/","title":{"rendered":"Services Int\u00e9gr\u00e9s de Logistique"},"content":{"rendered":"","protected":false},"excerpt":{"rendered":"","protected":false},"author":2,"featured_media":320,"parent":0,"menu_order":0,"comment_status":"closed","ping_status":"closed","template":"template-servizi.php","meta":[],"yoast_head":"<!-- This site is optimized with the Yoast SEO plugin v17.1 - https:\/\/yoast.com\/wordpress\/plugins\/seo\/ -->\n<title>Services logistiques pour les industries | CMR Riduttori<\/title>\n<meta name=\"description\" content=\"D\u00e9couvrez tous les services d\u00e9di\u00e9s \u00e0 la logistique : nous offrons un soutien pr\u00e9cieux aux entreprises partenaires ! Pour en savoir plus, cliquez ici\" \/>\n<meta name=\"robots\" content=\"index, follow, max-snippet:-1, max-image-preview:large, max-video-preview:-1\" \/>\n<link rel=\"canonical\" href=\"http:\/\/www.cmr-riduttori.it\/fr\/services-integres-de-logistique\/\" \/>\n<meta property=\"og:locale\" content=\"fr_FR\" \/>\n<meta property=\"og:type\" content=\"article\" \/>\n<meta property=\"og:title\" content=\"Services logistiques pour les industries | CMR Riduttori\" \/>\n<meta property=\"og:description\" content=\"D\u00e9couvrez tous les services d\u00e9di\u00e9s \u00e0 la logistique : nous offrons un soutien pr\u00e9cieux aux entreprises partenaires ! Pour en savoir plus, cliquez ici\" \/>\n<meta property=\"og:url\" content=\"http:\/\/www.cmr-riduttori.it\/fr\/services-integres-de-logistique\/\" \/>\n<meta property=\"og:site_name\" content=\"CMR riduttori\" \/>\n<meta property=\"article:modified_time\" content=\"2021-11-19T10:40:45+00:00\" \/>\n<meta property=\"og:image\" content=\"http:\/\/www.cmr-riduttori.it\/fr\/wp-content\/uploads\/sites\/3\/servizi-di-logistica-integrati-cmr-riduttori.jpg\" \/>\n\t<meta property=\"og:image:width\" content=\"1920\" \/>\n\t<meta property=\"og:image:height\" content=\"1280\" \/>\n<meta name=\"twitter:card\" content=\"summary_large_image\" \/>\n<script type=\"application\/ld+json\" class=\"yoast-schema-graph\">{\"@context\":\"https:\/\/schema.org\",\"@graph\":[{\"@type\":\"WebSite\",\"@id\":\"http:\/\/www.cmr-riduttori.it\/fr\/#website\",\"url\":\"http:\/\/www.cmr-riduttori.it\/fr\/\",\"name\":\"CMR riduttori\",\"description\":\"\",\"potentialAction\":[{\"@type\":\"SearchAction\",\"target\":{\"@type\":\"EntryPoint\",\"urlTemplate\":\"http:\/\/www.cmr-riduttori.it\/fr\/?s={search_term_string}\"},\"query-input\":\"required name=search_term_string\"}],\"inLanguage\":\"fr-FR\"},{\"@type\":\"ImageObject\",\"@id\":\"http:\/\/www.cmr-riduttori.it\/fr\/services-integres-de-logistique\/#primaryimage\",\"inLanguage\":\"fr-FR\",\"url\":\"http:\/\/www.cmr-riduttori.it\/fr\/wp-content\/uploads\/sites\/3\/servizi-di-logistica-integrati-cmr-riduttori.jpg\",\"contentUrl\":\"http:\/\/www.cmr-riduttori.it\/fr\/wp-content\/uploads\/sites\/3\/servizi-di-logistica-integrati-cmr-riduttori.jpg\",\"width\":1920,\"height\":1280,\"caption\":\"Servizi di logistica integrati CMR Riduttori\"},{\"@type\":\"WebPage\",\"@id\":\"http:\/\/www.cmr-riduttori.it\/fr\/services-integres-de-logistique\/#webpage\",\"url\":\"http:\/\/www.cmr-riduttori.it\/fr\/services-integres-de-logistique\/\",\"name\":\"Services logistiques pour les industries | CMR Riduttori\",\"isPartOf\":{\"@id\":\"http:\/\/www.cmr-riduttori.it\/fr\/#website\"},\"primaryImageOfPage\":{\"@id\":\"http:\/\/www.cmr-riduttori.it\/fr\/services-integres-de-logistique\/#primaryimage\"},\"datePublished\":\"2021-09-20T06:01:23+00:00\",\"dateModified\":\"2021-11-19T10:40:45+00:00\",\"description\":\"D\\u00e9couvrez tous les services d\\u00e9di\\u00e9s \\u00e0 la logistique : nous offrons un soutien pr\\u00e9cieux aux entreprises partenaires ! Pour en savoir plus, cliquez ici\",\"breadcrumb\":{\"@id\":\"http:\/\/www.cmr-riduttori.it\/fr\/services-integres-de-logistique\/#breadcrumb\"},\"inLanguage\":\"fr-FR\",\"potentialAction\":[{\"@type\":\"ReadAction\",\"target\":[\"http:\/\/www.cmr-riduttori.it\/fr\/services-integres-de-logistique\/\"]}]},{\"@type\":\"BreadcrumbList\",\"@id\":\"http:\/\/www.cmr-riduttori.it\/fr\/services-integres-de-logistique\/#breadcrumb\",\"itemListElement\":[{\"@type\":\"ListItem\",\"position\":1,\"name\":\"Home\",\"item\":\"http:\/\/www.cmr-riduttori.it\/fr\/\"},{\"@type\":\"ListItem\",\"position\":2,\"name\":\"Services Int\\u00e9gr\\u00e9s de Logistique\"}]}]}<\/script>\n<!-- \/ Yoast SEO plugin. -->","yoast_head_json":{"title":"Services logistiques pour les industries | CMR Riduttori","description":"D\u00e9couvrez tous les services d\u00e9di\u00e9s \u00e0 la logistique : nous offrons un soutien pr\u00e9cieux aux entreprises partenaires ! Pour en savoir plus, cliquez ici","robots":{"index":"index","follow":"follow","max-snippet":"max-snippet:-1","max-image-preview":"max-image-preview:large","max-video-preview":"max-video-preview:-1"},"canonical":"http:\/\/www.cmr-riduttori.it\/fr\/services-integres-de-logistique\/","og_locale":"fr_FR","og_type":"article","og_title":"Services logistiques pour les industries | CMR Riduttori","og_description":"D\u00e9couvrez tous les services d\u00e9di\u00e9s \u00e0 la logistique : nous offrons un soutien pr\u00e9cieux aux entreprises partenaires ! Pour en savoir plus, cliquez ici","og_url":"http:\/\/www.cmr-riduttori.it\/fr\/services-integres-de-logistique\/","og_site_name":"CMR riduttori","article_modified_time":"2021-11-19T10:40:45+00:00","og_image":[{"width":1920,"height":1280,"url":"http:\/\/www.cmr-riduttori.it\/fr\/wp-content\/uploads\/sites\/3\/servizi-di-logistica-integrati-cmr-riduttori.jpg","path":"\/home\/host\/web\/cmr-riduttori.it\/public_html\/wp-content\/uploads\/sites\/3\/servizi-di-logistica-integrati-cmr-riduttori.jpg","size":"full","id":320,"alt":"Servizi di logistica integrati CMR Riduttori","pixels":2457600,"type":"image\/jpeg"}],"twitter_card":"summary_large_image","schema":{"@context":"https:\/\/schema.org","@graph":[{"@type":"WebSite","@id":"http:\/\/www.cmr-riduttori.it\/fr\/#website","url":"http:\/\/www.cmr-riduttori.it\/fr\/","name":"CMR riduttori","description":"","potentialAction":[{"@type":"SearchAction","target":{"@type":"EntryPoint","urlTemplate":"http:\/\/www.cmr-riduttori.it\/fr\/?s={search_term_string}"},"query-input":"required name=search_term_string"}],"inLanguage":"fr-FR"},{"@type":"ImageObject","@id":"http:\/\/www.cmr-riduttori.it\/fr\/services-integres-de-logistique\/#primaryimage","inLanguage":"fr-FR","url":"http:\/\/www.cmr-riduttori.it\/fr\/wp-content\/uploads\/sites\/3\/servizi-di-logistica-integrati-cmr-riduttori.jpg","contentUrl":"http:\/\/www.cmr-riduttori.it\/fr\/wp-content\/uploads\/sites\/3\/servizi-di-logistica-integrati-cmr-riduttori.jpg","width":1920,"height":1280,"caption":"Servizi di logistica integrati CMR Riduttori"},{"@type":"WebPage","@id":"http:\/\/www.cmr-riduttori.it\/fr\/services-integres-de-logistique\/#webpage","url":"http:\/\/www.cmr-riduttori.it\/fr\/services-integres-de-logistique\/","name":"Services logistiques pour les industries | CMR Riduttori","isPartOf":{"@id":"http:\/\/www.cmr-riduttori.it\/fr\/#website"},"primaryImageOfPage":{"@id":"http:\/\/www.cmr-riduttori.it\/fr\/services-integres-de-logistique\/#primaryimage"},"datePublished":"2021-09-20T06:01:23+00:00","dateModified":"2021-11-19T10:40:45+00:00","description":"D\u00e9couvrez tous les services d\u00e9di\u00e9s \u00e0 la logistique : nous offrons un soutien pr\u00e9cieux aux entreprises partenaires ! Pour en savoir plus, cliquez ici","breadcrumb":{"@id":"http:\/\/www.cmr-riduttori.it\/fr\/services-integres-de-logistique\/#breadcrumb"},"inLanguage":"fr-FR","potentialAction":[{"@type":"ReadAction","target":["http:\/\/www.cmr-riduttori.it\/fr\/services-integres-de-logistique\/"]}]},{"@type":"BreadcrumbList","@id":"http:\/\/www.cmr-riduttori.it\/fr\/services-integres-de-logistique\/#breadcrumb","itemListElement":[{"@type":"ListItem","position":1,"name":"Home","item":"http:\/\/www.cmr-riduttori.it\/fr\/"},{"@type":"ListItem","position":2,"name":"Services Int\u00e9gr\u00e9s de Logistique"}]}]}},"_links":{"self":[{"href":"http:\/\/www.cmr-riduttori.it\/fr\/wp-json\/wp\/v2\/pages\/172"}],"collection":[{"href":"http:\/\/www.cmr-riduttori.it\/fr\/wp-json\/wp\/v2\/pages"}],"about":[{"href":"http:\/\/www.cmr-riduttori.it\/fr\/wp-json\/wp\/v2\/types\/page"}],"author":[{"embeddable":true,"href":"http:\/\/www.cmr-riduttori.it\/fr\/wp-json\/wp\/v2\/users\/2"}],"replies":[{"embeddable":true,"href":"http:\/\/www.cmr-riduttori.it\/fr\/wp-json\/wp\/v2\/comments?post=172"}],"version-history":[{"count":46,"href":"http:\/\/www.cmr-riduttori.it\/fr\/wp-json\/wp\/v2\/pages\/172\/revisions"}],"predecessor-version":[{"id":706,"href":"http:\/\/www.cmr-riduttori.it\/fr\/wp-json\/wp\/v2\/pages\/172\/revisions\/706"}],"wp:featuredmedia":[{"embeddable":true,"href":"http:\/\/www.cmr-riduttori.it\/fr\/wp-json\/wp\/v2\/media\/320"}],"wp:attachment":[{"href":"http:\/\/www.cmr-riduttori.it\/fr\/wp-json\/wp\/v2\/media?parent=172"}],"curies":[{"name":"wp","href":"https:\/\/api.w.org\/{rel}","templated":true}]}}