{"id":27,"date":"2021-09-08T07:01:18","date_gmt":"2021-09-08T07:01:18","guid":{"rendered":"http:\/\/22234.femarlabs.com\/fr\/?page_id=27"},"modified":"2023-01-30T10:36:29","modified_gmt":"2023-01-30T10:36:29","slug":"entreprise","status":"publish","type":"page","link":"http:\/\/www.cmr-riduttori.it\/fr\/entreprise\/","title":{"rendered":"Entreprise"},"content":{"rendered":"","protected":false},"excerpt":{"rendered":"","protected":false},"author":2,"featured_media":302,"parent":0,"menu_order":1,"comment_status":"closed","ping_status":"closed","template":"template-company.php","meta":[],"yoast_head":"<!-- This site is optimized with the Yoast SEO plugin v17.1 - https:\/\/yoast.com\/wordpress\/plugins\/seo\/ -->\n<title>M\u00e9canique de pr\u00e9cision en \u00c9milie-Romagne | CMR Riduttori<\/title>\n<meta name=\"description\" content=\"CMR Riduttori est un partenaire technologique dans le secteur de la m\u00e9canique de pr\u00e9cision. D\u00e9couvrez nos services, cliquez ici.\" \/>\n<meta name=\"robots\" content=\"index, follow, max-snippet:-1, max-image-preview:large, max-video-preview:-1\" \/>\n<link rel=\"canonical\" href=\"http:\/\/www.cmr-riduttori.it\/fr\/entreprise\/\" \/>\n<meta property=\"og:locale\" content=\"fr_FR\" \/>\n<meta property=\"og:type\" content=\"article\" \/>\n<meta property=\"og:title\" content=\"M\u00e9canique de pr\u00e9cision en \u00c9milie-Romagne | CMR Riduttori\" \/>\n<meta property=\"og:description\" content=\"CMR Riduttori est un partenaire technologique dans le secteur de la m\u00e9canique de pr\u00e9cision. D\u00e9couvrez nos services, cliquez ici.\" \/>\n<meta property=\"og:url\" content=\"http:\/\/www.cmr-riduttori.it\/fr\/entreprise\/\" \/>\n<meta property=\"og:site_name\" content=\"CMR riduttori\" \/>\n<meta property=\"article:modified_time\" content=\"2023-01-30T10:36:29+00:00\" \/>\n<meta property=\"og:image\" content=\"http:\/\/www.cmr-riduttori.it\/fr\/wp-content\/uploads\/sites\/3\/headquarters-cmr-group.jpg\" \/>\n\t<meta property=\"og:image:width\" content=\"1920\" \/>\n\t<meta property=\"og:image:height\" content=\"1280\" \/>\n<meta name=\"twitter:card\" content=\"summary_large_image\" \/>\n<script type=\"application\/ld+json\" class=\"yoast-schema-graph\">{\"@context\":\"https:\/\/schema.org\",\"@graph\":[{\"@type\":\"WebSite\",\"@id\":\"http:\/\/www.cmr-riduttori.it\/fr\/#website\",\"url\":\"http:\/\/www.cmr-riduttori.it\/fr\/\",\"name\":\"CMR riduttori\",\"description\":\"\",\"potentialAction\":[{\"@type\":\"SearchAction\",\"target\":{\"@type\":\"EntryPoint\",\"urlTemplate\":\"http:\/\/www.cmr-riduttori.it\/fr\/?s={search_term_string}\"},\"query-input\":\"required name=search_term_string\"}],\"inLanguage\":\"fr-FR\"},{\"@type\":\"ImageObject\",\"@id\":\"http:\/\/www.cmr-riduttori.it\/fr\/entreprise\/#primaryimage\",\"inLanguage\":\"fr-FR\",\"url\":\"http:\/\/www.cmr-riduttori.it\/fr\/wp-content\/uploads\/sites\/3\/headquarters-cmr-group.jpg\",\"contentUrl\":\"http:\/\/www.cmr-riduttori.it\/fr\/wp-content\/uploads\/sites\/3\/headquarters-cmr-group.jpg\",\"width\":1920,\"height\":1280,\"caption\":\"CMR Group headquarters\"},{\"@type\":\"WebPage\",\"@id\":\"http:\/\/www.cmr-riduttori.it\/fr\/entreprise\/#webpage\",\"url\":\"http:\/\/www.cmr-riduttori.it\/fr\/entreprise\/\",\"name\":\"M\\u00e9canique de pr\\u00e9cision en \\u00c9milie-Romagne | CMR Riduttori\",\"isPartOf\":{\"@id\":\"http:\/\/www.cmr-riduttori.it\/fr\/#website\"},\"primaryImageOfPage\":{\"@id\":\"http:\/\/www.cmr-riduttori.it\/fr\/entreprise\/#primaryimage\"},\"datePublished\":\"2021-09-08T07:01:18+00:00\",\"dateModified\":\"2023-01-30T10:36:29+00:00\",\"description\":\"CMR Riduttori est un partenaire technologique dans le secteur de la m\\u00e9canique de pr\\u00e9cision. D\\u00e9couvrez nos services, cliquez ici.\",\"breadcrumb\":{\"@id\":\"http:\/\/www.cmr-riduttori.it\/fr\/entreprise\/#breadcrumb\"},\"inLanguage\":\"fr-FR\",\"potentialAction\":[{\"@type\":\"ReadAction\",\"target\":[\"http:\/\/www.cmr-riduttori.it\/fr\/entreprise\/\"]}]},{\"@type\":\"BreadcrumbList\",\"@id\":\"http:\/\/www.cmr-riduttori.it\/fr\/entreprise\/#breadcrumb\",\"itemListElement\":[{\"@type\":\"ListItem\",\"position\":1,\"name\":\"Home\",\"item\":\"http:\/\/www.cmr-riduttori.it\/fr\/\"},{\"@type\":\"ListItem\",\"position\":2,\"name\":\"Entreprise\"}]}]}<\/script>\n<!-- \/ Yoast SEO plugin. -->","yoast_head_json":{"title":"M\u00e9canique de pr\u00e9cision en \u00c9milie-Romagne | CMR Riduttori","description":"CMR Riduttori est un partenaire technologique dans le secteur de la m\u00e9canique de pr\u00e9cision. D\u00e9couvrez nos services, cliquez ici.","robots":{"index":"index","follow":"follow","max-snippet":"max-snippet:-1","max-image-preview":"max-image-preview:large","max-video-preview":"max-video-preview:-1"},"canonical":"http:\/\/www.cmr-riduttori.it\/fr\/entreprise\/","og_locale":"fr_FR","og_type":"article","og_title":"M\u00e9canique de pr\u00e9cision en \u00c9milie-Romagne | CMR Riduttori","og_description":"CMR Riduttori est un partenaire technologique dans le secteur de la m\u00e9canique de pr\u00e9cision. D\u00e9couvrez nos services, cliquez ici.","og_url":"http:\/\/www.cmr-riduttori.it\/fr\/entreprise\/","og_site_name":"CMR riduttori","article_modified_time":"2023-01-30T10:36:29+00:00","og_image":[{"width":1920,"height":1280,"url":"http:\/\/www.cmr-riduttori.it\/fr\/wp-content\/uploads\/sites\/3\/headquarters-cmr-group.jpg","path":"\/home\/host\/web\/cmr-riduttori.it\/public_html\/wp-content\/uploads\/sites\/3\/headquarters-cmr-group.jpg","size":"full","id":302,"alt":"CMR Group headquarters","pixels":2457600,"type":"image\/jpeg"}],"twitter_card":"summary_large_image","schema":{"@context":"https:\/\/schema.org","@graph":[{"@type":"WebSite","@id":"http:\/\/www.cmr-riduttori.it\/fr\/#website","url":"http:\/\/www.cmr-riduttori.it\/fr\/","name":"CMR riduttori","description":"","potentialAction":[{"@type":"SearchAction","target":{"@type":"EntryPoint","urlTemplate":"http:\/\/www.cmr-riduttori.it\/fr\/?s={search_term_string}"},"query-input":"required name=search_term_string"}],"inLanguage":"fr-FR"},{"@type":"ImageObject","@id":"http:\/\/www.cmr-riduttori.it\/fr\/entreprise\/#primaryimage","inLanguage":"fr-FR","url":"http:\/\/www.cmr-riduttori.it\/fr\/wp-content\/uploads\/sites\/3\/headquarters-cmr-group.jpg","contentUrl":"http:\/\/www.cmr-riduttori.it\/fr\/wp-content\/uploads\/sites\/3\/headquarters-cmr-group.jpg","width":1920,"height":1280,"caption":"CMR Group headquarters"},{"@type":"WebPage","@id":"http:\/\/www.cmr-riduttori.it\/fr\/entreprise\/#webpage","url":"http:\/\/www.cmr-riduttori.it\/fr\/entreprise\/","name":"M\u00e9canique de pr\u00e9cision en \u00c9milie-Romagne | CMR Riduttori","isPartOf":{"@id":"http:\/\/www.cmr-riduttori.it\/fr\/#website"},"primaryImageOfPage":{"@id":"http:\/\/www.cmr-riduttori.it\/fr\/entreprise\/#primaryimage"},"datePublished":"2021-09-08T07:01:18+00:00","dateModified":"2023-01-30T10:36:29+00:00","description":"CMR Riduttori est un partenaire technologique dans le secteur de la m\u00e9canique de pr\u00e9cision. D\u00e9couvrez nos services, cliquez ici.","breadcrumb":{"@id":"http:\/\/www.cmr-riduttori.it\/fr\/entreprise\/#breadcrumb"},"inLanguage":"fr-FR","potentialAction":[{"@type":"ReadAction","target":["http:\/\/www.cmr-riduttori.it\/fr\/entreprise\/"]}]},{"@type":"BreadcrumbList","@id":"http:\/\/www.cmr-riduttori.it\/fr\/entreprise\/#breadcrumb","itemListElement":[{"@type":"ListItem","position":1,"name":"Home","item":"http:\/\/www.cmr-riduttori.it\/fr\/"},{"@type":"ListItem","position":2,"name":"Entreprise"}]}]}},"_links":{"self":[{"href":"http:\/\/www.cmr-riduttori.it\/fr\/wp-json\/wp\/v2\/pages\/27"}],"collection":[{"href":"http:\/\/www.cmr-riduttori.it\/fr\/wp-json\/wp\/v2\/pages"}],"about":[{"href":"http:\/\/www.cmr-riduttori.it\/fr\/wp-json\/wp\/v2\/types\/page"}],"author":[{"embeddable":true,"href":"http:\/\/www.cmr-riduttori.it\/fr\/wp-json\/wp\/v2\/users\/2"}],"replies":[{"embeddable":true,"href":"http:\/\/www.cmr-riduttori.it\/fr\/wp-json\/wp\/v2\/comments?post=27"}],"version-history":[{"count":56,"href":"http:\/\/www.cmr-riduttori.it\/fr\/wp-json\/wp\/v2\/pages\/27\/revisions"}],"predecessor-version":[{"id":849,"href":"http:\/\/www.cmr-riduttori.it\/fr\/wp-json\/wp\/v2\/pages\/27\/revisions\/849"}],"wp:featuredmedia":[{"embeddable":true,"href":"http:\/\/www.cmr-riduttori.it\/fr\/wp-json\/wp\/v2\/media\/302"}],"wp:attachment":[{"href":"http:\/\/www.cmr-riduttori.it\/fr\/wp-json\/wp\/v2\/media?parent=27"}],"curies":[{"name":"wp","href":"https:\/\/api.w.org\/{rel}","templated":true}]}}