{"id":29,"date":"2021-09-08T07:01:40","date_gmt":"2021-09-08T07:01:40","guid":{"rendered":"http:\/\/22234.femarlabs.com\/fr\/?page_id=29"},"modified":"2021-11-08T10:32:26","modified_gmt":"2021-11-08T10:32:26","slug":"ingenierie","status":"publish","type":"page","link":"http:\/\/www.cmr-riduttori.it\/fr\/ingenierie\/","title":{"rendered":"Ing\u00e9nierie"},"content":{"rendered":"","protected":false},"excerpt":{"rendered":"","protected":false},"author":2,"featured_media":361,"parent":0,"menu_order":2,"comment_status":"closed","ping_status":"closed","template":"template-engineering.php","meta":[],"yoast_head":"<!-- This site is optimized with the Yoast SEO plugin v17.1 - https:\/\/yoast.com\/wordpress\/plugins\/seo\/ -->\n<title>Etude de la conception m\u00e9canique | CMR Riduttori<\/title>\n<meta name=\"description\" content=\"Nous r\u00e9alisons des transmissions de puissance standard et sp\u00e9cifiques aux applications de nos Clients. Vous souhaitez avoir plus d\u2019informations ? Cliquez ici.\" \/>\n<meta name=\"robots\" content=\"index, follow, max-snippet:-1, max-image-preview:large, max-video-preview:-1\" \/>\n<link rel=\"canonical\" href=\"http:\/\/www.cmr-riduttori.it\/fr\/ingenierie\/\" \/>\n<meta property=\"og:locale\" content=\"fr_FR\" \/>\n<meta property=\"og:type\" content=\"article\" \/>\n<meta property=\"og:title\" content=\"Etude de la conception m\u00e9canique | CMR Riduttori\" \/>\n<meta property=\"og:description\" content=\"Nous r\u00e9alisons des transmissions de puissance standard et sp\u00e9cifiques aux applications de nos Clients. Vous souhaitez avoir plus d\u2019informations ? Cliquez ici.\" \/>\n<meta property=\"og:url\" content=\"http:\/\/www.cmr-riduttori.it\/fr\/ingenierie\/\" \/>\n<meta property=\"og:site_name\" content=\"CMR riduttori\" \/>\n<meta property=\"article:modified_time\" content=\"2021-11-08T10:32:26+00:00\" \/>\n<meta property=\"og:image\" content=\"http:\/\/www.cmr-riduttori.it\/fr\/wp-content\/uploads\/sites\/3\/engineering-1.jpg\" \/>\n\t<meta property=\"og:image:width\" content=\"1920\" \/>\n\t<meta property=\"og:image:height\" content=\"1280\" \/>\n<meta name=\"twitter:card\" content=\"summary_large_image\" \/>\n<script type=\"application\/ld+json\" class=\"yoast-schema-graph\">{\"@context\":\"https:\/\/schema.org\",\"@graph\":[{\"@type\":\"WebSite\",\"@id\":\"http:\/\/www.cmr-riduttori.it\/fr\/#website\",\"url\":\"http:\/\/www.cmr-riduttori.it\/fr\/\",\"name\":\"CMR riduttori\",\"description\":\"\",\"potentialAction\":[{\"@type\":\"SearchAction\",\"target\":{\"@type\":\"EntryPoint\",\"urlTemplate\":\"http:\/\/www.cmr-riduttori.it\/fr\/?s={search_term_string}\"},\"query-input\":\"required name=search_term_string\"}],\"inLanguage\":\"fr-FR\"},{\"@type\":\"ImageObject\",\"@id\":\"http:\/\/www.cmr-riduttori.it\/fr\/ingenierie\/#primaryimage\",\"inLanguage\":\"fr-FR\",\"url\":\"http:\/\/www.cmr-riduttori.it\/fr\/wp-content\/uploads\/sites\/3\/engineering-1.jpg\",\"contentUrl\":\"http:\/\/www.cmr-riduttori.it\/fr\/wp-content\/uploads\/sites\/3\/engineering-1.jpg\",\"width\":1920,\"height\":1280,\"caption\":\"Engineering\"},{\"@type\":\"WebPage\",\"@id\":\"http:\/\/www.cmr-riduttori.it\/fr\/ingenierie\/#webpage\",\"url\":\"http:\/\/www.cmr-riduttori.it\/fr\/ingenierie\/\",\"name\":\"Etude de la conception m\\u00e9canique | CMR Riduttori\",\"isPartOf\":{\"@id\":\"http:\/\/www.cmr-riduttori.it\/fr\/#website\"},\"primaryImageOfPage\":{\"@id\":\"http:\/\/www.cmr-riduttori.it\/fr\/ingenierie\/#primaryimage\"},\"datePublished\":\"2021-09-08T07:01:40+00:00\",\"dateModified\":\"2021-11-08T10:32:26+00:00\",\"description\":\"Nous r\\u00e9alisons des transmissions de puissance standard et sp\\u00e9cifiques aux applications de nos Clients. Vous souhaitez avoir plus d\\u2019informations ? Cliquez ici.\",\"breadcrumb\":{\"@id\":\"http:\/\/www.cmr-riduttori.it\/fr\/ingenierie\/#breadcrumb\"},\"inLanguage\":\"fr-FR\",\"potentialAction\":[{\"@type\":\"ReadAction\",\"target\":[\"http:\/\/www.cmr-riduttori.it\/fr\/ingenierie\/\"]}]},{\"@type\":\"BreadcrumbList\",\"@id\":\"http:\/\/www.cmr-riduttori.it\/fr\/ingenierie\/#breadcrumb\",\"itemListElement\":[{\"@type\":\"ListItem\",\"position\":1,\"name\":\"Home\",\"item\":\"http:\/\/www.cmr-riduttori.it\/fr\/\"},{\"@type\":\"ListItem\",\"position\":2,\"name\":\"Ing\\u00e9nierie\"}]}]}<\/script>\n<!-- \/ Yoast SEO plugin. -->","yoast_head_json":{"title":"Etude de la conception m\u00e9canique | CMR Riduttori","description":"Nous r\u00e9alisons des transmissions de puissance standard et sp\u00e9cifiques aux applications de nos Clients. Vous souhaitez avoir plus d\u2019informations ? Cliquez ici.","robots":{"index":"index","follow":"follow","max-snippet":"max-snippet:-1","max-image-preview":"max-image-preview:large","max-video-preview":"max-video-preview:-1"},"canonical":"http:\/\/www.cmr-riduttori.it\/fr\/ingenierie\/","og_locale":"fr_FR","og_type":"article","og_title":"Etude de la conception m\u00e9canique | CMR Riduttori","og_description":"Nous r\u00e9alisons des transmissions de puissance standard et sp\u00e9cifiques aux applications de nos Clients. Vous souhaitez avoir plus d\u2019informations ? Cliquez ici.","og_url":"http:\/\/www.cmr-riduttori.it\/fr\/ingenierie\/","og_site_name":"CMR riduttori","article_modified_time":"2021-11-08T10:32:26+00:00","og_image":[{"width":1920,"height":1280,"url":"http:\/\/www.cmr-riduttori.it\/fr\/wp-content\/uploads\/sites\/3\/engineering-1.jpg","path":"\/home\/host\/web\/cmr-riduttori.it\/public_html\/wp-content\/uploads\/sites\/3\/engineering-1.jpg","size":"full","id":361,"alt":"Engineering","pixels":2457600,"type":"image\/jpeg"}],"twitter_card":"summary_large_image","schema":{"@context":"https:\/\/schema.org","@graph":[{"@type":"WebSite","@id":"http:\/\/www.cmr-riduttori.it\/fr\/#website","url":"http:\/\/www.cmr-riduttori.it\/fr\/","name":"CMR riduttori","description":"","potentialAction":[{"@type":"SearchAction","target":{"@type":"EntryPoint","urlTemplate":"http:\/\/www.cmr-riduttori.it\/fr\/?s={search_term_string}"},"query-input":"required name=search_term_string"}],"inLanguage":"fr-FR"},{"@type":"ImageObject","@id":"http:\/\/www.cmr-riduttori.it\/fr\/ingenierie\/#primaryimage","inLanguage":"fr-FR","url":"http:\/\/www.cmr-riduttori.it\/fr\/wp-content\/uploads\/sites\/3\/engineering-1.jpg","contentUrl":"http:\/\/www.cmr-riduttori.it\/fr\/wp-content\/uploads\/sites\/3\/engineering-1.jpg","width":1920,"height":1280,"caption":"Engineering"},{"@type":"WebPage","@id":"http:\/\/www.cmr-riduttori.it\/fr\/ingenierie\/#webpage","url":"http:\/\/www.cmr-riduttori.it\/fr\/ingenierie\/","name":"Etude de la conception m\u00e9canique | CMR Riduttori","isPartOf":{"@id":"http:\/\/www.cmr-riduttori.it\/fr\/#website"},"primaryImageOfPage":{"@id":"http:\/\/www.cmr-riduttori.it\/fr\/ingenierie\/#primaryimage"},"datePublished":"2021-09-08T07:01:40+00:00","dateModified":"2021-11-08T10:32:26+00:00","description":"Nous r\u00e9alisons des transmissions de puissance standard et sp\u00e9cifiques aux applications de nos Clients. Vous souhaitez avoir plus d\u2019informations ? Cliquez ici.","breadcrumb":{"@id":"http:\/\/www.cmr-riduttori.it\/fr\/ingenierie\/#breadcrumb"},"inLanguage":"fr-FR","potentialAction":[{"@type":"ReadAction","target":["http:\/\/www.cmr-riduttori.it\/fr\/ingenierie\/"]}]},{"@type":"BreadcrumbList","@id":"http:\/\/www.cmr-riduttori.it\/fr\/ingenierie\/#breadcrumb","itemListElement":[{"@type":"ListItem","position":1,"name":"Home","item":"http:\/\/www.cmr-riduttori.it\/fr\/"},{"@type":"ListItem","position":2,"name":"Ing\u00e9nierie"}]}]}},"_links":{"self":[{"href":"http:\/\/www.cmr-riduttori.it\/fr\/wp-json\/wp\/v2\/pages\/29"}],"collection":[{"href":"http:\/\/www.cmr-riduttori.it\/fr\/wp-json\/wp\/v2\/pages"}],"about":[{"href":"http:\/\/www.cmr-riduttori.it\/fr\/wp-json\/wp\/v2\/types\/page"}],"author":[{"embeddable":true,"href":"http:\/\/www.cmr-riduttori.it\/fr\/wp-json\/wp\/v2\/users\/2"}],"replies":[{"embeddable":true,"href":"http:\/\/www.cmr-riduttori.it\/fr\/wp-json\/wp\/v2\/comments?post=29"}],"version-history":[{"count":26,"href":"http:\/\/www.cmr-riduttori.it\/fr\/wp-json\/wp\/v2\/pages\/29\/revisions"}],"predecessor-version":[{"id":734,"href":"http:\/\/www.cmr-riduttori.it\/fr\/wp-json\/wp\/v2\/pages\/29\/revisions\/734"}],"wp:featuredmedia":[{"embeddable":true,"href":"http:\/\/www.cmr-riduttori.it\/fr\/wp-json\/wp\/v2\/media\/361"}],"wp:attachment":[{"href":"http:\/\/www.cmr-riduttori.it\/fr\/wp-json\/wp\/v2\/media?parent=29"}],"curies":[{"name":"wp","href":"https:\/\/api.w.org\/{rel}","templated":true}]}}