{"id":9,"date":"2021-09-08T06:58:44","date_gmt":"2021-09-08T06:58:44","guid":{"rendered":"http:\/\/22234.femarlabs.com\/fr\/home\/"},"modified":"2023-08-28T08:46:47","modified_gmt":"2023-08-28T08:46:47","slug":"home","status":"publish","type":"page","link":"http:\/\/www.cmr-riduttori.it\/fr\/","title":{"rendered":"Homepage"},"content":{"rendered":"","protected":false},"excerpt":{"rendered":"","protected":false},"author":2,"featured_media":477,"parent":0,"menu_order":0,"comment_status":"closed","ping_status":"closed","template":"template-home.php","meta":[],"yoast_head":"<!-- This site is optimized with the Yoast SEO plugin v17.1 - https:\/\/yoast.com\/wordpress\/plugins\/seo\/ -->\n<title>Industrie m\u00e9canique en Italie | CMR Riduttori<\/title>\n<meta name=\"description\" content=\"CMR Riduttori est leader en Italie pour la production de r\u00e9ducteurs m\u00e9caniques. Vous souhaitez avoir plus d\u2019informations ? Cliquez ici.\" \/>\n<meta name=\"robots\" content=\"index, follow, max-snippet:-1, max-image-preview:large, max-video-preview:-1\" \/>\n<link rel=\"canonical\" href=\"http:\/\/www.cmr-riduttori.it\/fr\/\" \/>\n<meta property=\"og:locale\" content=\"fr_FR\" \/>\n<meta property=\"og:type\" content=\"article\" \/>\n<meta property=\"og:title\" content=\"Industrie m\u00e9canique en Italie | CMR Riduttori\" \/>\n<meta property=\"og:description\" content=\"CMR Riduttori est leader en Italie pour la production de r\u00e9ducteurs m\u00e9caniques. Vous souhaitez avoir plus d\u2019informations ? Cliquez ici.\" \/>\n<meta property=\"og:url\" content=\"http:\/\/www.cmr-riduttori.it\/fr\/\" \/>\n<meta property=\"og:site_name\" content=\"CMR riduttori\" \/>\n<meta property=\"article:modified_time\" content=\"2023-08-28T08:46:47+00:00\" \/>\n<meta property=\"og:image\" content=\"http:\/\/www.cmr-riduttori.it\/fr\/wp-content\/uploads\/sites\/3\/vite-senza-fine-corona-bronzo.jpg\" \/>\n\t<meta property=\"og:image:width\" content=\"1920\" \/>\n\t<meta property=\"og:image:height\" content=\"1280\" \/>\n<meta name=\"twitter:card\" content=\"summary_large_image\" \/>\n<script type=\"application\/ld+json\" class=\"yoast-schema-graph\">{\"@context\":\"https:\/\/schema.org\",\"@graph\":[{\"@type\":\"WebSite\",\"@id\":\"http:\/\/www.cmr-riduttori.it\/fr\/#website\",\"url\":\"http:\/\/www.cmr-riduttori.it\/fr\/\",\"name\":\"CMR riduttori\",\"description\":\"\",\"potentialAction\":[{\"@type\":\"SearchAction\",\"target\":{\"@type\":\"EntryPoint\",\"urlTemplate\":\"http:\/\/www.cmr-riduttori.it\/fr\/?s={search_term_string}\"},\"query-input\":\"required name=search_term_string\"}],\"inLanguage\":\"fr-FR\"},{\"@type\":\"ImageObject\",\"@id\":\"http:\/\/www.cmr-riduttori.it\/fr\/#primaryimage\",\"inLanguage\":\"fr-FR\",\"url\":\"http:\/\/www.cmr-riduttori.it\/fr\/wp-content\/uploads\/sites\/3\/vite-senza-fine-corona-bronzo.jpg\",\"contentUrl\":\"http:\/\/www.cmr-riduttori.it\/fr\/wp-content\/uploads\/sites\/3\/vite-senza-fine-corona-bronzo.jpg\",\"width\":1920,\"height\":1280,\"caption\":\"Vite senza fine + Corona in bronzo\"},{\"@type\":\"WebPage\",\"@id\":\"http:\/\/www.cmr-riduttori.it\/fr\/#webpage\",\"url\":\"http:\/\/www.cmr-riduttori.it\/fr\/\",\"name\":\"Industrie m\\u00e9canique en Italie | CMR Riduttori\",\"isPartOf\":{\"@id\":\"http:\/\/www.cmr-riduttori.it\/fr\/#website\"},\"primaryImageOfPage\":{\"@id\":\"http:\/\/www.cmr-riduttori.it\/fr\/#primaryimage\"},\"datePublished\":\"2021-09-08T06:58:44+00:00\",\"dateModified\":\"2023-08-28T08:46:47+00:00\",\"description\":\"CMR Riduttori est leader en Italie pour la production de r\\u00e9ducteurs m\\u00e9caniques. Vous souhaitez avoir plus d\\u2019informations ? Cliquez ici.\",\"breadcrumb\":{\"@id\":\"http:\/\/www.cmr-riduttori.it\/fr\/#breadcrumb\"},\"inLanguage\":\"fr-FR\",\"potentialAction\":[{\"@type\":\"ReadAction\",\"target\":[\"http:\/\/www.cmr-riduttori.it\/fr\/\"]}]},{\"@type\":\"BreadcrumbList\",\"@id\":\"http:\/\/www.cmr-riduttori.it\/fr\/#breadcrumb\",\"itemListElement\":[{\"@type\":\"ListItem\",\"position\":1,\"name\":\"Home\",\"item\":\"http:\/\/www.cmr-riduttori.it\/fr\/\"},{\"@type\":\"ListItem\",\"position\":2,\"name\":\"Homepage\"}]}]}<\/script>\n<!-- \/ Yoast SEO plugin. -->","yoast_head_json":{"title":"Industrie m\u00e9canique en Italie | CMR Riduttori","description":"CMR Riduttori est leader en Italie pour la production de r\u00e9ducteurs m\u00e9caniques. Vous souhaitez avoir plus d\u2019informations ? Cliquez ici.","robots":{"index":"index","follow":"follow","max-snippet":"max-snippet:-1","max-image-preview":"max-image-preview:large","max-video-preview":"max-video-preview:-1"},"canonical":"http:\/\/www.cmr-riduttori.it\/fr\/","og_locale":"fr_FR","og_type":"article","og_title":"Industrie m\u00e9canique en Italie | CMR Riduttori","og_description":"CMR Riduttori est leader en Italie pour la production de r\u00e9ducteurs m\u00e9caniques. Vous souhaitez avoir plus d\u2019informations ? Cliquez ici.","og_url":"http:\/\/www.cmr-riduttori.it\/fr\/","og_site_name":"CMR riduttori","article_modified_time":"2023-08-28T08:46:47+00:00","og_image":[{"width":1920,"height":1280,"url":"http:\/\/www.cmr-riduttori.it\/fr\/wp-content\/uploads\/sites\/3\/vite-senza-fine-corona-bronzo.jpg","path":"\/home\/host\/web\/cmr-riduttori.it\/public_html\/wp-content\/uploads\/sites\/3\/vite-senza-fine-corona-bronzo.jpg","size":"full","id":477,"alt":"Vite senza fine + Corona in bronzo","pixels":2457600,"type":"image\/jpeg"}],"twitter_card":"summary_large_image","schema":{"@context":"https:\/\/schema.org","@graph":[{"@type":"WebSite","@id":"http:\/\/www.cmr-riduttori.it\/fr\/#website","url":"http:\/\/www.cmr-riduttori.it\/fr\/","name":"CMR riduttori","description":"","potentialAction":[{"@type":"SearchAction","target":{"@type":"EntryPoint","urlTemplate":"http:\/\/www.cmr-riduttori.it\/fr\/?s={search_term_string}"},"query-input":"required name=search_term_string"}],"inLanguage":"fr-FR"},{"@type":"ImageObject","@id":"http:\/\/www.cmr-riduttori.it\/fr\/#primaryimage","inLanguage":"fr-FR","url":"http:\/\/www.cmr-riduttori.it\/fr\/wp-content\/uploads\/sites\/3\/vite-senza-fine-corona-bronzo.jpg","contentUrl":"http:\/\/www.cmr-riduttori.it\/fr\/wp-content\/uploads\/sites\/3\/vite-senza-fine-corona-bronzo.jpg","width":1920,"height":1280,"caption":"Vite senza fine + Corona in bronzo"},{"@type":"WebPage","@id":"http:\/\/www.cmr-riduttori.it\/fr\/#webpage","url":"http:\/\/www.cmr-riduttori.it\/fr\/","name":"Industrie m\u00e9canique en Italie | CMR Riduttori","isPartOf":{"@id":"http:\/\/www.cmr-riduttori.it\/fr\/#website"},"primaryImageOfPage":{"@id":"http:\/\/www.cmr-riduttori.it\/fr\/#primaryimage"},"datePublished":"2021-09-08T06:58:44+00:00","dateModified":"2023-08-28T08:46:47+00:00","description":"CMR Riduttori est leader en Italie pour la production de r\u00e9ducteurs m\u00e9caniques. Vous souhaitez avoir plus d\u2019informations ? Cliquez ici.","breadcrumb":{"@id":"http:\/\/www.cmr-riduttori.it\/fr\/#breadcrumb"},"inLanguage":"fr-FR","potentialAction":[{"@type":"ReadAction","target":["http:\/\/www.cmr-riduttori.it\/fr\/"]}]},{"@type":"BreadcrumbList","@id":"http:\/\/www.cmr-riduttori.it\/fr\/#breadcrumb","itemListElement":[{"@type":"ListItem","position":1,"name":"Home","item":"http:\/\/www.cmr-riduttori.it\/fr\/"},{"@type":"ListItem","position":2,"name":"Homepage"}]}]}},"_links":{"self":[{"href":"http:\/\/www.cmr-riduttori.it\/fr\/wp-json\/wp\/v2\/pages\/9"}],"collection":[{"href":"http:\/\/www.cmr-riduttori.it\/fr\/wp-json\/wp\/v2\/pages"}],"about":[{"href":"http:\/\/www.cmr-riduttori.it\/fr\/wp-json\/wp\/v2\/types\/page"}],"author":[{"embeddable":true,"href":"http:\/\/www.cmr-riduttori.it\/fr\/wp-json\/wp\/v2\/users\/2"}],"replies":[{"embeddable":true,"href":"http:\/\/www.cmr-riduttori.it\/fr\/wp-json\/wp\/v2\/comments?post=9"}],"version-history":[{"count":72,"href":"http:\/\/www.cmr-riduttori.it\/fr\/wp-json\/wp\/v2\/pages\/9\/revisions"}],"predecessor-version":[{"id":881,"href":"http:\/\/www.cmr-riduttori.it\/fr\/wp-json\/wp\/v2\/pages\/9\/revisions\/881"}],"wp:featuredmedia":[{"embeddable":true,"href":"http:\/\/www.cmr-riduttori.it\/fr\/wp-json\/wp\/v2\/media\/477"}],"wp:attachment":[{"href":"http:\/\/www.cmr-riduttori.it\/fr\/wp-json\/wp\/v2\/media?parent=9"}],"curies":[{"name":"wp","href":"https:\/\/api.w.org\/{rel}","templated":true}]}}