{"id":24,"date":"2021-09-08T07:00:12","date_gmt":"2021-09-08T07:00:12","guid":{"rendered":"http:\/\/22234.femarlabs.com\/es\/?page_id=24"},"modified":"2023-07-25T15:38:06","modified_gmt":"2023-07-25T15:38:06","slug":"cookie-policy","status":"publish","type":"page","link":"https:\/\/www.cmr-riduttori.it\/es\/cookie-policy\/","title":{"rendered":"Cookies"},"content":{"rendered":"<h2>COOKIES<\/h2>\n<p>Aviso divulgado por\u00a0<strong>CMR Riduttori S.r.l.<\/strong>\u00a0Responsable del tratamiento, del sitio web\u00a0<a href=\"http:\/\/www.cmr-riduttori.it\/\">www.cmr-riduttori.it\u00a0<\/a> en conformidad del Reglamento UE 2016\/679 y teniendo en cuenta la Medida de la Autoridad de Supervisi\u00f3n 8 de mayo de 2014 \u00ab<em>Identificaci\u00f3n de las modalidades simplificadas para la informaci\u00f3n y la adquisici\u00f3n del consentimiento para el uso de las cookies<\/em>\u00bb y de las DIRECTRICES SOBRE EL USO DE COOKIES Y DE OTRAS HERRAMIENTAS DE RASTREO 10 de junio de 2021.<\/p>\n<p><strong>\u00bfQU\u00c9 SON LAS COOKIES?<\/strong><\/p>\n<p>Las cookies son peque\u00f1as cadenas de texto que los sitios visitados env\u00edan al navegador del usuario, donde se almacenan, y luego se retransmiten a los mismos sitios la pr\u00f3xima vez que el mismo usuario los visite. T\u00e9cnicamente, una cookie es una l\u00ednea de texto que contiene el nombre del sitio web del que procede la cookie, la duraci\u00f3n de la misma, un valor formado por un n\u00famero generado aleatoriamente por el ordenador y la fecha de creaci\u00f3n y vencimiento.<\/p>\n<p>Se habla de cookie de:<\/p>\n<ul>\n<li><strong>PRIMERA PARTE<\/strong>\u00a0cuando la cookie es instalada por el mismo administrador del sitio,<\/li>\n<li><strong>TERCEROS<\/strong>\u00a0cuando la cookie es enviada por sitios o servidores web distintos del sitio web visitado por el usuario.<\/li>\n<\/ul>\n<p>Adem\u00e1s, las cookies se pueden dividir en:<\/p>\n<ul>\n<li><strong>cookies t\u00e9cnicas<\/strong>, las cookies t\u00e9cnicas son aquellas imprescindibles para el correcto funcionamiento del sitio y permiten al usuario navegar y utilizar r\u00e1pidamente la web; normalmente los instala el administrador del sitio web; seg\u00fan sea necesario para el correcto funcionamiento del sitio y para prestar los servicios internamente, no es necesario solicitar el consentimiento del usuario;<\/li>\n<li><strong>cookies anal\u00edticas<\/strong>, que se utilizan para recopilar informaci\u00f3n, en forma agregada, sobre el n\u00famero de los usuarios y la forma en que visitan el sitio mismo, y por tanto elaboran estad\u00edsticas generales sobre el servicio y sobre su uso. Se asimilan a las cookies t\u00e9cnicas donde se utilicen directamente por el administrador del sitio o bien por terceros si se adoptan herramientas adecuadas para reducir el poder de identificaci\u00f3n de las cookies anal\u00edticas (mediante anonimizaci\u00f3n de las direcciones IP) junto a compromisos contractuales que vinculen al tercero a no enriquecer o cruzar los datos procedentes de las cookies con otra informaci\u00f3n de la que dispone;<\/li>\n<li><strong>cookies de elaboraci\u00f3n de perfiles<\/strong>, se utilizan para hacer un seguimiento y elaborar perfiles de los usuarios durante la navegaci\u00f3n con el fin de enviar publicidad de servicios espec\u00edficos y personalizados. Debido a su car\u00e1cter invasivo, el Reglamento europeo prev\u00e9 la necesidad de solicitar un consentimiento expl\u00edcito, como base jur\u00eddica de la elaboraci\u00f3n de perfiles.<\/li>\n<\/ul>\n<p><strong>COOKIES T\u00c9CNICAS<\/strong><\/p>\n<p>Este tipo de cookies permite el\u00a0funcionamiento correcto de algunas secciones del Sitio.<\/p>\n<p>Son de dos categor\u00edas: persistentes y de sesi\u00f3n.<\/p>\n<p><strong>&#8211; persistentes<\/strong>: una vez cerrado el navegador no desaparecen, sino que permanecen hasta una fecha de vencimiento fijada previamente;<\/p>\n<p><strong>&#8211; de sesi\u00f3n<\/strong>: desaparecen cada vez que se cierra el navegador.<\/p>\n<p>Estas cookies, enviadas siempre desde nuestro dominio, son necesarias para visualizar correctamente el sitio y en relaci\u00f3n con los servicios t\u00e9cnicos ofrecidos, por lo tanto, siempre se utilizar\u00e1n y se enviar\u00e1n.<\/p>\n<p>A continuaci\u00f3n, proporcionamos la lista de cookies t\u00e9cnicas utilizadas por este Sitio:<\/p>\n<ul>\n<li>&gt;&gt;&gt; cookies-auth \u2013 persistente \u2013 usada para recordar pulsar el bot\u00f3n \u00abok\u00bb en el aviso sobre cookies.<\/li>\n<li>&gt;&gt;&gt; PHPSESSID[id] \u2013 de sesi\u00f3n \u2013 usada por el servidor PHP para identificar la sesi\u00f3n individual de un usuario.<\/li>\n<li>&gt;&gt;&gt; icl_current_language, utilizada por WPML para gestionar las traducciones multiling\u00fces dentro del sitio.<\/li>\n<\/ul>\n<p><strong>COOKIES ANAL\u00cdTICAS<\/strong><\/p>\n<p>En este sitio no se instalan cookies anal\u00edticas<\/p>\n<p><strong>SITIOS WEB Y SERVICIOS DE TERCEROS<\/strong><\/p>\n<p>El Sitio podr\u00eda contener conexiones a otros sitios web que disponen de su propio aviso de privacidad, que puede ser diferente del adoptado por este sitio y que, por lo tanto,\u00a0<strong>no responde<\/strong>\u00a0de estos sitios.<\/p>\n<p><strong>COOKIES DE ELABORACI\u00d3N DE PERFILES<\/strong><\/p>\n<p>En este sitio no se instalan cookies de elaboraci\u00f3n de perfiles<\/p>\n<p><strong>MODALIDADES DEL TRATAMIENTO<\/strong><\/p>\n<p>El tratamiento se lleva a cabo mediante instrumentos automatizados por personal autorizado interno del responsable y\/o por empresas externas para finalidades ocasionales de mantenimiento y asistencia. No se efect\u00faa ninguna difusi\u00f3n.<\/p>\n<p><strong>\u00bfC\u00d3MO DESHABILITAR LAS COOKIES?<\/strong><\/p>\n<p>En el sitio solo existen cookies t\u00e9cnicas que el usuario no puede desactivar mediante la configuraci\u00f3n de su navegador, ya que son instaladas autom\u00e1ticamente por el administrador en el primer acceso por ser necesarias para la correcta navegaci\u00f3n y uso de los servicios que ofrece el sitio.<\/p>\n<p><strong>DERECHOS DEL INTERESADO<\/strong><\/p>\n<p>De conformidad con el Cap\u00edtulo III del RGPD, el interesado siempre tiene derecho a solicitar al responsable el acceso a sus datos, su rectificaci\u00f3n o su supresi\u00f3n, la limitaci\u00f3n del tratamiento o la posibilidad de oponerse al tratamiento, a solicitar la portabilidad de los datos, a retirar el consentimiento (si se ha concedido) al tratamiento, haciendo valer estos y los dem\u00e1s derechos previstos por el RGPD, mediante simple comunicaci\u00f3n al responsable. Por \u00faltimo, el interesado tiene derecho a presentar una reclamaci\u00f3n ante una Autoridad de control si considera que el tratamiento de datos que le conciernen infringe la normativa aplicable a la protecci\u00f3n de sus datos.<\/p>\n<p>El responsable del tratamiento es\u00a0<strong>CMR Riduttori S.r.l.<\/strong>,\u00a0con domicilio social en Via Giovanni Falcone, 2\/A -Borzano di Albinea (Reggio Emilia) ITALIA.<\/p>\n<p>Para solicitar informaci\u00f3n sobre el tratamiento de datos o para ejercer los derechos mencionados en el punto anterior, le rogamos p\u00f3ngase en contacto mediante la direcci\u00f3n de correo electr\u00f3nico:\u00a0<a href=\"mailto:%20privacycmr@cmr.it\">privacycmr@cmr.it<\/a><\/p>\n","protected":false},"excerpt":{"rendered":"<p>COOKIES Aviso divulgado por\u00a0CMR Riduttori S.r.l.\u00a0Responsable del tratamiento, del sitio web\u00a0www.cmr-riduttori.it\u00a0 en conformidad del Reglamento UE 2016\/679 y teniendo en cuenta la Medida de la Autoridad de Supervisi\u00f3n 8 de mayo de 2014 \u00abIdentificaci\u00f3n de las modalidades simplificadas para la informaci\u00f3n y la adquisici\u00f3n del consentimiento para el uso de las cookies\u00bb y de las &hellip; <a href=\"https:\/\/www.cmr-riduttori.it\/es\/cookie-policy\/\">Continued<\/a><\/p>\n","protected":false},"author":2,"featured_media":0,"parent":0,"menu_order":9,"comment_status":"closed","ping_status":"closed","template":"","meta":[],"yoast_head":"<!-- This site is optimized with the Yoast SEO plugin v17.1 - https:\/\/yoast.com\/wordpress\/plugins\/seo\/ -->\n<title>Cookies - CMR riduttori<\/title>\n<meta name=\"robots\" content=\"index, follow, max-snippet:-1, max-image-preview:large, max-video-preview:-1\" \/>\n<link rel=\"canonical\" href=\"https:\/\/www.cmr-riduttori.it\/es\/cookie-policy\/\" \/>\n<meta property=\"og:locale\" content=\"es_ES\" \/>\n<meta property=\"og:type\" content=\"article\" \/>\n<meta property=\"og:title\" content=\"Cookies - CMR riduttori\" \/>\n<meta property=\"og:description\" content=\"COOKIES Aviso divulgado por\u00a0CMR Riduttori S.r.l.\u00a0Responsable del tratamiento, del sitio web\u00a0www.cmr-riduttori.it\u00a0 en conformidad del Reglamento UE 2016\/679 y teniendo en cuenta la Medida de la Autoridad de Supervisi\u00f3n 8 de mayo de 2014 \u00abIdentificaci\u00f3n de las modalidades simplificadas para la informaci\u00f3n y la adquisici\u00f3n del consentimiento para el uso de las cookies\u00bb y de las &hellip; Continued\" \/>\n<meta property=\"og:url\" content=\"https:\/\/www.cmr-riduttori.it\/es\/cookie-policy\/\" \/>\n<meta property=\"og:site_name\" content=\"CMR riduttori\" \/>\n<meta property=\"article:modified_time\" content=\"2023-07-25T15:38:06+00:00\" \/>\n<meta name=\"twitter:card\" content=\"summary_large_image\" \/>\n<meta name=\"twitter:label1\" content=\"Tiempo de lectura\" \/>\n\t<meta name=\"twitter:data1\" content=\"5 minutos\" \/>\n<script type=\"application\/ld+json\" class=\"yoast-schema-graph\">{\"@context\":\"https:\/\/schema.org\",\"@graph\":[{\"@type\":\"WebSite\",\"@id\":\"https:\/\/www.cmr-riduttori.it\/es\/#website\",\"url\":\"https:\/\/www.cmr-riduttori.it\/es\/\",\"name\":\"CMR riduttori\",\"description\":\"\",\"potentialAction\":[{\"@type\":\"SearchAction\",\"target\":{\"@type\":\"EntryPoint\",\"urlTemplate\":\"https:\/\/www.cmr-riduttori.it\/es\/?s={search_term_string}\"},\"query-input\":\"required name=search_term_string\"}],\"inLanguage\":\"es\"},{\"@type\":\"WebPage\",\"@id\":\"https:\/\/www.cmr-riduttori.it\/es\/cookie-policy\/#webpage\",\"url\":\"https:\/\/www.cmr-riduttori.it\/es\/cookie-policy\/\",\"name\":\"Cookies - CMR riduttori\",\"isPartOf\":{\"@id\":\"https:\/\/www.cmr-riduttori.it\/es\/#website\"},\"datePublished\":\"2021-09-08T07:00:12+00:00\",\"dateModified\":\"2023-07-25T15:38:06+00:00\",\"breadcrumb\":{\"@id\":\"https:\/\/www.cmr-riduttori.it\/es\/cookie-policy\/#breadcrumb\"},\"inLanguage\":\"es\",\"potentialAction\":[{\"@type\":\"ReadAction\",\"target\":[\"https:\/\/www.cmr-riduttori.it\/es\/cookie-policy\/\"]}]},{\"@type\":\"BreadcrumbList\",\"@id\":\"https:\/\/www.cmr-riduttori.it\/es\/cookie-policy\/#breadcrumb\",\"itemListElement\":[{\"@type\":\"ListItem\",\"position\":1,\"name\":\"Home\",\"item\":\"https:\/\/www.cmr-riduttori.it\/es\/\"},{\"@type\":\"ListItem\",\"position\":2,\"name\":\"Cookies\"}]}]}<\/script>\n<!-- \/ Yoast SEO plugin. -->","yoast_head_json":{"title":"Cookies - CMR riduttori","robots":{"index":"index","follow":"follow","max-snippet":"max-snippet:-1","max-image-preview":"max-image-preview:large","max-video-preview":"max-video-preview:-1"},"canonical":"https:\/\/www.cmr-riduttori.it\/es\/cookie-policy\/","og_locale":"es_ES","og_type":"article","og_title":"Cookies - CMR riduttori","og_description":"COOKIES Aviso divulgado por\u00a0CMR Riduttori S.r.l.\u00a0Responsable del tratamiento, del sitio web\u00a0www.cmr-riduttori.it\u00a0 en conformidad del Reglamento UE 2016\/679 y teniendo en cuenta la Medida de la Autoridad de Supervisi\u00f3n 8 de mayo de 2014 \u00abIdentificaci\u00f3n de las modalidades simplificadas para la informaci\u00f3n y la adquisici\u00f3n del consentimiento para el uso de las cookies\u00bb y de las &hellip; Continued","og_url":"https:\/\/www.cmr-riduttori.it\/es\/cookie-policy\/","og_site_name":"CMR riduttori","article_modified_time":"2023-07-25T15:38:06+00:00","twitter_card":"summary_large_image","twitter_misc":{"Tiempo de lectura":"5 minutos"},"schema":{"@context":"https:\/\/schema.org","@graph":[{"@type":"WebSite","@id":"https:\/\/www.cmr-riduttori.it\/es\/#website","url":"https:\/\/www.cmr-riduttori.it\/es\/","name":"CMR riduttori","description":"","potentialAction":[{"@type":"SearchAction","target":{"@type":"EntryPoint","urlTemplate":"https:\/\/www.cmr-riduttori.it\/es\/?s={search_term_string}"},"query-input":"required name=search_term_string"}],"inLanguage":"es"},{"@type":"WebPage","@id":"https:\/\/www.cmr-riduttori.it\/es\/cookie-policy\/#webpage","url":"https:\/\/www.cmr-riduttori.it\/es\/cookie-policy\/","name":"Cookies - CMR riduttori","isPartOf":{"@id":"https:\/\/www.cmr-riduttori.it\/es\/#website"},"datePublished":"2021-09-08T07:00:12+00:00","dateModified":"2023-07-25T15:38:06+00:00","breadcrumb":{"@id":"https:\/\/www.cmr-riduttori.it\/es\/cookie-policy\/#breadcrumb"},"inLanguage":"es","potentialAction":[{"@type":"ReadAction","target":["https:\/\/www.cmr-riduttori.it\/es\/cookie-policy\/"]}]},{"@type":"BreadcrumbList","@id":"https:\/\/www.cmr-riduttori.it\/es\/cookie-policy\/#breadcrumb","itemListElement":[{"@type":"ListItem","position":1,"name":"Home","item":"https:\/\/www.cmr-riduttori.it\/es\/"},{"@type":"ListItem","position":2,"name":"Cookies"}]}]}},"_links":{"self":[{"href":"https:\/\/www.cmr-riduttori.it\/es\/wp-json\/wp\/v2\/pages\/24"}],"collection":[{"href":"https:\/\/www.cmr-riduttori.it\/es\/wp-json\/wp\/v2\/pages"}],"about":[{"href":"https:\/\/www.cmr-riduttori.it\/es\/wp-json\/wp\/v2\/types\/page"}],"author":[{"embeddable":true,"href":"https:\/\/www.cmr-riduttori.it\/es\/wp-json\/wp\/v2\/users\/2"}],"replies":[{"embeddable":true,"href":"https:\/\/www.cmr-riduttori.it\/es\/wp-json\/wp\/v2\/comments?post=24"}],"version-history":[{"count":17,"href":"https:\/\/www.cmr-riduttori.it\/es\/wp-json\/wp\/v2\/pages\/24\/revisions"}],"predecessor-version":[{"id":870,"href":"https:\/\/www.cmr-riduttori.it\/es\/wp-json\/wp\/v2\/pages\/24\/revisions\/870"}],"wp:attachment":[{"href":"https:\/\/www.cmr-riduttori.it\/es\/wp-json\/wp\/v2\/media?parent=24"}],"curies":[{"name":"wp","href":"https:\/\/api.w.org\/{rel}","templated":true}]}}