{"id":572,"date":"2021-10-11T08:33:02","date_gmt":"2021-10-11T08:33:02","guid":{"rendered":"https:\/\/22234.femarlabs.com\/?page_id=572"},"modified":"2021-11-03T09:19:50","modified_gmt":"2021-11-03T09:19:50","slug":"informativa-clienti-e-fornitori","status":"publish","type":"page","link":"https:\/\/www.cmr-riduttori.it\/es\/informativa-clienti-e-fornitori\/","title":{"rendered":"Informacio\u0301n Clientes\/Proveedores"},"content":{"rendered":"<h2>INFORMACI\u00d3N CLIENTES\/PROVEEDORES<\/h2>\n<p>Estimado Clientes\/Proveedores,<\/p>\n<p>La Empresa\u00a0<strong>CMR Riduttori S.r.l.<\/strong>, con domicilio social en Via Giovanni Falcone, 2\/A &#8211; Borzano di Albinea (Reggio Emilia) ITALIA, responsable del tratamiento de sus datos personales, en virtud del art. 13 del Reglamento UE 2016\/67 (\u00abRGPD\u00bb), le informa de lo siguiente por lo que respecta a los datos personales facilitados por usted\u00a0<strong>para la instauraci\u00f3n de una relaci\u00f3n contractual y comercial.<\/strong><\/p>\n<p><strong>\u00a0<\/strong>En particular\u00a0<strong>CMR Riduttori S.r.l.<\/strong>, en calidad de responsable, podr\u00e1 tratar:<\/p>\n<ul>\n<li>datos personales generales, n\u00famero de identificaci\u00f3n fiscal, raz\u00f3n social, n\u00fam. de identificaci\u00f3n a efectos del IVA, domicilio social;<\/li>\n<li>datos de direcci\u00f3n y de contacto del representante legal, socios\/trabajadores y\/o personas internas de referencia;<\/li>\n<li>datos de tipo contable relativos a la relaci\u00f3n econ\u00f3mica, a la gesti\u00f3n administrativa y a los pagos.<\/li>\n<\/ul>\n<h2><strong>Fines y base jur\u00eddica del tratamiento<\/strong><\/h2>\n<p>Los datos personales antes mencionados ser\u00e1n tratados para los siguientes fines:<\/p>\n<ol>\n<li><u>Para la ejecuci\u00f3n de una relaci\u00f3n contractual y\/o medidas precontractuales, as\u00ed como la consiguiente gesti\u00f3n administrativa (administraci\u00f3n de contratos, pedidos, env\u00edos y facturas, control de fiabilidad y solvencia);\u00a0<\/u>Por consiguiente, el tratamiento de sus datos es necesario para la ejecuci\u00f3n de una relaci\u00f3n contractual o en fase precontractual (art. 6, apdo. 1, letra b) del RGPD) y para el cumplimiento de obligaciones legales aplicables al responsable del tratamiento (art. 6, apdo. 1, letra c) del RGPD).<\/li>\n<li><u>Para la comunicaci\u00f3n a terceros y\/o destinatarios<\/u>\u00a0(como entidades p\u00fablicas, asesores necesarios para la ejecuci\u00f3n de servicios)\u00a0<u>para actividades vinculadas y necesarias para la relaci\u00f3n<\/u>; dicha comunicaci\u00f3n es necesaria para la realizaci\u00f3n de actividades contractuales, para el cumplimiento de obligaciones de ley y para la satisfacci\u00f3n de un inter\u00e9s leg\u00edtimo del responsable en relaci\u00f3n con la organizaci\u00f3n de la actividad empresarial.<\/li>\n<li><u>Para la gesti\u00f3n de controversias (incumplimientos contractuales, cobro de deudas)<\/u>; La gesti\u00f3n de las controversias halla su base jur\u00eddica en la satisfacci\u00f3n de un inter\u00e9s leg\u00edtimo del responsable (art. 6, apdo. 1, letra f) del RGPD) de hacer valer sus derechos en sede judicial.<\/li>\n<\/ol>\n<p>No se lleva a cabo el tratamiento de categor\u00edas especiales de datos tal y como se enumeran en el art. 9 del RGPD.<\/p>\n<p>La aportaci\u00f3n de los datos para los fines contractuales y legales es necesaria para el desempe\u00f1o de la relaci\u00f3n contractual; si no se aportan, ello conlleva para el responsable la imposibilidad de dar curso a la relaci\u00f3n.<\/p>\n<p><strong>Transferencia de datos a terceros pa\u00edses<\/strong><\/p>\n<p>No est\u00e1 prevista ninguna transferencia de sus datos a pa\u00edses fuera de la UE.<\/p>\n<p><strong>Per\u00edodo de conservaci\u00f3n de los datos<\/strong><\/p>\n<p>Sus datos personales se conservan durante el tiempo necesario para la realizaci\u00f3n de las actividades vinculadas con la gesti\u00f3n de la relaci\u00f3n contractual y para los cumplimientos, incluso legales, que se derivan de ello.<\/p>\n<p><strong>Destinatarios del tratamiento<\/strong><\/p>\n<p>El tratamiento de los datos ser\u00e1 llevado a cabo internamente por sujetos nombrados autorizados para dicho tratamiento.<\/p>\n<p>Adem\u00e1s, los datos se pondr\u00e1n en conocimiento, en calidad de encargados del tratamiento:<\/p>\n<ul>\n<li>del contable para el asesoramiento fiscal;<\/li>\n<li>de las empresas inform\u00e1ticas para el mantenimiento hardware, software;<\/li>\n<li>del asesor de marketing y comunicaci\u00f3n;<\/li>\n<li>del asesor en \u00e1mbito de protecci\u00f3n de los datos personales;<\/li>\n<li>de la Junta de revisi\u00f3n para las comprobaciones contables y fiscales.<\/li>\n<\/ul>\n<p>En el desempe\u00f1o de su actividad y para la satisfacci\u00f3n de los fines antes mencionados, el responsable podr\u00eda comunicar sus datos personales a:<\/p>\n<ul>\n<li>organismos de la administraci\u00f3n p\u00fablica, entidades o autoridades que act\u00faan en su calidad de responsables aut\u00f3nomos del tratamiento, a los que sea obligatorio comunicar los datos en virtud de disposiciones de ley u \u00f3rdenes de las autoridades;<\/li>\n<li>proveedores de servicios estrechamente vinculados y funcionales a la actividad del responsable, como asesores legales, transportistas, instituciones bancarias, asesores financieros y calidad. En este caso, la base de legitimidad viene dada por la satisfacci\u00f3n de un inter\u00e9s leg\u00edtimo del responsable en referencia a la organizaci\u00f3n de la actividad empresarial o a la protecci\u00f3n de un derecho en sede judicial,\u00a0<strong>ning\u00fan dato es objeto de difusi\u00f3n<\/strong>.<\/li>\n<\/ul>\n<p><strong>\u00a0Derechos del interesado<\/strong><\/p>\n<p>El interesado tiene derecho a solicitar al responsable el acceso a los datos, la rectificaci\u00f3n, la supresi\u00f3n de los mismos, la limitaci\u00f3n del tratamiento, o bien a oponerse al tratamiento de los datos, adem\u00e1s del derecho a la portabilidad de los datos, a las condiciones establecidas por los arts. 15, 16, 17, 18, 20, 21 del Reglamento UE 2016\/679.<\/p>\n<p>Por \u00faltimo, el interesado tiene derecho a presentar reclamaci\u00f3n a una Autoridad de control si considera que el tratamiento que lo afecta es contrario al Reglamento europeo.<\/p>\n<p><strong>Datos de identificaci\u00f3n del responsable<\/strong><\/p>\n<p>El responsable del tratamiento de sus datos es\u00a0<strong>CMR Riduttori S.r.l.<\/strong>, con domicilio social en Via Giovanni Falcone, 2\/A &#8211; Borzano di Albinea (Reggio Emilia) ITALIA direcci\u00f3n de correo electr\u00f3nico:\u00a0<a href=\"mailto:%20privacycmr@cmr.it\">privacycmr@cmr.it<\/a><\/p>\n","protected":false},"excerpt":{"rendered":"<p>INFORMACI\u00d3N CLIENTES\/PROVEEDORES Estimado Clientes\/Proveedores, La Empresa\u00a0CMR Riduttori S.r.l., con domicilio social en Via Giovanni Falcone, 2\/A &#8211; Borzano di Albinea (Reggio Emilia) ITALIA, responsable del tratamiento de sus datos personales, en virtud del art. 13 del Reglamento UE 2016\/67 (\u00abRGPD\u00bb), le informa de lo siguiente por lo que respecta a los datos personales facilitados por &hellip; <a href=\"https:\/\/www.cmr-riduttori.it\/es\/informativa-clienti-e-fornitori\/\">Continued<\/a><\/p>\n","protected":false},"author":4,"featured_media":0,"parent":0,"menu_order":0,"comment_status":"closed","ping_status":"closed","template":"","meta":[],"yoast_head":"<!-- This site is optimized with the Yoast SEO plugin v17.1 - https:\/\/yoast.com\/wordpress\/plugins\/seo\/ -->\n<title>Informacio\u0301n Clientes\/Proveedores - CMR riduttori<\/title>\n<meta name=\"robots\" content=\"index, follow, max-snippet:-1, max-image-preview:large, max-video-preview:-1\" \/>\n<link rel=\"canonical\" href=\"https:\/\/www.cmr-riduttori.it\/es\/informativa-clienti-e-fornitori\/\" \/>\n<meta property=\"og:locale\" content=\"es_ES\" \/>\n<meta property=\"og:type\" content=\"article\" \/>\n<meta property=\"og:title\" content=\"Informacio\u0301n Clientes\/Proveedores - CMR riduttori\" \/>\n<meta property=\"og:description\" content=\"INFORMACI\u00d3N CLIENTES\/PROVEEDORES Estimado Clientes\/Proveedores, La Empresa\u00a0CMR Riduttori S.r.l., con domicilio social en Via Giovanni Falcone, 2\/A &#8211; Borzano di Albinea (Reggio Emilia) ITALIA, responsable del tratamiento de sus datos personales, en virtud del art. 13 del Reglamento UE 2016\/67 (\u00abRGPD\u00bb), le informa de lo siguiente por lo que respecta a los datos personales facilitados por &hellip; Continued\" \/>\n<meta property=\"og:url\" content=\"https:\/\/www.cmr-riduttori.it\/es\/informativa-clienti-e-fornitori\/\" \/>\n<meta property=\"og:site_name\" content=\"CMR riduttori\" \/>\n<meta property=\"article:modified_time\" content=\"2021-11-03T09:19:50+00:00\" \/>\n<meta name=\"twitter:card\" content=\"summary_large_image\" \/>\n<meta name=\"twitter:label1\" content=\"Tiempo de lectura\" \/>\n\t<meta name=\"twitter:data1\" content=\"4 minutos\" \/>\n<script type=\"application\/ld+json\" class=\"yoast-schema-graph\">{\"@context\":\"https:\/\/schema.org\",\"@graph\":[{\"@type\":\"WebSite\",\"@id\":\"https:\/\/www.cmr-riduttori.it\/es\/#website\",\"url\":\"https:\/\/www.cmr-riduttori.it\/es\/\",\"name\":\"CMR riduttori\",\"description\":\"\",\"potentialAction\":[{\"@type\":\"SearchAction\",\"target\":{\"@type\":\"EntryPoint\",\"urlTemplate\":\"https:\/\/www.cmr-riduttori.it\/es\/?s={search_term_string}\"},\"query-input\":\"required name=search_term_string\"}],\"inLanguage\":\"es\"},{\"@type\":\"WebPage\",\"@id\":\"https:\/\/www.cmr-riduttori.it\/es\/informativa-clienti-e-fornitori\/#webpage\",\"url\":\"https:\/\/www.cmr-riduttori.it\/es\/informativa-clienti-e-fornitori\/\",\"name\":\"Informacio\\u0301n Clientes\/Proveedores - CMR riduttori\",\"isPartOf\":{\"@id\":\"https:\/\/www.cmr-riduttori.it\/es\/#website\"},\"datePublished\":\"2021-10-11T08:33:02+00:00\",\"dateModified\":\"2021-11-03T09:19:50+00:00\",\"breadcrumb\":{\"@id\":\"https:\/\/www.cmr-riduttori.it\/es\/informativa-clienti-e-fornitori\/#breadcrumb\"},\"inLanguage\":\"es\",\"potentialAction\":[{\"@type\":\"ReadAction\",\"target\":[\"https:\/\/www.cmr-riduttori.it\/es\/informativa-clienti-e-fornitori\/\"]}]},{\"@type\":\"BreadcrumbList\",\"@id\":\"https:\/\/www.cmr-riduttori.it\/es\/informativa-clienti-e-fornitori\/#breadcrumb\",\"itemListElement\":[{\"@type\":\"ListItem\",\"position\":1,\"name\":\"Home\",\"item\":\"https:\/\/www.cmr-riduttori.it\/es\/\"},{\"@type\":\"ListItem\",\"position\":2,\"name\":\"Informacio\\u0301n Clientes\/Proveedores\"}]}]}<\/script>\n<!-- \/ Yoast SEO plugin. -->","yoast_head_json":{"title":"Informacio\u0301n Clientes\/Proveedores - CMR riduttori","robots":{"index":"index","follow":"follow","max-snippet":"max-snippet:-1","max-image-preview":"max-image-preview:large","max-video-preview":"max-video-preview:-1"},"canonical":"https:\/\/www.cmr-riduttori.it\/es\/informativa-clienti-e-fornitori\/","og_locale":"es_ES","og_type":"article","og_title":"Informacio\u0301n Clientes\/Proveedores - CMR riduttori","og_description":"INFORMACI\u00d3N CLIENTES\/PROVEEDORES Estimado Clientes\/Proveedores, La Empresa\u00a0CMR Riduttori S.r.l., con domicilio social en Via Giovanni Falcone, 2\/A &#8211; Borzano di Albinea (Reggio Emilia) ITALIA, responsable del tratamiento de sus datos personales, en virtud del art. 13 del Reglamento UE 2016\/67 (\u00abRGPD\u00bb), le informa de lo siguiente por lo que respecta a los datos personales facilitados por &hellip; Continued","og_url":"https:\/\/www.cmr-riduttori.it\/es\/informativa-clienti-e-fornitori\/","og_site_name":"CMR riduttori","article_modified_time":"2021-11-03T09:19:50+00:00","twitter_card":"summary_large_image","twitter_misc":{"Tiempo de lectura":"4 minutos"},"schema":{"@context":"https:\/\/schema.org","@graph":[{"@type":"WebSite","@id":"https:\/\/www.cmr-riduttori.it\/es\/#website","url":"https:\/\/www.cmr-riduttori.it\/es\/","name":"CMR riduttori","description":"","potentialAction":[{"@type":"SearchAction","target":{"@type":"EntryPoint","urlTemplate":"https:\/\/www.cmr-riduttori.it\/es\/?s={search_term_string}"},"query-input":"required name=search_term_string"}],"inLanguage":"es"},{"@type":"WebPage","@id":"https:\/\/www.cmr-riduttori.it\/es\/informativa-clienti-e-fornitori\/#webpage","url":"https:\/\/www.cmr-riduttori.it\/es\/informativa-clienti-e-fornitori\/","name":"Informacio\u0301n Clientes\/Proveedores - CMR riduttori","isPartOf":{"@id":"https:\/\/www.cmr-riduttori.it\/es\/#website"},"datePublished":"2021-10-11T08:33:02+00:00","dateModified":"2021-11-03T09:19:50+00:00","breadcrumb":{"@id":"https:\/\/www.cmr-riduttori.it\/es\/informativa-clienti-e-fornitori\/#breadcrumb"},"inLanguage":"es","potentialAction":[{"@type":"ReadAction","target":["https:\/\/www.cmr-riduttori.it\/es\/informativa-clienti-e-fornitori\/"]}]},{"@type":"BreadcrumbList","@id":"https:\/\/www.cmr-riduttori.it\/es\/informativa-clienti-e-fornitori\/#breadcrumb","itemListElement":[{"@type":"ListItem","position":1,"name":"Home","item":"https:\/\/www.cmr-riduttori.it\/es\/"},{"@type":"ListItem","position":2,"name":"Informacio\u0301n Clientes\/Proveedores"}]}]}},"_links":{"self":[{"href":"https:\/\/www.cmr-riduttori.it\/es\/wp-json\/wp\/v2\/pages\/572"}],"collection":[{"href":"https:\/\/www.cmr-riduttori.it\/es\/wp-json\/wp\/v2\/pages"}],"about":[{"href":"https:\/\/www.cmr-riduttori.it\/es\/wp-json\/wp\/v2\/types\/page"}],"author":[{"embeddable":true,"href":"https:\/\/www.cmr-riduttori.it\/es\/wp-json\/wp\/v2\/users\/4"}],"replies":[{"embeddable":true,"href":"https:\/\/www.cmr-riduttori.it\/es\/wp-json\/wp\/v2\/comments?post=572"}],"version-history":[{"count":7,"href":"https:\/\/www.cmr-riduttori.it\/es\/wp-json\/wp\/v2\/pages\/572\/revisions"}],"predecessor-version":[{"id":699,"href":"https:\/\/www.cmr-riduttori.it\/es\/wp-json\/wp\/v2\/pages\/572\/revisions\/699"}],"wp:attachment":[{"href":"https:\/\/www.cmr-riduttori.it\/es\/wp-json\/wp\/v2\/media?parent=572"}],"curies":[{"name":"wp","href":"https:\/\/api.w.org\/{rel}","templated":true}]}}