{"id":8,"date":"2021-09-08T06:58:44","date_gmt":"2021-09-08T06:58:44","guid":{"rendered":"http:\/\/22234.femarlabs.com\/es\/privacy-and-policy\/"},"modified":"2022-03-03T09:43:24","modified_gmt":"2022-03-03T09:43:24","slug":"privacy-and-policy","status":"publish","type":"page","link":"https:\/\/www.cmr-riduttori.it\/es\/privacy-and-policy\/","title":{"rendered":"Poli\u0301tica de Privacidad <br> Aviso sobre el Formulario de Contactos <\/br>"},"content":{"rendered":"<h2><strong>POL\u00cdTICA DE PRIVACIDAD<\/strong><\/h2>\n<p><strong>Aviso en virtud del art. 13 del Reglamento Europeo 2016\/679<\/strong><\/p>\n<p><strong>Pre\u00e1mbulo<\/strong><\/p>\n<p>En esta secci\u00f3n se describen las modalidades de gesti\u00f3n del sitio adoptadas por\u00a0<strong>CMR Riduttori S.r.l.<\/strong>\u00a0en referencia al tratamiento de los datos personales de los usuarios que acceden a \u00e9l y lo consultan. En virtud del Art. 13 del Reglamento UE 2016\/679 relativo a la protecci\u00f3n de las personas f\u00edsicas en lo que se refiere al tratamiento de los datos personales y a la libre circulaci\u00f3n de estos datos,\u00a0<strong>CMR Riduttori S.r.l.<\/strong>\u00a0se propone informar a las personas que interact\u00faan con los servicios ofrecidos por el presente sitio, accesibles por v\u00eda telem\u00e1tica tecleando la direcci\u00f3n: www.cmr-riduttori.it<\/p>\n<p><strong>El responsable del tratamiento<\/strong><\/p>\n<p>Con el fin de proporcionar sus servicios web,\u00a0<strong>CMR Riduttori S.r.l.<\/strong>\u00a0puede tratar datos relativos a personas f\u00edsicas o jur\u00eddicas identificadas o identificables. El responsable de su tratamiento es\u00a0<strong>CMR Riduttori S.r.l.<\/strong>,\u00a0con domicilio social en Via Giovanni Falcone, 2\/A &#8211; Borzano di Albinea (Reggio Emilia) ITALIA.<\/p>\n<p><strong>Lugar de tratamiento de los datos y comunicaci\u00f3n y difusi\u00f3n<\/strong><\/p>\n<p>El siguiente sitio est\u00e1 ubicado f\u00edsicamente \u00aben hosting\u00bb en el territorio italiano. Los datos son manejados \u00fanicamente por personal autorizado al tratamiento por el responsable, o bien por asesores en \u00e1mbito marketing\/comunicaci\u00f3n en calidad de encargados del tratamiento. Los datos tambi\u00e9n podr\u00e1n ser visualizados por la empresa que gestiona el sitio web con car\u00e1cter limitado a los accesos t\u00e9cnicos para necesidades de mantenimiento y gesti\u00f3n del servidor y del sitio web.<\/p>\n<p>El responsable podr\u00eda comunicar los datos que se encuentren en el sitio a entidades o autoridades p\u00fablicas cuando as\u00ed lo exija la Ley o cuando sea necesario para proteger sus derechos. No se difunde ning\u00fan dato derivado del servicio web.<\/p>\n<p><strong>Tipos de datos tratados<\/strong><\/p>\n<p><strong>Datos de navegaci\u00f3n<\/strong><\/p>\n<p>Los sistemas inform\u00e1ticos y los procedimientos de software previstos para el funcionamiento de este sitio web adquieren, durante su funcionamiento normal, algunos datos personales cuya transmisi\u00f3n est\u00e1 impl\u00edcita en el uso de los protocolos de comunicaci\u00f3n de Internet. Esta informaci\u00f3n no se recopila con el fin de asociarla a interesados identificados, pero por su naturaleza, a trav\u00e9s de elaboraciones y asociaciones con datos que est\u00e9n en manos de terceros, podr\u00eda permitir la identificaci\u00f3n de los usuarios. En esta categor\u00eda de datos se incluyen las direcciones IP o los nombres de dominio de los ordenadores utilizados por los usuarios que se conectan al sitio web, las direcciones URI (Uniform Resource Identifier) de los recursos solicitados, el horario de la solicitud, el m\u00e9todo utilizado para enviar la solicitud al servidor, el tama\u00f1o del archivo obtenido como respuesta, el c\u00f3digo num\u00e9rico que indica el estado de la repuesta enviada por el servidor (exitoso, error, etc.) y otros par\u00e1metros relacionados con el sistema operativo y el entorno inform\u00e1tico del usuario. Estos datos se utilizan con el \u00fanico fin de recabar informaci\u00f3n estad\u00edstica an\u00f3nima sobre el uso del sitio web y comprobar que su funcionamiento sea correcto y son borrados inmediatamente despu\u00e9s de su elaboraci\u00f3n. Los datos podr\u00edan ser utilizados para identificar responsabilidades en caso de delitos inform\u00e1ticos hipot\u00e9ticos contra el sitio web.<\/p>\n<p>Datos proporcionados voluntariamente por el usuario<\/p>\n<p>El usuario tiene la posibilidad de interactuar con el sitio proporcionando sus datos en la p\u00e1gina de \u201c<strong>Contactos<\/strong>\u201d.<\/p>\n<p>Mediante esta interacci\u00f3n, el usuario podr\u00e1 proporcionar los siguientes datos personales:<\/p>\n<ul>\n<li>Datos de identificaci\u00f3n, como nombre y apellidos;<\/li>\n<li>Datos de contacto, como la direcci\u00f3n de correo electr\u00f3nico;<\/li>\n<li>Datos inform\u00e1ticos y de navegaci\u00f3n, como la direcci\u00f3n IP y cookies;<\/li>\n<li>Cualquier otra informaci\u00f3n que el usuario proporcione voluntariamente dentro de los mensajes.<\/li>\n<\/ul>\n<p>Se invita a los usuarios a que no env\u00eden en sus comunicaciones datos sensibles, como datos que revelen el origen racial o \u00e9tnico, opiniones pol\u00edticas, convicciones religiosas o filos\u00f3ficas, pertenencia a sindicatos, datos relativos a la salud y a la vida sexual, as\u00ed como datos gen\u00e9ticos y biom\u00e9tricos, y tampoco datos de identificaci\u00f3n de terceros (en este caso, mejor utilizar nombres inventados).<\/p>\n<p><strong>Cookies<\/strong><\/p>\n<p>Toda la informaci\u00f3n relativa a las cookies est\u00e1 disponible en nuestra pol\u00edtica de cookies.<\/p>\n<p><strong>Finalidad del tratamiento<\/strong><\/p>\n<p>El tratamiento que pretendemos llevar a cabo, una vez obtenido el consentimiento cuando sea necesario, tiene los siguientes fines:<\/p>\n<ol>\n<li>permitir la navegaci\u00f3n y la consulta del sitio web;<\/li>\n<li>responder a solicitudes de informaci\u00f3n que recibiremos por correo electr\u00f3nico a trav\u00e9s de la p\u00e1gina \u00abContactos\u00bb de nuestro Sitio;<\/li>\n<li>enviar comunicaciones comerciales y publicitarias sobre iniciativas y productos CMR Riduttori tras el consentimiento de usted, a trav\u00e9s de la p\u00e1gina \u00abContactos\u00bb;<\/li>\n<li>cumplir con obligaciones legales, contables y fiscales;<\/li>\n<li>realizar elaboraciones estad\u00edsticas de naturaleza no identificadora.<\/li>\n<\/ol>\n<p><strong>Base legal y naturaleza obligatoria o voluntaria del tratamiento<\/strong><\/p>\n<p>La base legal del tratamiento de los Datos Personales para los fines contemplados en los puntos nn. 1 y 2 se deriva de la ejecuci\u00f3n de un contrato o de medidas precontractuales (art. 6, apdo. 1, letra b), del Reglamento) o para satisfacer un inter\u00e9s leg\u00edtimo del responsable de responder a las solicitudes del usuario (art. 6 apdo. 1, letra f) del RGPD). La aportaci\u00f3n de los Datos Personales para estos fines es obligatoria para poder recibir respuesta a la solicitud enviada y, en su caso, la falta de aportaci\u00f3n conllevar\u00eda la imposibilidad de activar los Servicios solicitados.<\/p>\n<p>El tratamiento de los datos de los usuarios para el env\u00edo de comunicaciones comerciales y publicitarias (punto n.\u00ba 3) encuentra su base jur\u00eddica en la petici\u00f3n del consentimiento al usuario (art. 6 apdo. 1, letra a) del RGPD). La aportaci\u00f3n de los datos es voluntaria y la \u00fanica consecuencia de la no aportaci\u00f3n es que CMR Riduttori no enviar\u00e1 comunicaciones comerciales.<\/p>\n<p>El fin del punto 4 encuentra su base jur\u00eddica en la necesidad de cumplir con una obligaci\u00f3n legal (art. 6 apdo. 1, letra c), y por \u00faltimo, la elaboraci\u00f3n de estad\u00edsticas de naturaleza no identificadora no est\u00e1 sujeta a la normativa sobre privacidad, ya que no utiliza datos personales, sino solo an\u00f3nimos.<\/p>\n<p><strong>Conservaci\u00f3n de los datos<\/strong><\/p>\n<p>En virtud del art. 5 del Reglamento UE 679\/2016, \u00abPrincipios relativos al tratamiento\u00bb, los datos personales se conservan en una forma que permita la identificaci\u00f3n de los interesados durante un per\u00edodo no superior a la consecuci\u00f3n de los fines para los que son tratados.<\/p>\n<p>Los datos personales de los interesados tambi\u00e9n pueden conservarse durante per\u00edodos m\u00e1s largos, de acuerdo con los cumplimientos relativos a las normativas legales vigentes (por ejemplo, en materia de contabilidad) y, en cualquier caso, aplicando todas las medidas t\u00e9cnicas y organizativas necesarias para activar, en la medida de lo posible, mecanismos de anonimizaci\u00f3n de los datos.<\/p>\n<p>Los datos recopilados con fines de marketing se conservar\u00e1n hasta que se reciba la retirada del consentimiento por parte del usuario o hasta que el mismo se oponga al tratamiento.<\/p>\n<p><strong>Transferencia de datos fuera de la UE<\/strong><\/p>\n<p>Ning\u00fan dato es transferido a pa\u00edses externos a la UE.<\/p>\n<p><strong>Derechos de los interesados<\/strong><br \/>\n<span  id=\"modulo\" ><\/span><br \/>\nEl interesado tiene derecho a solicitar al responsable el acceso a los datos, la rectificaci\u00f3n, la supresi\u00f3n de los mismos, la limitaci\u00f3n del tratamiento o la oposici\u00f3n al tratamiento de los datos, adem\u00e1s del derecho a la portabilidad de los datos, a las condiciones establecidas en los art\u00edculos 15, 16, 17, 18, 20, 21 del Reglamento UE 2016\/679.<\/p>\n<p>Adem\u00e1s, el interesado tiene derecho a retirar su consentimiento en cualquier momento sin afectar a la licitud del tratamiento basada en el consentimiento previo a su retirada.<\/p>\n<p>Por \u00faltimo, el interesado tiene derecho a presentar una reclamaci\u00f3n ante una Autoridad de control si considera que el tratamiento de datos que le conciernen infringe el Reglamento europeo.<\/p>\n<p>Toda comunicaci\u00f3n podr\u00e1 ser enviada al responsable a la direcci\u00f3n de correo electr\u00f3nico:\u00a0<a href=\"mailto:%20privacycmr@cmr.it\">privacycmr@cmr.it<\/a><\/p>\n<h2><strong>AVISO SOBRE EL FORMULARIO DE CONTACTOS<\/strong><\/h2>\n<p><strong>CMR Riduttori S.r.l.<\/strong>, responsable del tratamiento, desea informarle de c\u00f3mo tratar\u00e1 sus datos en virtud del art\u00edculo 13 del Reglamento europeo 2016\/679<\/p>\n<p><strong>Finalidad del tratamiento y base jur\u00eddica<\/strong><\/p>\n<p>Los datos recopilados (nombre y apellidos, direcci\u00f3n de correo electr\u00f3nico y datos insertados por usted voluntariamente en el mensaje) se tratar\u00e1n\u00a0<em>exclusivamente para responder a sus solicitudes de informaci\u00f3n y\/o para elaborar un presupuesto\/oferta que usted pide<\/em>.\u00a0El tratamiento de estos datos no requiere el consentimiento, ya que el tratamiento es necesario para satisfacer las solicitudes precontractuales del interesado (art. 6 apdo. 1, letra b) del RGPD) y por el inter\u00e9s leg\u00edtimo del responsable de tramitar las solicitudes de informaci\u00f3n pedidas por el interesado (art. 6, apdo. 1, letra f) del RGPD).\u00a0La aportaci\u00f3n de los datos es necesaria para recibir respuesta a las solicitudes enviadas al responsable.<\/p>\n<p>Adem\u00e1s, solo tras su consentimiento,\u00a0<strong>CMR Riduttori S.r.l.<\/strong>\u00a0podr\u00e1 tratar sus datos para enviarle\u00a0<em>comunicaciones comerciales e informaci\u00f3n publicitaria<\/em>\u00a0sobre los productos y servicios de\u00a0<strong>CMR Riduttori S.r.l.\u00a0<\/strong><\/p>\n<p>Para este tratamiento ser\u00e1 necesario solicitar su consentimiento, tal y como se establece en el art. 6 apdo. 1, letra a) del Reglamento UE 2016\/679; la aportaci\u00f3n de los datos es voluntaria, por lo que su negativa a aportarlos tiene como consecuencia la imposibilidad de recibir las comunicaciones comerciales de\u00a0<strong>CMR Riduttori S.r.l.<\/strong><\/p>\n<p><strong>Transferencia de datos a terceros pa\u00edses<\/strong><\/p>\n<p>Los datos no ser\u00e1n transferidos a pa\u00edses externos a la UE.<\/p>\n<p><strong>Periodo de conservaci\u00f3n de los datos<\/strong><\/p>\n<p>Los datos se conservar\u00e1n durante el tiempo necesario para responder a las solicitudes del usuario y, posteriormente, para cumplir con obligaciones legales. Los datos recopilados con fines de marketing se conservar\u00e1n hasta que se reciba la retirada del consentimiento por parte del cliente o hasta que este ejercite su derecho de oposici\u00f3n.<\/p>\n<p><strong>Destinatarios de los datos<\/strong><\/p>\n<p>Los datos se pondr\u00e1n en conocimiento de personal interno autorizado para tratar los datos de la clientela, as\u00ed como de asesores de marketing y comunicaci\u00f3n en calidad de encargados del tratamiento. Adem\u00e1s, los datos podr\u00e1n ser comunicados a personal de TI y a empresas inform\u00e1ticas para realizar operaciones ocasionales de mantenimiento.<\/p>\n<p>Los datos no ser\u00e1n objeto de difusi\u00f3n.<\/p>\n<p><strong>Derechos del interesado<\/strong><\/p>\n<p>De conformidad con el Cap\u00edtulo III del RGPD, el interesado siempre tiene derecho a solicitar al responsable el acceso a sus datos, su rectificaci\u00f3n o su supresi\u00f3n, la limitaci\u00f3n del tratamiento o la posibilidad de oponerse al tratamiento, a solicitar la portabilidad de los datos, a retirar el consentimiento (si se ha concedido) al tratamiento, haciendo valer estos y los dem\u00e1s derechos previstos por el RGPD, mediante simple comunicaci\u00f3n al responsable. Por \u00faltimo, el interesado tiene derecho a presentar una reclamaci\u00f3n ante una Autoridad de control si considera que el tratamiento de datos que le conciernen infringe la normativa aplicable a la protecci\u00f3n de sus datos.<\/p>\n<p><strong>Responsable del tratamiento\u00a0<\/strong><\/p>\n<p>El responsable del tratamiento es\u00a0<strong>CMR Riduttori S.r.l.<\/strong>,\u00a0con domicilio social en Via Giovanni Falcone, 2\/A &#8211; Borzano di Albinea (Reggio Emilia) ITALIA.<\/p>\n<p>Para solicitar informaci\u00f3n sobre el tratamiento de datos o para ejercer los derechos mencionados en el punto anterior, le rogamos p\u00f3ngase en contacto mediante la direcci\u00f3n de correo electr\u00f3nico:\u00a0<a href=\"mailto:%20privacycmr@cmr.it\">privacycmr@cmr.it<\/a><\/p>\n","protected":false},"excerpt":{"rendered":"<p>POL\u00cdTICA DE PRIVACIDAD Aviso en virtud del art. 13 del Reglamento Europeo 2016\/679 Pre\u00e1mbulo En esta secci\u00f3n se describen las modalidades de gesti\u00f3n del sitio adoptadas por\u00a0CMR Riduttori S.r.l.\u00a0en referencia al tratamiento de los datos personales de los usuarios que acceden a \u00e9l y lo consultan. En virtud del Art. 13 del Reglamento UE 2016\/679 &hellip; <a href=\"https:\/\/www.cmr-riduttori.it\/es\/privacy-and-policy\/\">Continued<\/a><\/p>\n","protected":false},"author":2,"featured_media":0,"parent":0,"menu_order":8,"comment_status":"closed","ping_status":"closed","template":"","meta":[],"yoast_head":"<!-- This site is optimized with the Yoast SEO plugin v17.1 - https:\/\/yoast.com\/wordpress\/plugins\/seo\/ -->\n<title>Poli\u0301tica de Privacidad  Aviso sobre el Formulario de Contactos  - CMR riduttori<\/title>\n<meta name=\"robots\" content=\"index, follow, max-snippet:-1, max-image-preview:large, max-video-preview:-1\" \/>\n<link rel=\"canonical\" href=\"https:\/\/www.cmr-riduttori.it\/es\/privacy-and-policy\/\" \/>\n<meta property=\"og:locale\" content=\"es_ES\" \/>\n<meta property=\"og:type\" content=\"article\" \/>\n<meta property=\"og:title\" content=\"Poli\u0301tica de Privacidad  Aviso sobre el Formulario de Contactos  - CMR riduttori\" \/>\n<meta property=\"og:description\" content=\"POL\u00cdTICA DE PRIVACIDAD Aviso en virtud del art. 13 del Reglamento Europeo 2016\/679 Pre\u00e1mbulo En esta secci\u00f3n se describen las modalidades de gesti\u00f3n del sitio adoptadas por\u00a0CMR Riduttori S.r.l.\u00a0en referencia al tratamiento de los datos personales de los usuarios que acceden a \u00e9l y lo consultan. En virtud del Art. 13 del Reglamento UE 2016\/679 &hellip; Continued\" \/>\n<meta property=\"og:url\" content=\"https:\/\/www.cmr-riduttori.it\/es\/privacy-and-policy\/\" \/>\n<meta property=\"og:site_name\" content=\"CMR riduttori\" \/>\n<meta property=\"article:modified_time\" content=\"2022-03-03T09:43:24+00:00\" \/>\n<meta name=\"twitter:card\" content=\"summary_large_image\" \/>\n<meta name=\"twitter:label1\" content=\"Tiempo de lectura\" \/>\n\t<meta name=\"twitter:data1\" content=\"10 minutos\" \/>\n<script type=\"application\/ld+json\" class=\"yoast-schema-graph\">{\"@context\":\"https:\/\/schema.org\",\"@graph\":[{\"@type\":\"WebSite\",\"@id\":\"https:\/\/www.cmr-riduttori.it\/es\/#website\",\"url\":\"https:\/\/www.cmr-riduttori.it\/es\/\",\"name\":\"CMR riduttori\",\"description\":\"\",\"potentialAction\":[{\"@type\":\"SearchAction\",\"target\":{\"@type\":\"EntryPoint\",\"urlTemplate\":\"https:\/\/www.cmr-riduttori.it\/es\/?s={search_term_string}\"},\"query-input\":\"required name=search_term_string\"}],\"inLanguage\":\"es\"},{\"@type\":\"WebPage\",\"@id\":\"https:\/\/www.cmr-riduttori.it\/es\/privacy-and-policy\/#webpage\",\"url\":\"https:\/\/www.cmr-riduttori.it\/es\/privacy-and-policy\/\",\"name\":\"Poli\\u0301tica de Privacidad Aviso sobre el Formulario de Contactos - CMR riduttori\",\"isPartOf\":{\"@id\":\"https:\/\/www.cmr-riduttori.it\/es\/#website\"},\"datePublished\":\"2021-09-08T06:58:44+00:00\",\"dateModified\":\"2022-03-03T09:43:24+00:00\",\"breadcrumb\":{\"@id\":\"https:\/\/www.cmr-riduttori.it\/es\/privacy-and-policy\/#breadcrumb\"},\"inLanguage\":\"es\",\"potentialAction\":[{\"@type\":\"ReadAction\",\"target\":[\"https:\/\/www.cmr-riduttori.it\/es\/privacy-and-policy\/\"]}]},{\"@type\":\"BreadcrumbList\",\"@id\":\"https:\/\/www.cmr-riduttori.it\/es\/privacy-and-policy\/#breadcrumb\",\"itemListElement\":[{\"@type\":\"ListItem\",\"position\":1,\"name\":\"Home\",\"item\":\"https:\/\/www.cmr-riduttori.it\/es\/\"},{\"@type\":\"ListItem\",\"position\":2,\"name\":\"Poli\\u0301tica de Privacidad Aviso sobre el Formulario de Contactos\"}]}]}<\/script>\n<!-- \/ Yoast SEO plugin. -->","yoast_head_json":{"title":"Poli\u0301tica de Privacidad  Aviso sobre el Formulario de Contactos  - CMR riduttori","robots":{"index":"index","follow":"follow","max-snippet":"max-snippet:-1","max-image-preview":"max-image-preview:large","max-video-preview":"max-video-preview:-1"},"canonical":"https:\/\/www.cmr-riduttori.it\/es\/privacy-and-policy\/","og_locale":"es_ES","og_type":"article","og_title":"Poli\u0301tica de Privacidad  Aviso sobre el Formulario de Contactos  - CMR riduttori","og_description":"POL\u00cdTICA DE PRIVACIDAD Aviso en virtud del art. 13 del Reglamento Europeo 2016\/679 Pre\u00e1mbulo En esta secci\u00f3n se describen las modalidades de gesti\u00f3n del sitio adoptadas por\u00a0CMR Riduttori S.r.l.\u00a0en referencia al tratamiento de los datos personales de los usuarios que acceden a \u00e9l y lo consultan. En virtud del Art. 13 del Reglamento UE 2016\/679 &hellip; Continued","og_url":"https:\/\/www.cmr-riduttori.it\/es\/privacy-and-policy\/","og_site_name":"CMR riduttori","article_modified_time":"2022-03-03T09:43:24+00:00","twitter_card":"summary_large_image","twitter_misc":{"Tiempo de lectura":"10 minutos"},"schema":{"@context":"https:\/\/schema.org","@graph":[{"@type":"WebSite","@id":"https:\/\/www.cmr-riduttori.it\/es\/#website","url":"https:\/\/www.cmr-riduttori.it\/es\/","name":"CMR riduttori","description":"","potentialAction":[{"@type":"SearchAction","target":{"@type":"EntryPoint","urlTemplate":"https:\/\/www.cmr-riduttori.it\/es\/?s={search_term_string}"},"query-input":"required name=search_term_string"}],"inLanguage":"es"},{"@type":"WebPage","@id":"https:\/\/www.cmr-riduttori.it\/es\/privacy-and-policy\/#webpage","url":"https:\/\/www.cmr-riduttori.it\/es\/privacy-and-policy\/","name":"Poli\u0301tica de Privacidad Aviso sobre el Formulario de Contactos - CMR riduttori","isPartOf":{"@id":"https:\/\/www.cmr-riduttori.it\/es\/#website"},"datePublished":"2021-09-08T06:58:44+00:00","dateModified":"2022-03-03T09:43:24+00:00","breadcrumb":{"@id":"https:\/\/www.cmr-riduttori.it\/es\/privacy-and-policy\/#breadcrumb"},"inLanguage":"es","potentialAction":[{"@type":"ReadAction","target":["https:\/\/www.cmr-riduttori.it\/es\/privacy-and-policy\/"]}]},{"@type":"BreadcrumbList","@id":"https:\/\/www.cmr-riduttori.it\/es\/privacy-and-policy\/#breadcrumb","itemListElement":[{"@type":"ListItem","position":1,"name":"Home","item":"https:\/\/www.cmr-riduttori.it\/es\/"},{"@type":"ListItem","position":2,"name":"Poli\u0301tica de Privacidad Aviso sobre el Formulario de Contactos"}]}]}},"_links":{"self":[{"href":"https:\/\/www.cmr-riduttori.it\/es\/wp-json\/wp\/v2\/pages\/8"}],"collection":[{"href":"https:\/\/www.cmr-riduttori.it\/es\/wp-json\/wp\/v2\/pages"}],"about":[{"href":"https:\/\/www.cmr-riduttori.it\/es\/wp-json\/wp\/v2\/types\/page"}],"author":[{"embeddable":true,"href":"https:\/\/www.cmr-riduttori.it\/es\/wp-json\/wp\/v2\/users\/2"}],"replies":[{"embeddable":true,"href":"https:\/\/www.cmr-riduttori.it\/es\/wp-json\/wp\/v2\/comments?post=8"}],"version-history":[{"count":12,"href":"https:\/\/www.cmr-riduttori.it\/es\/wp-json\/wp\/v2\/pages\/8\/revisions"}],"predecessor-version":[{"id":828,"href":"https:\/\/www.cmr-riduttori.it\/es\/wp-json\/wp\/v2\/pages\/8\/revisions\/828"}],"wp:attachment":[{"href":"https:\/\/www.cmr-riduttori.it\/es\/wp-json\/wp\/v2\/media?parent=8"}],"curies":[{"name":"wp","href":"https:\/\/api.w.org\/{rel}","templated":true}]}}