{"id":24,"date":"2021-09-08T07:00:12","date_gmt":"2021-09-08T07:00:12","guid":{"rendered":"http:\/\/22234.femarlabs.com\/fr\/?page_id=24"},"modified":"2023-07-25T15:27:07","modified_gmt":"2023-07-25T15:27:07","slug":"cookie-policy","status":"publish","type":"page","link":"https:\/\/www.cmr-riduttori.it\/fr\/cookie-policy\/","title":{"rendered":"Cookies"},"content":{"rendered":"<h2>Cookies<\/h2>\n<p>La pr\u00e9sente information est fournie par\u00a0<strong>CMR Riduttori S.r.l.<\/strong>\u00a0Responsable du Traitement des donn\u00e9es, du site web\u00a0<a href=\"http:\/\/www.cmr-riduttori.it\/\">www.cmr-riduttori.it\u00a0<\/a>conform\u00e9ment au r\u00e8glement de l\u2019UE 2016\/679 et compte tenu de la disposition de l\u2019Autorit\u00e9 garante du 8 mai 2014 \u00ab\u00a0<em>Identification des proc\u00e9dures simplifi\u00e9es des informations et d\u2019obtention du consentement pour l\u2019utilisation de cookies<\/em>\u00a0\u00bb et des LIGNES DIRECTRICES SUR L\u2019UTILISATION DES COOKIES ET AUTRES INSTRUMENTS DE TRAITEMENT du 10 juin 2021.<\/p>\n<p><strong>QUE SONT LES COOKIES\u00a0?<\/strong><\/p>\n<p>Les cookies sont des cha\u00eenes de texte de petites dimensions que les sites visit\u00e9s envoient au navigateur de l\u2019utilisateur o\u00f9 ils sont stock\u00e9s, puis retransmis aux m\u00eames sites lors de la prochaine visite du m\u00eame utilisateur. Techniquement, un cookie est une ligne de texte qui contient le nom du site web d\u2019o\u00f9 provient le cookie, la dur\u00e9e du cookie, une valeur constitu\u00e9e d\u2019un nombre g\u00e9n\u00e9r\u00e9 al\u00e9atoirement par l\u2019ordinateur et la date de cr\u00e9ation et d\u2019expiration.<\/p>\n<p>On parle de cookie :<\/p>\n<ul>\n<li><strong>PREMI\u00c8RE PARTIE<\/strong>\u00a0lorsque le cookie est install\u00e9 par l\u2019op\u00e9rateur du site lui-m\u00eame,<\/li>\n<li><strong>TROISI\u00c8MES PARTIES<\/strong>\u00a0lorsque le cookie est envoy\u00e9 \u00e0 partir de sites ou de serveurs web autres que le site web que vous visitez.<\/li>\n<\/ul>\n<p>En outre, les cookies peuvent \u00eatre divis\u00e9s en :<\/p>\n<ul>\n<li><strong>cookies techniques<\/strong> ssur le site, il n&rsquo;y a que des cookies techniques qui ne peuvent pas \u00eatre d\u00e9sactiv\u00e9s par l&rsquo;utilisateur, en configurant son navigateur, car ils sont install\u00e9s automatiquement par le gestionnaire lors du premier acc\u00e8s car ils sont n\u00e9cessaires \u00e0 une navigation correcte et \u00e0 l&rsquo;utilisation des services propos\u00e9s par le site;<\/li>\n<li><strong>cookies analytiques<\/strong>\u00a0qui sont utilis\u00e9s pour collecter des informations sous forme agr\u00e9g\u00e9e, sur le nombre d\u2019utilisateurs et la fa\u00e7on dont ils visitent le site lui-m\u00eame, puis pour traiter des statistiques g\u00e9n\u00e9rales sur le service et son utilisation. Ils sont assimil\u00e9s \u00e0 des cookies techniques lorsqu\u2019ils sont utilis\u00e9s directement par le gestionnaire du site ou par des tiers si des outils appropri\u00e9s sont adopt\u00e9s pour r\u00e9duire le pouvoir d\u2019identification des cookies analytiques (par l\u2019anonymisation des adresses IP), ainsi que des engagements contractuels qui obligent le tiers \u00e0 ne pas enrichir les donn\u00e9es des cookies ou \u00e0 ne pas les croiser avec d\u2019autres informations dont il dispose ;<\/li>\n<li><strong>cookies de profilage<\/strong>\u00a0qui sont utilis\u00e9s pour surveiller et profiler les utilisateurs pendant leur navigation afin de leur envoyer des services publicitaires cibl\u00e9s et personnalis\u00e9s. Compte tenu de leur caract\u00e8re intrusif, le r\u00e8glement europ\u00e9en pr\u00e9voit la n\u00e9cessit\u00e9 de demander un consentement explicite comme base juridique du profilage.<\/li>\n<\/ul>\n<p><strong>COOKIES TECHNIQUES<\/strong><\/p>\n<p>Ce type de cookie permet \u00e0 certaines sections du site de fonctionner correctement.<\/p>\n<p>Il en existe de deux cat\u00e9gories\u00a0: persistants et de session<\/p>\n<p><strong>-persistants<\/strong> : une fois le navigateur ferm\u00e9, ils ne sont pas d\u00e9truits mais restent en place jusqu\u2019\u00e0 une date d\u2019expiration pr\u00e9d\u00e9finie ;<\/p>\n<p><strong>-de session<\/strong> : ils sont d\u00e9truits \u00e0 chaque fois que le navigateur est ferm\u00e9.<\/p>\n<p>Ces cookies, toujours envoy\u00e9s depuis notre domaine, sont n\u00e9cessaires pour afficher correctement le site et en relation avec les services techniques offerts, ils seront donc toujours utilis\u00e9s et envoy\u00e9s.<\/p>\n<p>Voir ci-dessous la liste des cookies techniques utilis\u00e9s par ce site\u00a0:<\/p>\n<ul>\n<li>&gt;&gt;&gt; cookies-auth \u2013 persistant \u2013 utilis\u00e9 pour se souvenir de la pression du bouton \u00ab\u00a0ok\u00a0\u00bb dans l\u2019information sur les cookies.<\/li>\n<li>&gt;&gt;&gt; PHPSESSID[id] \u2013 de session \u2013 utilis\u00e9 par le serveur PHP pour identifier la session individuelle d\u2019un utilisateur.<\/li>\n<li>&gt;&gt;&gt; icl_current_language est utilis\u00e9 par WPML pour g\u00e9rer les traductions multilingues \u00e0 l\u2019int\u00e9rieur du site.<\/li>\n<\/ul>\n<p><strong>COOKIES ANALYTIQUES<\/strong><\/p>\n<p>Aucun cookie analytiques n \u2018est utilis\u00e9 sur ce site web.<\/p>\n<p><strong>SITES WEB ET SERVICES DE TROISI\u00c8MES PARTIES<\/strong><\/p>\n<p>Le site peut contenir des liens vers d\u2019autres sites Web qui ont leurs propres politiques de confidentialit\u00e9, lesquelles peuvent \u00eatre diff\u00e9rentes de celles adopt\u00e9es par le pr\u00e9sent site et, par cons\u00e9quent,\u00a0<strong>ne sont pas responsables de ces sites<\/strong>.<\/p>\n<p><strong>COOKIES DE PROFILAGE<\/strong><\/p>\n<p>Aucun cookie de profilage n \u2018est utilis\u00e9 sur ce site web.<\/p>\n<p><strong>MODALIT\u00c9S DU TRAITEMENT<\/strong><\/p>\n<p>Le traitement est effectu\u00e9 avec des outils automatis\u00e9s par des personnes autoris\u00e9es internes du responsable et\/ou externes \u00e0 des fins de maintenance et d\u2019assistance occasionnelle. Aucune diffusion n\u2019est effectu\u00e9e.<\/p>\n<p><strong>COMMENT D\u00c9SACTIVER LES COOKIES ?<\/strong><\/p>\n<p>Sur le site, il n&rsquo;y a que des cookies techniques qui ne peuvent pas \u00eatre d\u00e9sactiv\u00e9s par l&rsquo;utilisateur, en configurant son navigateur, car ils sont install\u00e9s automatiquement par le gestionnaire lors du premier acc\u00e8s car ils sont n\u00e9cessaires \u00e0 une navigation correcte et \u00e0 l&rsquo;utilisation des services propos\u00e9s par le site.<\/p>\n<p><strong>DROITS DE LA PERSONNE CONCERN\u00c9E<\/strong><\/p>\n<p>Conform\u00e9ment au chapitre III du RGPD, la personne concern\u00e9e a toujours le droit de demander au responsable du traitement l\u2019acc\u00e8s \u00e0 ses donn\u00e9es, leur rectification ou leur effacement, la limitation du traitement ou la possibilit\u00e9 de s\u2019y opposer, de demander la portabilit\u00e9 des donn\u00e9es, de r\u00e9voquer (le cas \u00e9ch\u00e9ant) le consentement au traitement en faisant valoir ces droits et d\u2019autres droits pr\u00e9vus par le RGPD par simple communication au responsable du traitement. Enfin, la personne concern\u00e9e a le droit de d\u00e9poser une plainte aupr\u00e8s d\u2019une autorit\u00e9 de contr\u00f4le si elle estime que le traitement la concernant est contraire \u00e0 la l\u00e9gislation applicable \u00e0 la protection de ses donn\u00e9es.<\/p>\n<p>Le Responsable du Traitement est\u00a0<strong>CMR Riduttori S.r.l.<\/strong>\u00a0dont le si\u00e8ge social est en Via Giovanni Falcone, 2\/A &#8211; Borzano di Albinea (Reggio Emilia) ITALIE.<\/p>\n<p>Pour demander des informations sur le traitement des donn\u00e9es ou pour exercer vos droits au titre du point pr\u00e9c\u00e9dent, veuillez nous contacter par e-mail :\u00a0<a href=\"mailto:%20privacycmr@cmr.it\">privacycmr@cmr.it<\/a><\/p>\n<p>&nbsp;<\/p>\n","protected":false},"excerpt":{"rendered":"<p>Cookies La pr\u00e9sente information est fournie par\u00a0CMR Riduttori S.r.l.\u00a0Responsable du Traitement des donn\u00e9es, du site web\u00a0www.cmr-riduttori.it\u00a0conform\u00e9ment au r\u00e8glement de l\u2019UE 2016\/679 et compte tenu de la disposition de l\u2019Autorit\u00e9 garante du 8 mai 2014 \u00ab\u00a0Identification des proc\u00e9dures simplifi\u00e9es des informations et d\u2019obtention du consentement pour l\u2019utilisation de cookies\u00a0\u00bb et des LIGNES DIRECTRICES SUR L\u2019UTILISATION DES &hellip; <a href=\"https:\/\/www.cmr-riduttori.it\/fr\/cookie-policy\/\">Continued<\/a><\/p>\n","protected":false},"author":2,"featured_media":0,"parent":0,"menu_order":6,"comment_status":"closed","ping_status":"closed","template":"","meta":[],"yoast_head":"<!-- This site is optimized with the Yoast SEO plugin v17.1 - https:\/\/yoast.com\/wordpress\/plugins\/seo\/ -->\n<title>Cookies - CMR riduttori<\/title>\n<meta name=\"robots\" content=\"index, follow, max-snippet:-1, max-image-preview:large, max-video-preview:-1\" \/>\n<link rel=\"canonical\" href=\"https:\/\/www.cmr-riduttori.it\/fr\/cookie-policy\/\" \/>\n<meta property=\"og:locale\" content=\"fr_FR\" \/>\n<meta property=\"og:type\" content=\"article\" \/>\n<meta property=\"og:title\" content=\"Cookies - CMR riduttori\" \/>\n<meta property=\"og:description\" content=\"Cookies La pr\u00e9sente information est fournie par\u00a0CMR Riduttori S.r.l.\u00a0Responsable du Traitement des donn\u00e9es, du site web\u00a0www.cmr-riduttori.it\u00a0conform\u00e9ment au r\u00e8glement de l\u2019UE 2016\/679 et compte tenu de la disposition de l\u2019Autorit\u00e9 garante du 8 mai 2014 \u00ab\u00a0Identification des proc\u00e9dures simplifi\u00e9es des informations et d\u2019obtention du consentement pour l\u2019utilisation de cookies\u00a0\u00bb et des LIGNES DIRECTRICES SUR L\u2019UTILISATION DES &hellip; Continued\" \/>\n<meta property=\"og:url\" content=\"https:\/\/www.cmr-riduttori.it\/fr\/cookie-policy\/\" \/>\n<meta property=\"og:site_name\" content=\"CMR riduttori\" \/>\n<meta property=\"article:modified_time\" content=\"2023-07-25T15:27:07+00:00\" \/>\n<meta name=\"twitter:card\" content=\"summary_large_image\" \/>\n<meta name=\"twitter:label1\" content=\"Dur\u00e9e de lecture est.\" \/>\n\t<meta name=\"twitter:data1\" content=\"7 minutes\" \/>\n<script type=\"application\/ld+json\" class=\"yoast-schema-graph\">{\"@context\":\"https:\/\/schema.org\",\"@graph\":[{\"@type\":\"WebSite\",\"@id\":\"https:\/\/www.cmr-riduttori.it\/fr\/#website\",\"url\":\"https:\/\/www.cmr-riduttori.it\/fr\/\",\"name\":\"CMR riduttori\",\"description\":\"\",\"potentialAction\":[{\"@type\":\"SearchAction\",\"target\":{\"@type\":\"EntryPoint\",\"urlTemplate\":\"https:\/\/www.cmr-riduttori.it\/fr\/?s={search_term_string}\"},\"query-input\":\"required name=search_term_string\"}],\"inLanguage\":\"fr-FR\"},{\"@type\":\"WebPage\",\"@id\":\"https:\/\/www.cmr-riduttori.it\/fr\/cookie-policy\/#webpage\",\"url\":\"https:\/\/www.cmr-riduttori.it\/fr\/cookie-policy\/\",\"name\":\"Cookies - CMR riduttori\",\"isPartOf\":{\"@id\":\"https:\/\/www.cmr-riduttori.it\/fr\/#website\"},\"datePublished\":\"2021-09-08T07:00:12+00:00\",\"dateModified\":\"2023-07-25T15:27:07+00:00\",\"breadcrumb\":{\"@id\":\"https:\/\/www.cmr-riduttori.it\/fr\/cookie-policy\/#breadcrumb\"},\"inLanguage\":\"fr-FR\",\"potentialAction\":[{\"@type\":\"ReadAction\",\"target\":[\"https:\/\/www.cmr-riduttori.it\/fr\/cookie-policy\/\"]}]},{\"@type\":\"BreadcrumbList\",\"@id\":\"https:\/\/www.cmr-riduttori.it\/fr\/cookie-policy\/#breadcrumb\",\"itemListElement\":[{\"@type\":\"ListItem\",\"position\":1,\"name\":\"Home\",\"item\":\"https:\/\/www.cmr-riduttori.it\/fr\/\"},{\"@type\":\"ListItem\",\"position\":2,\"name\":\"Cookies\"}]}]}<\/script>\n<!-- \/ Yoast SEO plugin. -->","yoast_head_json":{"title":"Cookies - CMR riduttori","robots":{"index":"index","follow":"follow","max-snippet":"max-snippet:-1","max-image-preview":"max-image-preview:large","max-video-preview":"max-video-preview:-1"},"canonical":"https:\/\/www.cmr-riduttori.it\/fr\/cookie-policy\/","og_locale":"fr_FR","og_type":"article","og_title":"Cookies - CMR riduttori","og_description":"Cookies La pr\u00e9sente information est fournie par\u00a0CMR Riduttori S.r.l.\u00a0Responsable du Traitement des donn\u00e9es, du site web\u00a0www.cmr-riduttori.it\u00a0conform\u00e9ment au r\u00e8glement de l\u2019UE 2016\/679 et compte tenu de la disposition de l\u2019Autorit\u00e9 garante du 8 mai 2014 \u00ab\u00a0Identification des proc\u00e9dures simplifi\u00e9es des informations et d\u2019obtention du consentement pour l\u2019utilisation de cookies\u00a0\u00bb et des LIGNES DIRECTRICES SUR L\u2019UTILISATION DES &hellip; Continued","og_url":"https:\/\/www.cmr-riduttori.it\/fr\/cookie-policy\/","og_site_name":"CMR riduttori","article_modified_time":"2023-07-25T15:27:07+00:00","twitter_card":"summary_large_image","twitter_misc":{"Dur\u00e9e de lecture est.":"7 minutes"},"schema":{"@context":"https:\/\/schema.org","@graph":[{"@type":"WebSite","@id":"https:\/\/www.cmr-riduttori.it\/fr\/#website","url":"https:\/\/www.cmr-riduttori.it\/fr\/","name":"CMR riduttori","description":"","potentialAction":[{"@type":"SearchAction","target":{"@type":"EntryPoint","urlTemplate":"https:\/\/www.cmr-riduttori.it\/fr\/?s={search_term_string}"},"query-input":"required name=search_term_string"}],"inLanguage":"fr-FR"},{"@type":"WebPage","@id":"https:\/\/www.cmr-riduttori.it\/fr\/cookie-policy\/#webpage","url":"https:\/\/www.cmr-riduttori.it\/fr\/cookie-policy\/","name":"Cookies - CMR riduttori","isPartOf":{"@id":"https:\/\/www.cmr-riduttori.it\/fr\/#website"},"datePublished":"2021-09-08T07:00:12+00:00","dateModified":"2023-07-25T15:27:07+00:00","breadcrumb":{"@id":"https:\/\/www.cmr-riduttori.it\/fr\/cookie-policy\/#breadcrumb"},"inLanguage":"fr-FR","potentialAction":[{"@type":"ReadAction","target":["https:\/\/www.cmr-riduttori.it\/fr\/cookie-policy\/"]}]},{"@type":"BreadcrumbList","@id":"https:\/\/www.cmr-riduttori.it\/fr\/cookie-policy\/#breadcrumb","itemListElement":[{"@type":"ListItem","position":1,"name":"Home","item":"https:\/\/www.cmr-riduttori.it\/fr\/"},{"@type":"ListItem","position":2,"name":"Cookies"}]}]}},"_links":{"self":[{"href":"https:\/\/www.cmr-riduttori.it\/fr\/wp-json\/wp\/v2\/pages\/24"}],"collection":[{"href":"https:\/\/www.cmr-riduttori.it\/fr\/wp-json\/wp\/v2\/pages"}],"about":[{"href":"https:\/\/www.cmr-riduttori.it\/fr\/wp-json\/wp\/v2\/types\/page"}],"author":[{"embeddable":true,"href":"https:\/\/www.cmr-riduttori.it\/fr\/wp-json\/wp\/v2\/users\/2"}],"replies":[{"embeddable":true,"href":"https:\/\/www.cmr-riduttori.it\/fr\/wp-json\/wp\/v2\/comments?post=24"}],"version-history":[{"count":18,"href":"https:\/\/www.cmr-riduttori.it\/fr\/wp-json\/wp\/v2\/pages\/24\/revisions"}],"predecessor-version":[{"id":875,"href":"https:\/\/www.cmr-riduttori.it\/fr\/wp-json\/wp\/v2\/pages\/24\/revisions\/875"}],"wp:attachment":[{"href":"https:\/\/www.cmr-riduttori.it\/fr\/wp-json\/wp\/v2\/media?parent=24"}],"curies":[{"name":"wp","href":"https:\/\/api.w.org\/{rel}","templated":true}]}}