{"id":572,"date":"2021-10-11T08:33:02","date_gmt":"2021-10-11T08:33:02","guid":{"rendered":"https:\/\/22234.femarlabs.com\/?page_id=572"},"modified":"2021-11-05T16:34:54","modified_gmt":"2021-11-05T16:34:54","slug":"confidentialite-clients-fournisseurs","status":"publish","type":"page","link":"https:\/\/www.cmr-riduttori.it\/fr\/confidentialite-clients-fournisseurs\/","title":{"rendered":"Confidentialite\u0301 Clients\/Fournisseurs"},"content":{"rendered":"<h2>Confidentialite\u0301 Clients\/Fournisseurs<\/h2>\n<p>Cher Clients\/Fournisseurs,<\/p>\n<p>La Soci\u00e9t\u00e9\u00a0<strong>CMR Riduttori S.r.l.<\/strong>\u00a0dont le si\u00e8ge social est Via Giovanni Falcone, 2\/A &#8211; Borzano di Albinea (Reggio Emilia) ITALIE, Responsable du traitement de vos donn\u00e9es personnelles, conform\u00e9ment \u00e0 l\u2019art.13 du R\u00e8glement UE 2016\/67 (\u00ab\u00a0GDPR\u00a0\u00bb), vous informe de ce qui suit concernant les donn\u00e9es personnelles que vous fournissez\u00a0<strong>pour l\u2019\u00e9tablissement d\u2019une relation contractuelle et commerciale.<\/strong><\/p>\n<p><strong>\u00a0<\/strong>En particulier,\u00a0<strong>CMR Riduttori S.r.l.<\/strong>, en qualit\u00e9 de Responsable, pourra traiter\u00a0:<\/p>\n<ul>\n<li>les donn\u00e9es d\u2019identification personnelles, le N.I.F., la d\u00e9nomination sociale, le num\u00e9ro de TVA, le si\u00e8ge social ;<\/li>\n<li>les coordonn\u00e9es de contact et l\u2019adresse du repr\u00e9sentant l\u00e9gal, des associ\u00e9s\/salari\u00e9s et\/ou des d\u00e9l\u00e9gu\u00e9s internes ;<\/li>\n<li>les donn\u00e9es comptables relatives \u00e0 la relation \u00e9conomique, la gestion administrative et aux paiements.<\/li>\n<\/ul>\n<p><strong>Finalit\u00e9s et base juridique du traitement<\/strong><\/p>\n<p>Vos donn\u00e9es personnelles, d\u00e9crites ci-dessus, seront trait\u00e9es pour les finalit\u00e9s suivantes\u00a0:<\/p>\n<ol>\n<li><u>Pour l\u2019ex\u00e9cution d\u2019une relation contractuelle et\/ou de mesures pr\u00e9contractuelles ainsi que pour leur gestion administrative ult\u00e9rieure (administration des contrats, des commandes, des exp\u00e9ditions et des factures, contr\u00f4le de la fiabilit\u00e9 et de la solvabilit\u00e9)\u00a0;<\/u>\u00a0le traitement de vos donn\u00e9es, par cons\u00e9quent, est n\u00e9cessaire \u00e0 l\u2019ex\u00e9cution d\u2019une relation contractuelle ou dans la phase pr\u00e9contractuelle (art. 6 par. 1 point b) du GDPR) et pour le respect des obligations l\u00e9gales auxquelles le responsable du traitement est soumis (art. 6 par. 1 point c) du GDPR).<\/li>\n<li><u>Pour la communication \u00e0 des tiers et\/ou des destinataires<\/u>\u00a0(tels que des organismes publics, des consultants n\u00e9cessaires \u00e0 l\u2019ex\u00e9cution de services)\u00a0<u>pour des activit\u00e9s li\u00e9es et n\u00e9cessaires \u00e0 la relation<\/u>; cette communication est n\u00e9cessaire \u00e0 l\u2019ex\u00e9cution d\u2019activit\u00e9s contractuelles, pour le respect d\u2019obligations l\u00e9gales et la poursuite d\u2019un int\u00e9r\u00eat l\u00e9gitime du responsable dans le cadre de l\u2019organisation de l\u2019activit\u00e9 de l\u2019entreprise.<\/li>\n<li><u>Pour la gestion du contentieux (manquements contractuels, recouvrement de cr\u00e9ances)<\/u>; la gestion du contentieux trouve sa base juridique dans la poursuite d\u2019un int\u00e9r\u00eat l\u00e9gitime du responsable (art. 6 par. 1 point f) du GDPR) pour faire valoir ses droits en justice.<\/li>\n<\/ol>\n<p><strong>\u00a0<\/strong>Les traitements portant sur des cat\u00e9gories particuli\u00e8res de donn\u00e9es, telles que d\u00e9crites \u00e0 l\u2019article 9 du GDPR, ne sont pas effectu\u00e9s.<\/p>\n<p>La communication des donn\u00e9es \u00e0 des fins contractuelles et l\u00e9gales est n\u00e9cessaire \u00e0 l\u2019ex\u00e9cution de la relation contractuelle et le d\u00e9faut de communication de ces donn\u00e9es rend impossible la poursuite de la relation pour le responsable.<\/p>\n<p><strong>Transfert des donn\u00e9es vers des pays tiers<\/strong><\/p>\n<p>Aucun transfert de vos donn\u00e9es personnelles n\u2019est pr\u00e9vu \u00e0 destination de pays hors de l\u2019Union Europ\u00e9enne.<\/p>\n<p><strong>P\u00e9riode de conservation des donn\u00e9es<\/strong><\/p>\n<p>Vos donn\u00e9es personnelles seront conserv\u00e9es pendant le temps n\u00e9cessaire \u00e0 l\u2019ex\u00e9cution des activit\u00e9s li\u00e9es \u00e0 la gestion de la relation contractuelle et pour les formalit\u00e9s, y compris l\u00e9gales, qui en d\u00e9coulent.<\/p>\n<p><strong>Destinataires du traitement<\/strong><\/p>\n<p>Le traitement des donn\u00e9es sera effectu\u00e9 en interne par des personnes d\u00e9sign\u00e9es et autoris\u00e9es pour ce traitement.<\/p>\n<p>En outre, les donn\u00e9es seront divulgu\u00e9es, en leur qualit\u00e9 de sous-traitants\u00a0:<\/p>\n<ul>\n<li>\u00e0 l\u2019expert en gestion comptable pour les conseils fiscaux ;<\/li>\n<li>aux soci\u00e9t\u00e9s informatiques pour la maintenance des mat\u00e9riels, logiciels ;<\/li>\n<li>au consultant en marketing et communication ;<\/li>\n<li>au consultant en mati\u00e8re de protection des donn\u00e9es \u00e0 caract\u00e8re personnel ;<\/li>\n<li>au Coll\u00e8ge des commissaires aux comptes pour les contr\u00f4les comptables et fiscaux.<\/li>\n<\/ul>\n<p>Dans l\u2019exercice de ses activit\u00e9s et pour la poursuite des finalit\u00e9s pr\u00e9cit\u00e9es, le responsable pourrait communiquer vos donn\u00e9es personnelles\u00a0:<\/p>\n<ul>\n<li>aux organes de l\u2019administration publique, entit\u00e9s ou autorit\u00e9s agissant en qualit\u00e9 de responsables ind\u00e9pendants du traitement, auxquels il serait obligatoire de communiquer les donn\u00e9es en vertu de dispositions de la loi ou d\u2019ordres des autorit\u00e9s ;<\/li>\n<li>aux fournisseurs de services strictement li\u00e9s et fonctionnels \u00e0 l\u2019activit\u00e9 du responsable, tels que les conseillers juridiques, les transporteurs, les banques, les conseillers financiers et en mati\u00e8re de qualit\u00e9. Dans ce cas, la base de l\u00e9gitimit\u00e9 est donn\u00e9e par la poursuite d\u2019un int\u00e9r\u00eat l\u00e9gitime du responsable quant \u00e0 l\u2019organisation de l\u2019entreprise ou la protection d\u2019un droit en justice,\u00a0<strong>aucune donn\u00e9e ne fait l\u2019objet de divulgation<\/strong>.<\/li>\n<\/ul>\n<p><strong>\u00a0Droits de la personne concern\u00e9e<\/strong><\/p>\n<p>La personne concern\u00e9e a le droit de demander au responsable l\u2019acc\u00e8s aux donn\u00e9es, la rectification, l\u2019annulation des donn\u00e9es, la limitation du traitement ou de s\u2019opposer au traitement des donn\u00e9es, ainsi que le droit \u00e0 la portabilit\u00e9 des donn\u00e9es, dans les conditions pr\u00e9vues aux articles 15, 16, 17, 18, 20, 21 du R\u00e8glement UE 2016\/679.<\/p>\n<p>La personne concern\u00e9e a \u00e9galement le droit de d\u00e9poser une plainte aupr\u00e8s d\u2019une autorit\u00e9 de contr\u00f4le si elle estime que le traitement la concernant est contraire au R\u00e8glement europ\u00e9en.<\/p>\n<p><strong>Coordonn\u00e9s du Responsable<\/strong><\/p>\n<p>Le Responsable du traitement de vos donn\u00e9es est <strong>CMR Riduttori S.r.l.<\/strong> dont le si\u00e8ge social est en Via Giovanni Falcone, 2\/A &#8211; Borzano di Albinea (Reggio Emilia) ITALIE adresse e-mail\u00a0:\u00a0<a href=\"mailto:%20privacycmr@cmr.it\">privacycmr@cmr.it<\/a><\/p>\n<p>&nbsp;<\/p>\n","protected":false},"excerpt":{"rendered":"<p>Confidentialite\u0301 Clients\/Fournisseurs Cher Clients\/Fournisseurs, La Soci\u00e9t\u00e9\u00a0CMR Riduttori S.r.l.\u00a0dont le si\u00e8ge social est Via Giovanni Falcone, 2\/A &#8211; Borzano di Albinea (Reggio Emilia) ITALIE, Responsable du traitement de vos donn\u00e9es personnelles, conform\u00e9ment \u00e0 l\u2019art.13 du R\u00e8glement UE 2016\/67 (\u00ab\u00a0GDPR\u00a0\u00bb), vous informe de ce qui suit concernant les donn\u00e9es personnelles que vous fournissez\u00a0pour l\u2019\u00e9tablissement d\u2019une relation contractuelle &hellip; <a href=\"https:\/\/www.cmr-riduttori.it\/fr\/confidentialite-clients-fournisseurs\/\">Continued<\/a><\/p>\n","protected":false},"author":4,"featured_media":0,"parent":0,"menu_order":0,"comment_status":"closed","ping_status":"closed","template":"","meta":[],"yoast_head":"<!-- This site is optimized with the Yoast SEO plugin v17.1 - https:\/\/yoast.com\/wordpress\/plugins\/seo\/ -->\n<title>Confidentialite\u0301 Clients\/Fournisseurs - CMR riduttori<\/title>\n<meta name=\"robots\" content=\"index, follow, max-snippet:-1, max-image-preview:large, max-video-preview:-1\" \/>\n<link rel=\"canonical\" href=\"https:\/\/www.cmr-riduttori.it\/fr\/confidentialite-clients-fournisseurs\/\" \/>\n<meta property=\"og:locale\" content=\"fr_FR\" \/>\n<meta property=\"og:type\" content=\"article\" \/>\n<meta property=\"og:title\" content=\"Confidentialite\u0301 Clients\/Fournisseurs - CMR riduttori\" \/>\n<meta property=\"og:description\" content=\"Confidentialite\u0301 Clients\/Fournisseurs Cher Clients\/Fournisseurs, La Soci\u00e9t\u00e9\u00a0CMR Riduttori S.r.l.\u00a0dont le si\u00e8ge social est Via Giovanni Falcone, 2\/A &#8211; Borzano di Albinea (Reggio Emilia) ITALIE, Responsable du traitement de vos donn\u00e9es personnelles, conform\u00e9ment \u00e0 l\u2019art.13 du R\u00e8glement UE 2016\/67 (\u00ab\u00a0GDPR\u00a0\u00bb), vous informe de ce qui suit concernant les donn\u00e9es personnelles que vous fournissez\u00a0pour l\u2019\u00e9tablissement d\u2019une relation contractuelle &hellip; Continued\" \/>\n<meta property=\"og:url\" content=\"https:\/\/www.cmr-riduttori.it\/fr\/confidentialite-clients-fournisseurs\/\" \/>\n<meta property=\"og:site_name\" content=\"CMR riduttori\" \/>\n<meta property=\"article:modified_time\" content=\"2021-11-05T16:34:54+00:00\" \/>\n<meta name=\"twitter:card\" content=\"summary_large_image\" \/>\n<meta name=\"twitter:label1\" content=\"Dur\u00e9e de lecture est.\" \/>\n\t<meta name=\"twitter:data1\" content=\"5 minutes\" \/>\n<script type=\"application\/ld+json\" class=\"yoast-schema-graph\">{\"@context\":\"https:\/\/schema.org\",\"@graph\":[{\"@type\":\"WebSite\",\"@id\":\"https:\/\/www.cmr-riduttori.it\/fr\/#website\",\"url\":\"https:\/\/www.cmr-riduttori.it\/fr\/\",\"name\":\"CMR riduttori\",\"description\":\"\",\"potentialAction\":[{\"@type\":\"SearchAction\",\"target\":{\"@type\":\"EntryPoint\",\"urlTemplate\":\"https:\/\/www.cmr-riduttori.it\/fr\/?s={search_term_string}\"},\"query-input\":\"required name=search_term_string\"}],\"inLanguage\":\"fr-FR\"},{\"@type\":\"WebPage\",\"@id\":\"https:\/\/www.cmr-riduttori.it\/fr\/confidentialite-clients-fournisseurs\/#webpage\",\"url\":\"https:\/\/www.cmr-riduttori.it\/fr\/confidentialite-clients-fournisseurs\/\",\"name\":\"Confidentialite\\u0301 Clients\/Fournisseurs - CMR riduttori\",\"isPartOf\":{\"@id\":\"https:\/\/www.cmr-riduttori.it\/fr\/#website\"},\"datePublished\":\"2021-10-11T08:33:02+00:00\",\"dateModified\":\"2021-11-05T16:34:54+00:00\",\"breadcrumb\":{\"@id\":\"https:\/\/www.cmr-riduttori.it\/fr\/confidentialite-clients-fournisseurs\/#breadcrumb\"},\"inLanguage\":\"fr-FR\",\"potentialAction\":[{\"@type\":\"ReadAction\",\"target\":[\"https:\/\/www.cmr-riduttori.it\/fr\/confidentialite-clients-fournisseurs\/\"]}]},{\"@type\":\"BreadcrumbList\",\"@id\":\"https:\/\/www.cmr-riduttori.it\/fr\/confidentialite-clients-fournisseurs\/#breadcrumb\",\"itemListElement\":[{\"@type\":\"ListItem\",\"position\":1,\"name\":\"Home\",\"item\":\"https:\/\/www.cmr-riduttori.it\/fr\/\"},{\"@type\":\"ListItem\",\"position\":2,\"name\":\"Confidentialite\\u0301 Clients\/Fournisseurs\"}]}]}<\/script>\n<!-- \/ Yoast SEO plugin. -->","yoast_head_json":{"title":"Confidentialite\u0301 Clients\/Fournisseurs - CMR riduttori","robots":{"index":"index","follow":"follow","max-snippet":"max-snippet:-1","max-image-preview":"max-image-preview:large","max-video-preview":"max-video-preview:-1"},"canonical":"https:\/\/www.cmr-riduttori.it\/fr\/confidentialite-clients-fournisseurs\/","og_locale":"fr_FR","og_type":"article","og_title":"Confidentialite\u0301 Clients\/Fournisseurs - CMR riduttori","og_description":"Confidentialite\u0301 Clients\/Fournisseurs Cher Clients\/Fournisseurs, La Soci\u00e9t\u00e9\u00a0CMR Riduttori S.r.l.\u00a0dont le si\u00e8ge social est Via Giovanni Falcone, 2\/A &#8211; Borzano di Albinea (Reggio Emilia) ITALIE, Responsable du traitement de vos donn\u00e9es personnelles, conform\u00e9ment \u00e0 l\u2019art.13 du R\u00e8glement UE 2016\/67 (\u00ab\u00a0GDPR\u00a0\u00bb), vous informe de ce qui suit concernant les donn\u00e9es personnelles que vous fournissez\u00a0pour l\u2019\u00e9tablissement d\u2019une relation contractuelle &hellip; Continued","og_url":"https:\/\/www.cmr-riduttori.it\/fr\/confidentialite-clients-fournisseurs\/","og_site_name":"CMR riduttori","article_modified_time":"2021-11-05T16:34:54+00:00","twitter_card":"summary_large_image","twitter_misc":{"Dur\u00e9e de lecture est.":"5 minutes"},"schema":{"@context":"https:\/\/schema.org","@graph":[{"@type":"WebSite","@id":"https:\/\/www.cmr-riduttori.it\/fr\/#website","url":"https:\/\/www.cmr-riduttori.it\/fr\/","name":"CMR riduttori","description":"","potentialAction":[{"@type":"SearchAction","target":{"@type":"EntryPoint","urlTemplate":"https:\/\/www.cmr-riduttori.it\/fr\/?s={search_term_string}"},"query-input":"required name=search_term_string"}],"inLanguage":"fr-FR"},{"@type":"WebPage","@id":"https:\/\/www.cmr-riduttori.it\/fr\/confidentialite-clients-fournisseurs\/#webpage","url":"https:\/\/www.cmr-riduttori.it\/fr\/confidentialite-clients-fournisseurs\/","name":"Confidentialite\u0301 Clients\/Fournisseurs - CMR riduttori","isPartOf":{"@id":"https:\/\/www.cmr-riduttori.it\/fr\/#website"},"datePublished":"2021-10-11T08:33:02+00:00","dateModified":"2021-11-05T16:34:54+00:00","breadcrumb":{"@id":"https:\/\/www.cmr-riduttori.it\/fr\/confidentialite-clients-fournisseurs\/#breadcrumb"},"inLanguage":"fr-FR","potentialAction":[{"@type":"ReadAction","target":["https:\/\/www.cmr-riduttori.it\/fr\/confidentialite-clients-fournisseurs\/"]}]},{"@type":"BreadcrumbList","@id":"https:\/\/www.cmr-riduttori.it\/fr\/confidentialite-clients-fournisseurs\/#breadcrumb","itemListElement":[{"@type":"ListItem","position":1,"name":"Home","item":"https:\/\/www.cmr-riduttori.it\/fr\/"},{"@type":"ListItem","position":2,"name":"Confidentialite\u0301 Clients\/Fournisseurs"}]}]}},"_links":{"self":[{"href":"https:\/\/www.cmr-riduttori.it\/fr\/wp-json\/wp\/v2\/pages\/572"}],"collection":[{"href":"https:\/\/www.cmr-riduttori.it\/fr\/wp-json\/wp\/v2\/pages"}],"about":[{"href":"https:\/\/www.cmr-riduttori.it\/fr\/wp-json\/wp\/v2\/types\/page"}],"author":[{"embeddable":true,"href":"https:\/\/www.cmr-riduttori.it\/fr\/wp-json\/wp\/v2\/users\/4"}],"replies":[{"embeddable":true,"href":"https:\/\/www.cmr-riduttori.it\/fr\/wp-json\/wp\/v2\/comments?post=572"}],"version-history":[{"count":8,"href":"https:\/\/www.cmr-riduttori.it\/fr\/wp-json\/wp\/v2\/pages\/572\/revisions"}],"predecessor-version":[{"id":699,"href":"https:\/\/www.cmr-riduttori.it\/fr\/wp-json\/wp\/v2\/pages\/572\/revisions\/699"}],"wp:attachment":[{"href":"https:\/\/www.cmr-riduttori.it\/fr\/wp-json\/wp\/v2\/media?parent=572"}],"curies":[{"name":"wp","href":"https:\/\/api.w.org\/{rel}","templated":true}]}}