{"id":8,"date":"2021-09-08T06:58:44","date_gmt":"2021-09-08T06:58:44","guid":{"rendered":"http:\/\/22234.femarlabs.com\/fr\/privacy-and-policy\/"},"modified":"2022-03-03T09:42:59","modified_gmt":"2022-03-03T09:42:59","slug":"politique-de-confidentialite","status":"publish","type":"page","link":"https:\/\/www.cmr-riduttori.it\/fr\/politique-de-confidentialite\/","title":{"rendered":"Politique de confidentialit\u00e9 <br> Note d&rsquo;information Formulaire de Contact <\/br>"},"content":{"rendered":"<h2>Politique de confidentialit\u00e9<\/h2>\n<p><strong>Information au terme de l\u2019art. 13 du R\u00e8glement europ\u00e9en 2016\/679<\/strong><\/p>\n<p><strong>Avant-propos<\/strong><\/p>\n<p>Cette section d\u00e9crit les m\u00e9thodes de gestion du site adopt\u00e9es par\u00a0<strong>CMR Riduttori S.r.l. <\/strong>en ce qui concerne le traitement des donn\u00e9es personnelles des utilisateurs qui y acc\u00e8dent et le consultent. Conform\u00e9ment \u00e0 l\u2019art. 13 du R\u00e8glement 2016\/679 de l\u2019UE relatif \u00e0 la protection des personnes physiques \u00e0 l\u2019\u00e9gard du traitement des donn\u00e9es \u00e0 caract\u00e8re personnel et \u00e0 la libre circulation de ces donn\u00e9es,\u00a0<strong>CMR Riduttori S.r.l. <\/strong>souhaite informer les personnes qui interagissent avec les services offerts par ce site, accessible par voie \u00e9lectronique en tapant l\u2019adresse : www.cmr-riduttori.it<\/p>\n<p><strong>Le responsable du traitement<\/strong><\/p>\n<p>Afin de fournir ses services web,\u00a0<strong>CMR Riduttori S.r.l. <\/strong>peut traiter des donn\u00e9es relatives \u00e0 des personnes physiques ou morales identifi\u00e9es ou identifiables. Le responsable de leur traitement\u00a0<strong>CMR Riduttori S.r.l. <\/strong>dont le si\u00e8ge social est en Via Giovanni Falcone, 2\/A &#8211; Borzano di Albinea (Reggio Emilia) ITALIE.<\/p>\n<p><strong>Lieu du traitement, de communication et de diffusion des donn\u00e9es.<\/strong><\/p>\n<p>Le site suivant est physiquement plac\u00e9 \u00ab\u00a0en h\u00e9bergement\u00a0\u00bb sur le territoire italien. Les donn\u00e9es sont trait\u00e9es uniquement par le personnel autoris\u00e9 au traitement par le responsable, par des consultants dans le domaine du marketing \/ de la communication en tant que responsables du traitement des donn\u00e9es. Les donn\u00e9es peuvent \u00e9galement \u00eatre consult\u00e9es par l\u2019entreprise qui g\u00e8re le site web dans la limite d\u2019un acc\u00e8s technique pour la maintenance et la gestion du serveur et du site web.<\/p>\n<p>Le responsable peut communiquer les donn\u00e9es du site aux organismes ou autorit\u00e9s publiques lorsque la loi l\u2019exige ou lorsque cela est n\u00e9cessaire pour prot\u00e9ger leurs droits. Aucune donn\u00e9e d\u00e9rivant du service web n\u2019est diffus\u00e9e.<\/p>\n<p><strong>Type de donn\u00e9es trait\u00e9es<\/strong><\/p>\n<p><strong>DONN\u00c9ES DE NAVIGATION<\/strong><\/p>\n<p>Les syst\u00e8mes informatiques et les proc\u00e9dures logicielles utilis\u00e9s pour le fonctionnement de ce site web acqui\u00e8rent, au cours de leur fonctionnement normal, certaines donn\u00e9es personnelles dont la transmission est implicite dans les protocoles de communication de l\u2019Internet. Il s\u2019agit d\u2019informations qui ne sont pas collect\u00e9es pour \u00eatre associ\u00e9es \u00e0 des parties int\u00e9ress\u00e9es identifi\u00e9es, mais de par leur nature m\u00eame, elles pourraient, par le biais d\u2019un traitement et d\u2019une association avec des donn\u00e9es d\u00e9tenues par des tiers, permettre d\u2019identifier les utilisateurs. Cette cat\u00e9gorie de donn\u00e9es comprend les adresses IP ou les noms de domaine des ordinateurs utilis\u00e9s par les utilisateurs qui se connectent au site, les adresses URI (Uniform Resource Identifier) des ressources demand\u00e9es, l\u2019heure de la demande, la m\u00e9thode utilis\u00e9e pour soumettre la demande au serveur, la taille du fichier obtenu en r\u00e9ponse, le code num\u00e9rique indiquant l\u2019\u00e9tat de la r\u00e9ponse du serveur (succ\u00e8s, erreur, etc.) et d\u2019autres param\u00e8tres concernant le syst\u00e8me d\u2019exploitation et l\u2019environnement informatique. Ces donn\u00e9es sont utilis\u00e9es dans le seul but d\u2019obtenir des informations statistiques anonymes sur l\u2019utilisation du site et de v\u00e9rifier son bon fonctionnement et sont supprim\u00e9es imm\u00e9diatement apr\u00e8s leur traitement. Les donn\u00e9es pourraient \u00eatre utilis\u00e9es pour \u00e9tablir les responsabilit\u00e9s en cas d\u2019hypoth\u00e9tiques d\u00e9lits informatiques contre le site.<\/p>\n<p><strong>DONN\u00c9ES FOURNIES VOLONTAIREMENT PAR L\u2019UTILISATEUR<\/strong><\/p>\n<p>L\u2019utilisateur a la possibilit\u00e9 d\u2019interagir avec le site en fournissant ses donn\u00e9es dans la page \u00ab\u00a0<strong>Contacts<\/strong>\u00a0\u00bb.<\/p>\n<p>A travers cette interaction, l\u2019utilisateur peut fournir les donn\u00e9es personnelles suivantes :<\/p>\n<ul>\n<li>Les donn\u00e9es d\u2019identification telles que le nom et le pr\u00e9nom ;<\/li>\n<li>Les coordonn\u00e9es de contact telles que l\u2019adresse e-mail ;<\/li>\n<li>Les donn\u00e9es informatiques et de navigation telles que l\u2019adresse IP et les cookies ;<\/li>\n<li>Toute autre information que l\u2019utilisateur fournit volontairement dans les messages.<\/li>\n<\/ul>\n<p>Nous invitons les utilisateurs \u00e0 ne pas envoyer dans leurs communications des donn\u00e9es sensibles telles que des donn\u00e9es r\u00e9v\u00e9lant l\u2019origine raciale et ethnique, les opinions politiques, les croyances religieuses ou philosophiques, l\u2019appartenance syndicale, des donn\u00e9es concernant la sant\u00e9 et la vie sexuelle ainsi que des donn\u00e9es g\u00e9n\u00e9tiques et biom\u00e9triques ainsi que des donn\u00e9es d\u2019identification de tiers (dans ce cas, il vaut mieux utiliser des noms de fantaisie).<\/p>\n<p><strong>Cookies<\/strong><\/p>\n<p>Toutes les informations relatives aux cookies se trouvent dans notre politique en mati\u00e8re de cookies.<\/p>\n<p><strong>Finalit\u00e9 du traitement<\/strong><\/p>\n<p>Le traitement que nous entendons effectuer, avec un consentement sp\u00e9cifique le cas \u00e9ch\u00e9ant, a les finalit\u00e9s suivantes :<\/p>\n<ol>\n<li>permettent la navigation et la consultation du site web;<\/li>\n<li>r\u00e9pondre aux demandes de renseignements que nous recevons par courrier \u00e9lectronique via la page \u00ab Contacts \u00bb de notre site;<\/li>\n<li>l\u2019envoi de communications commerciales et de publicit\u00e9 sur les initiatives et les produits <strong>CMR<\/strong> <strong>Riduttori<\/strong> apr\u00e8s votre consentement, via la page \u00ab\u00a0<strong>Contacts<\/strong>\u00a0\u00bb;<\/li>\n<li>remplir les obligations l\u00e9gales, comptables et fiscales;<\/li>\n<li>le traitement des statistiques ne n\u00e9cessitant pas l\u2019identification.<\/li>\n<\/ol>\n<p><strong>Base juridique et caract\u00e8re obligatoire ou facultatif du traitement<\/strong><\/p>\n<p>La base juridique du traitement des donn\u00e9es \u00e0 caract\u00e8re personnel pour les finalit\u00e9s vis\u00e9es aux points n. 1 et n. 2 est donn\u00e9e par l\u2019ex\u00e9cution d\u2019un contrat ou de mesures pr\u00e9contractuelles (art. 6, par. 1, lettre b) du R\u00e8glement) ou pour satisfaire un int\u00e9r\u00eat l\u00e9gitime du responsable \u00e0 r\u00e9pondre aux demandes des utilisateurs (art. 6, par. 1, lettre f) du RGDP) La fourniture de donn\u00e9es \u00e0 caract\u00e8re personnel pour ces finalit\u00e9s est obligatoire pour obtenir satisfaction de la demande envoy\u00e9e et tout manquement \u00e0 cette obligation rendrait impossible l\u2019activation des services demand\u00e9s.<\/p>\n<p>Le traitement des donn\u00e9es des utilisateurs pour l\u2019envoi de communications commerciales et publicitaires (point n\u00b0 3) trouve sa base juridique dans la demande de consentement de l\u2019utilisateur (art. 6, par. 1, lettre a) du RGDP). La fourniture de donn\u00e9es est facultative et la seule cons\u00e9quence de leur non fourniture est l\u2019absence d\u2019envoi de communications commerciales de la part de\u00a0<strong>CMR Riduttori S.r.l.<\/strong><\/p>\n<p>La finalit\u00e9 du point 4 trouve sa base juridique dans la n\u00e9cessit\u00e9 de remplir une obligation l\u00e9gale (article 6, paragraphe 1), et enfin, le traitement des statistiques ne n\u00e9cessitant pas l\u2019identification n\u2019est pas soumis \u00e0 la l\u00e9gislation sur la protection de la vie priv\u00e9e car il n\u2019utilise pas de donn\u00e9es personnelles, mais uniquement anonymes.<\/p>\n<p><strong>Conservation des donn\u00e9es<\/strong><\/p>\n<p>Conform\u00e9ment \u00e0 l\u2019article 5 du r\u00e8glement (CE) n\u00b0 679\/2016, \u00ab Principes relatifs au traitement des donn\u00e9es \u00e0 caract\u00e8re personnel\u00a0\u00bb, les donn\u00e9es \u00e0 caract\u00e8re personnel doivent \u00eatre conserv\u00e9es sous une forme permettant l\u2019identification des personnes concern\u00e9es pendant une dur\u00e9e n\u2019exc\u00e9dant pas celle n\u00e9cessaire \u00e0 la r\u00e9alisation des finalit\u00e9s pour lesquelles elles sont trait\u00e9es.<\/p>\n<p>Les donn\u00e9es personnelles des int\u00e9ress\u00e9s peuvent \u00e9galement \u00eatre conserv\u00e9es pendant des p\u00e9riodes plus longues dans le respect des exigences des lois en vigueur (\u00e0 titre d\u2019exemple, en mati\u00e8re de comptabilit\u00e9) et, en tout \u00e9tat de cause, en appliquant toute mesure technique et organisationnelle appropri\u00e9e pour activer les m\u00e9canismes \u2013 si possible \u2013 d\u2019anonymisation de la donn\u00e9e.<\/p>\n<p>Les donn\u00e9es collect\u00e9es \u00e0 des fins de marketing seront conserv\u00e9es jusqu\u2019\u00e0 la r\u00e9vocation du consentement ou de l\u2019opposition au traitement de la part de l\u2019utilisateur.<\/p>\n<p><strong>Transfert des donn\u00e9es hors de l\u2019UE<\/strong><\/p>\n<p>Aucune donn\u00e9e n\u2019est transf\u00e9r\u00e9e hors des pays extra-communautaires.<\/p>\n<p><strong>Droits des int\u00e9ress\u00e9s<\/strong><br \/>\n<span  id=\"modulo\" ><\/span><br \/>\nL\u2019int\u00e9ress\u00e9 a le droit de demander au responsable l\u2019acc\u00e8s aux donn\u00e9es, la rectification, l\u2019annulation des donn\u00e9es, la limitation du traitement ou de s\u2019opposer au traitement des donn\u00e9es, ainsi que le droit \u00e0 la portabilit\u00e9 des donn\u00e9es, dans les conditions pr\u00e9vues aux articles 15,16,17,18,20,21 du r\u00e8glement UE 2016\/679.<\/p>\n<p>En outre, la personne concern\u00e9e a le droit de retirer son consentement \u00e0 tout moment sans que cela n\u2019affecte la lic\u00e9it\u00e9 du traitement fond\u00e9 sur le consentement donn\u00e9 avant la r\u00e9vocation.<\/p>\n<p>Enfin, la personne concern\u00e9e a le droit de d\u00e9poser une plainte aupr\u00e8s d\u2019une autorit\u00e9 de contr\u00f4le si elle estime que le traitement la concernant est contraire au r\u00e8glement europ\u00e9en.<\/p>\n<p>Toute communication peut \u00eatre envoy\u00e9e au responsable \u00e0 l\u2019adresse e-mail suivante :\u00a0<a href=\"mailto:privacycmr@cmr.it\">privacycmr@cmr.it<\/a><\/p>\n<h2>Note d&rsquo;information Formulaire de Contact<\/h2>\n<p><strong>CMR Riduttori S.r.l<\/strong>. responsable du traitement des donn\u00e9es, souhaite vous informer de la mani\u00e8re dont il traitera vos donn\u00e9es conform\u00e9ment \u00e0 l\u2019article 13 du r\u00e8glement europ\u00e9en 2016\/679<\/p>\n<p><strong>Finalit\u00e9 du traitement et base juridique<\/strong><\/p>\n<p>Les donn\u00e9es collect\u00e9es (nom et pr\u00e9nom, adresse email et donn\u00e9es que vous avez volontairement saisies dans le message) seront utilis\u00e9es\u00a0<em>exclusivement pour r\u00e9pondre \u00e0 vos demandes d\u2019information et\/ou pr\u00e9parer un devis\/une offre que vous avez demand\u00e9e<\/em>.\u00a0Aucun consentement n\u2019est requis pour le traitement de ces donn\u00e9es, car le traitement est n\u00e9cessaire pour satisfaire les demandes pr\u00e9contractuelles de la personne concern\u00e9e (art. 6, par. 1, lettre b) du RGPD) ainsi que pour l\u2019int\u00e9r\u00eat l\u00e9gitime du responsable \u00e0 traiter les demandes d\u2019informations demand\u00e9es par l\u2019int\u00e9ress\u00e9 (art. 6, par. 1, lettre f) du RGPD).\u00a0La fourniture des donn\u00e9es est n\u00e9cessaire pour recevoir les r\u00e9ponses aux demandes adress\u00e9es au responsable.<\/p>\n<p>En outre, uniquement avec votre consentement,\u00a0<strong>CMR Riduttori S.r.l. <\/strong>peut traiter vos donn\u00e9es afin de vous envoyer des\u00a0<em>communications commerciales et des informations publicitaires<\/em>\u00a0sur les produits et services de\u00a0<strong>CMR Riduttori S.r.l.<\/strong><\/p>\n<p>Pour ce traitement, il sera n\u00e9cessaire de demander votre consentement comme pr\u00e9vu par l\u2019art. 6, par. 1, lettre a) du R\u00e8glement UE 2016\/679\u00a0; la fourniture des donn\u00e9es est facultative, donc votre refus de les fournir entra\u00eenera l\u2019impossibilit\u00e9 de recevoir des communications commerciales de la part de\u00a0<strong>CMR Riduttori S.r.l.<\/strong><\/p>\n<p><strong>Transfert des donn\u00e9es vers des pays tiers<\/strong><\/p>\n<p>Les donn\u00e9es ne seront pas transf\u00e9r\u00e9es vers des pays extra-communautaires.<\/p>\n<p><strong>P\u00e9riode de conservation des donn\u00e9es<\/strong><\/p>\n<p>Les donn\u00e9es seront conserv\u00e9es pendant le temps n\u00e9cessaire pour r\u00e9pondre aux demandes des utilisateurs et, par la suite, pour se conformer aux obligations l\u00e9gales. Les donn\u00e9es collect\u00e9es \u00e0 des fins de marketing seront conserv\u00e9es jusqu\u2019\u00e0 la r\u00e9ception de la r\u00e9vocation du consentement ou de l\u2019opposition au traitement de la part de l\u2019utilisateur.<\/p>\n<p><strong>Destinataires des donn\u00e9es<\/strong><\/p>\n<p>Les donn\u00e9es seront mises \u00e0 la disposition du personnel interne autoris\u00e9 \u00e0 traiter les donn\u00e9es des clients, en plus des consultants en marketing\/communication d\u00e9sign\u00e9s comme responsables du traitement des donn\u00e9es. Les donn\u00e9es peuvent \u00e9galement \u00eatre communiqu\u00e9es au personnel informatique et aux soci\u00e9t\u00e9s informatiques pour des travaux de maintenance occasionnels.<\/p>\n<p>Les donn\u00e9es ne seront pas diffus\u00e9es.<\/p>\n<p><strong>Droits de l\u2019int\u00e9ress\u00e9<\/strong><\/p>\n<p>Conform\u00e9ment au chapitre III du RGPD, la personne concern\u00e9e a toujours le droit de demander au responsable du traitement l\u2019acc\u00e8s \u00e0 ses donn\u00e9es, leur rectification ou leur effacement, la limitation du traitement ou la possibilit\u00e9 de s\u2019y opposer, de demander la portabilit\u00e9 des donn\u00e9es, de r\u00e9voquer (le cas \u00e9ch\u00e9ant) le consentement au traitement en faisant valoir ces droits et d\u2019autres droits pr\u00e9vus par le RGPD par simple communication au responsable du traitement. Enfin, la personne concern\u00e9e a le droit de d\u00e9poser une plainte aupr\u00e8s d\u2019une autorit\u00e9 de contr\u00f4le si elle estime que le traitement la concernant est contraire \u00e0 la l\u00e9gislation applicable \u00e0 la protection de ses donn\u00e9es.<\/p>\n<p><strong>Responsable du Traitement\u00a0<\/strong><\/p>\n<p>Le Responsable du Traitement est\u00a0<strong>CMR Riduttori S.r.l. <\/strong>dont le si\u00e8ge social est en Via Giovanni Falcone, 2\/A &#8211; Borzano di Albinea (Reggio Emilia) ITALIE.<\/p>\n<p>Pour demander des informations sur le traitement des donn\u00e9es ou pour exercer vos droits au titre du point pr\u00e9c\u00e9dent, veuillez nous contacter par e-mail :\u00a0<a href=\"mailto:%20privacycmr@cmr.it\">privacycmr@cmr.it<\/a><\/p>\n","protected":false},"excerpt":{"rendered":"<p>Politique de confidentialit\u00e9 Information au terme de l\u2019art. 13 du R\u00e8glement europ\u00e9en 2016\/679 Avant-propos Cette section d\u00e9crit les m\u00e9thodes de gestion du site adopt\u00e9es par\u00a0CMR Riduttori S.r.l. en ce qui concerne le traitement des donn\u00e9es personnelles des utilisateurs qui y acc\u00e8dent et le consultent. Conform\u00e9ment \u00e0 l\u2019art. 13 du R\u00e8glement 2016\/679 de l\u2019UE relatif \u00e0 &hellip; <a href=\"https:\/\/www.cmr-riduttori.it\/fr\/politique-de-confidentialite\/\">Continued<\/a><\/p>\n","protected":false},"author":2,"featured_media":0,"parent":0,"menu_order":5,"comment_status":"closed","ping_status":"closed","template":"","meta":[],"yoast_head":"<!-- This site is optimized with the Yoast SEO plugin v17.1 - https:\/\/yoast.com\/wordpress\/plugins\/seo\/ -->\n<title>Politique de confidentialit\u00e9  Note d&#039;information Formulaire de Contact  - CMR riduttori<\/title>\n<meta name=\"robots\" content=\"index, follow, max-snippet:-1, max-image-preview:large, max-video-preview:-1\" \/>\n<link rel=\"canonical\" href=\"https:\/\/www.cmr-riduttori.it\/fr\/politique-de-confidentialite\/\" \/>\n<meta property=\"og:locale\" content=\"fr_FR\" \/>\n<meta property=\"og:type\" content=\"article\" \/>\n<meta property=\"og:title\" content=\"Politique de confidentialit\u00e9  Note d&#039;information Formulaire de Contact  - CMR riduttori\" \/>\n<meta property=\"og:description\" content=\"Politique de confidentialit\u00e9 Information au terme de l\u2019art. 13 du R\u00e8glement europ\u00e9en 2016\/679 Avant-propos Cette section d\u00e9crit les m\u00e9thodes de gestion du site adopt\u00e9es par\u00a0CMR Riduttori S.r.l. en ce qui concerne le traitement des donn\u00e9es personnelles des utilisateurs qui y acc\u00e8dent et le consultent. Conform\u00e9ment \u00e0 l\u2019art. 13 du R\u00e8glement 2016\/679 de l\u2019UE relatif \u00e0 &hellip; Continued\" \/>\n<meta property=\"og:url\" content=\"https:\/\/www.cmr-riduttori.it\/fr\/politique-de-confidentialite\/\" \/>\n<meta property=\"og:site_name\" content=\"CMR riduttori\" \/>\n<meta property=\"article:modified_time\" content=\"2022-03-03T09:42:59+00:00\" \/>\n<meta name=\"twitter:card\" content=\"summary_large_image\" \/>\n<meta name=\"twitter:label1\" content=\"Dur\u00e9e de lecture est.\" \/>\n\t<meta name=\"twitter:data1\" content=\"8 minutes\" \/>\n<script type=\"application\/ld+json\" class=\"yoast-schema-graph\">{\"@context\":\"https:\/\/schema.org\",\"@graph\":[{\"@type\":\"WebSite\",\"@id\":\"https:\/\/www.cmr-riduttori.it\/fr\/#website\",\"url\":\"https:\/\/www.cmr-riduttori.it\/fr\/\",\"name\":\"CMR riduttori\",\"description\":\"\",\"potentialAction\":[{\"@type\":\"SearchAction\",\"target\":{\"@type\":\"EntryPoint\",\"urlTemplate\":\"https:\/\/www.cmr-riduttori.it\/fr\/?s={search_term_string}\"},\"query-input\":\"required name=search_term_string\"}],\"inLanguage\":\"fr-FR\"},{\"@type\":\"WebPage\",\"@id\":\"https:\/\/www.cmr-riduttori.it\/fr\/politique-de-confidentialite\/#webpage\",\"url\":\"https:\/\/www.cmr-riduttori.it\/fr\/politique-de-confidentialite\/\",\"name\":\"Politique de confidentialit\\u00e9 Note d'information Formulaire de Contact - CMR riduttori\",\"isPartOf\":{\"@id\":\"https:\/\/www.cmr-riduttori.it\/fr\/#website\"},\"datePublished\":\"2021-09-08T06:58:44+00:00\",\"dateModified\":\"2022-03-03T09:42:59+00:00\",\"breadcrumb\":{\"@id\":\"https:\/\/www.cmr-riduttori.it\/fr\/politique-de-confidentialite\/#breadcrumb\"},\"inLanguage\":\"fr-FR\",\"potentialAction\":[{\"@type\":\"ReadAction\",\"target\":[\"https:\/\/www.cmr-riduttori.it\/fr\/politique-de-confidentialite\/\"]}]},{\"@type\":\"BreadcrumbList\",\"@id\":\"https:\/\/www.cmr-riduttori.it\/fr\/politique-de-confidentialite\/#breadcrumb\",\"itemListElement\":[{\"@type\":\"ListItem\",\"position\":1,\"name\":\"Home\",\"item\":\"https:\/\/www.cmr-riduttori.it\/fr\/\"},{\"@type\":\"ListItem\",\"position\":2,\"name\":\"Politique de confidentialit\\u00e9 Note d&rsquo;information Formulaire de Contact\"}]}]}<\/script>\n<!-- \/ Yoast SEO plugin. -->","yoast_head_json":{"title":"Politique de confidentialit\u00e9  Note d'information Formulaire de Contact  - CMR riduttori","robots":{"index":"index","follow":"follow","max-snippet":"max-snippet:-1","max-image-preview":"max-image-preview:large","max-video-preview":"max-video-preview:-1"},"canonical":"https:\/\/www.cmr-riduttori.it\/fr\/politique-de-confidentialite\/","og_locale":"fr_FR","og_type":"article","og_title":"Politique de confidentialit\u00e9  Note d'information Formulaire de Contact  - CMR riduttori","og_description":"Politique de confidentialit\u00e9 Information au terme de l\u2019art. 13 du R\u00e8glement europ\u00e9en 2016\/679 Avant-propos Cette section d\u00e9crit les m\u00e9thodes de gestion du site adopt\u00e9es par\u00a0CMR Riduttori S.r.l. en ce qui concerne le traitement des donn\u00e9es personnelles des utilisateurs qui y acc\u00e8dent et le consultent. Conform\u00e9ment \u00e0 l\u2019art. 13 du R\u00e8glement 2016\/679 de l\u2019UE relatif \u00e0 &hellip; Continued","og_url":"https:\/\/www.cmr-riduttori.it\/fr\/politique-de-confidentialite\/","og_site_name":"CMR riduttori","article_modified_time":"2022-03-03T09:42:59+00:00","twitter_card":"summary_large_image","twitter_misc":{"Dur\u00e9e de lecture est.":"8 minutes"},"schema":{"@context":"https:\/\/schema.org","@graph":[{"@type":"WebSite","@id":"https:\/\/www.cmr-riduttori.it\/fr\/#website","url":"https:\/\/www.cmr-riduttori.it\/fr\/","name":"CMR riduttori","description":"","potentialAction":[{"@type":"SearchAction","target":{"@type":"EntryPoint","urlTemplate":"https:\/\/www.cmr-riduttori.it\/fr\/?s={search_term_string}"},"query-input":"required name=search_term_string"}],"inLanguage":"fr-FR"},{"@type":"WebPage","@id":"https:\/\/www.cmr-riduttori.it\/fr\/politique-de-confidentialite\/#webpage","url":"https:\/\/www.cmr-riduttori.it\/fr\/politique-de-confidentialite\/","name":"Politique de confidentialit\u00e9 Note d'information Formulaire de Contact - CMR riduttori","isPartOf":{"@id":"https:\/\/www.cmr-riduttori.it\/fr\/#website"},"datePublished":"2021-09-08T06:58:44+00:00","dateModified":"2022-03-03T09:42:59+00:00","breadcrumb":{"@id":"https:\/\/www.cmr-riduttori.it\/fr\/politique-de-confidentialite\/#breadcrumb"},"inLanguage":"fr-FR","potentialAction":[{"@type":"ReadAction","target":["https:\/\/www.cmr-riduttori.it\/fr\/politique-de-confidentialite\/"]}]},{"@type":"BreadcrumbList","@id":"https:\/\/www.cmr-riduttori.it\/fr\/politique-de-confidentialite\/#breadcrumb","itemListElement":[{"@type":"ListItem","position":1,"name":"Home","item":"https:\/\/www.cmr-riduttori.it\/fr\/"},{"@type":"ListItem","position":2,"name":"Politique de confidentialit\u00e9 Note d&rsquo;information Formulaire de Contact"}]}]}},"_links":{"self":[{"href":"https:\/\/www.cmr-riduttori.it\/fr\/wp-json\/wp\/v2\/pages\/8"}],"collection":[{"href":"https:\/\/www.cmr-riduttori.it\/fr\/wp-json\/wp\/v2\/pages"}],"about":[{"href":"https:\/\/www.cmr-riduttori.it\/fr\/wp-json\/wp\/v2\/types\/page"}],"author":[{"embeddable":true,"href":"https:\/\/www.cmr-riduttori.it\/fr\/wp-json\/wp\/v2\/users\/2"}],"replies":[{"embeddable":true,"href":"https:\/\/www.cmr-riduttori.it\/fr\/wp-json\/wp\/v2\/comments?post=8"}],"version-history":[{"count":15,"href":"https:\/\/www.cmr-riduttori.it\/fr\/wp-json\/wp\/v2\/pages\/8\/revisions"}],"predecessor-version":[{"id":819,"href":"https:\/\/www.cmr-riduttori.it\/fr\/wp-json\/wp\/v2\/pages\/8\/revisions\/819"}],"wp:attachment":[{"href":"https:\/\/www.cmr-riduttori.it\/fr\/wp-json\/wp\/v2\/media?parent=8"}],"curies":[{"name":"wp","href":"https:\/\/api.w.org\/{rel}","templated":true}]}}